{"id":3602,"date":"2024-09-23T15:58:19","date_gmt":"2024-09-23T15:58:19","guid":{"rendered":"https:\/\/test.bekonomike.com\/%d0%b7%d0%b0-%d0%b1%d0%b0%d0%bd%d0%ba%d1%83\/"},"modified":"2025-10-06T13:00:57","modified_gmt":"2025-10-06T13:00:57","slug":"za-banku","status":"publish","type":"page","link":"https:\/\/test.bekonomike.com\/sr\/za-banku\/","title":{"rendered":"Za banku"},"content":{"rendered":"<p class=\"\" data-start=\"63\" data-end=\"300\"><strong data-start=\"63\" data-end=\"82\">Banka Ekonomike<\/strong> je licencirana 28.05.2001. godine, dok je sa radom po\u010dela po\u010detkom juna iste godine. Od trenutka licenciranja, Banka Ekonomike je do\u017eivela zna\u010dajne promene u svim aspektima razvoja kao banka sa 100% doma\u0107im kapitalom.<\/p>\n<p class=\"\" data-start=\"302\" data-end=\"832\">Tokom 24 godine, Banka Ekonomike je igrala veoma va\u017enu ulogu u ekonomskom razvoju i pobolj\u0161anju \u017eivotnog standarda na\u0161ih gra\u0111ana. Tokom dve decenije poslovanja, kroz kreditne proizvode finansirali smo potrebe na\u0161ih klijenata, kao i pru\u017eili usluge hiljadama klijenata sa bankarskim proizvodima i uslugama. Kako bismo bili \u0161to dostupniji klijentima i pratili zahteve tr\u017ei\u0161ta, Banka Ekonomike posve\u0107uje poseban fokus unapre\u0111enju distribucionih kanala, odnosno mre\u017ei filijala, pozivnom centru, bankomatima (ATM), i brizi o klijentima.<\/p>\n<p class=\"\" data-start=\"834\" data-end=\"1084\">Banka Ekonomike ima postepeno razvijenu i raspore\u0111enu mre\u017eu \u0161irom teritorije Kosova. Trenutno, Banka Ekonomike ima 36 bankarskih jedinica, od kojih se 7 nalazi u glavnim centrima Kosova, dok 29 podfilijale funkcioni\u0161u u manjim regionalnim jedinicama.<\/p>\n<p class=\"\" data-start=\"1086\" data-end=\"1405\">Kao banka sa 100% doma\u0107im kapitalom, tokom na\u0161eg 24-godi\u0161njeg puta, bili smo veoma posve\u0107eni i dru\u0161tvenoj odgovornosti, a ova uloga \u0107e biti jo\u0161 aktivnija u budu\u0107nosti, kroz podr\u0161ku kulturi, sportu, zdravstvu, obrazovanju, marginalizovanim kategorijama i inicijativama koje direktno uti\u010du na dru\u0161tveni razvoj i dobrobit.<\/p>\n","protected":false},"excerpt":{"rendered":"<p>Banka Ekonomike je licencirana 28.05.2001. godine, dok je sa radom po\u010dela po\u010detkom juna iste godine. Od trenutka licenciranja, Banka Ekonomike je do\u017eivela zna\u010dajne promene u svim aspektima razvoja kao banka sa 100% doma\u0107im kapitalom. Tokom 24 godine, Banka Ekonomike je igrala veoma va\u017enu ulogu u ekonomskom razvoju i pobolj\u0161anju \u017eivotnog standarda na\u0161ih gra\u0111ana. Tokom dve [&hellip;]<\/p>\n","protected":false},"author":1,"featured_media":3606,"parent":0,"menu_order":0,"comment_status":"closed","ping_status":"closed","template":"Per_banken.php","meta":{"_acf_changed":false,"footnotes":""},"class_list":["post-3602","page","type-page","status-publish","has-post-thumbnail","hentry"],"acf":[],"_links":{"self":[{"href":"https:\/\/test.bekonomike.com\/sr\/wp-json\/wp\/v2\/pages\/3602","targetHints":{"allow":["GET"]}}],"collection":[{"href":"https:\/\/test.bekonomike.com\/sr\/wp-json\/wp\/v2\/pages"}],"about":[{"href":"https:\/\/test.bekonomike.com\/sr\/wp-json\/wp\/v2\/types\/page"}],"author":[{"embeddable":true,"href":"https:\/\/test.bekonomike.com\/sr\/wp-json\/wp\/v2\/users\/1"}],"replies":[{"embeddable":true,"href":"https:\/\/test.bekonomike.com\/sr\/wp-json\/wp\/v2\/comments?post=3602"}],"version-history":[{"count":8,"href":"https:\/\/test.bekonomike.com\/sr\/wp-json\/wp\/v2\/pages\/3602\/revisions"}],"predecessor-version":[{"id":8419,"href":"https:\/\/test.bekonomike.com\/sr\/wp-json\/wp\/v2\/pages\/3602\/revisions\/8419"}],"wp:featuredmedia":[{"embeddable":true,"href":"https:\/\/test.bekonomike.com\/sr\/wp-json\/wp\/v2\/media\/3606"}],"wp:attachment":[{"href":"https:\/\/test.bekonomike.com\/sr\/wp-json\/wp\/v2\/media?parent=3602"}],"curies":[{"name":"wp","href":"https:\/\/api.w.org\/{rel}","templated":true}]}}