{"id":3633,"date":"2024-09-24T09:02:52","date_gmt":"2024-09-24T09:02:52","guid":{"rendered":"https:\/\/test.bekonomike.com\/lizing\/"},"modified":"2025-05-02T13:33:10","modified_gmt":"2025-05-02T13:33:10","slug":"zakup","status":"publish","type":"page","link":"https:\/\/test.bekonomike.com\/sr\/zakup\/","title":{"rendered":"Zakup"},"content":{"rendered":"<p><strong>Pored ostalih kreditnih proizvoda, Banka Ekonomike nudi mogu\u0107nost finansiranja putem lizinga za slede\u0107e kategorije:<\/strong><\/p>\n<ul>\n<li>Vozila<\/li>\n<li>Nepokretnosti<\/li>\n<li>Oprema \/ Ma\u0161ine<\/li>\n<\/ul>\n<p><strong>Ispunjavaju\u0107i potrebe na\u0161ih klijenata, bilo da su:<\/strong><\/p>\n<ul>\n<li>Fizi\u010dka lica<\/li>\n<li>Preduze\u0107a (MSP)<\/li>\n<li>Korporacije (velika preduze\u0107a)<\/li>\n<\/ul>\n<h3>Op\u0161te informacije<\/h3>\n<p>Lizing je jedna od vrsta finansijskih usluga, \u010diji je koncept iznajmljivanje sredstva do kona\u010dne uplate.<br \/>\nOvaj proces se de\u0161ava kada lizingodavac finansira lizingoprimca finansijskim sredstvima za kupovinu sredstva<br \/>\nkoje ostaje u vlasni\u0161tvu lizingodavca do poslednje uplate od strane lizingoprimca, u skladu sa ugovorom izme\u0111u obe strane.<\/p>\n<p><strong>Banka Ekonomike nudi finansijski lizing koji uklju\u010duje tri strane:<\/strong><\/p>\n<ul>\n<li>Lizingodavac \u2013 Banka Ekonomike<\/li>\n<li>Lizingoprimac \u2013 Klijent koji prethodno ispunjava uslove<\/li>\n<li>Prodavac sredstva \u2013 Dobavlja\u010d od koga se sredstvo kupuje<\/li>\n<\/ul>\n<h3>Prednosti finansiranja putem Lizinga:<\/h3>\n<ul>\n<li>Finansiranje bez hipoteke i kolaterala<\/li>\n<li>Brzo odobrenje<\/li>\n<li>Konkurentna kamata na bankarskom tr\u017ei\u0161tu<\/li>\n<li>Nije potreban \u017eirant<\/li>\n<\/ul>\n","protected":false},"excerpt":{"rendered":"<p>Pored ostalih kreditnih proizvoda, Banka Ekonomike nudi mogu\u0107nost finansiranja putem lizinga za slede\u0107e kategorije: Vozila Nepokretnosti Oprema \/ Ma\u0161ine Ispunjavaju\u0107i potrebe na\u0161ih klijenata, bilo da su: Fizi\u010dka lica Preduze\u0107a (MSP) Korporacije (velika preduze\u0107a) Op\u0161te informacije Lizing je jedna od vrsta finansijskih usluga, \u010diji je koncept iznajmljivanje sredstva do kona\u010dne uplate. Ovaj proces se de\u0161ava kada [&hellip;]<\/p>\n","protected":false},"author":1,"featured_media":6529,"parent":0,"menu_order":0,"comment_status":"closed","ping_status":"closed","template":"parent-default-template-v2.php","meta":{"_acf_changed":false,"footnotes":""},"class_list":["post-3633","page","type-page","status-publish","has-post-thumbnail","hentry"],"acf":[],"_links":{"self":[{"href":"https:\/\/test.bekonomike.com\/sr\/wp-json\/wp\/v2\/pages\/3633","targetHints":{"allow":["GET"]}}],"collection":[{"href":"https:\/\/test.bekonomike.com\/sr\/wp-json\/wp\/v2\/pages"}],"about":[{"href":"https:\/\/test.bekonomike.com\/sr\/wp-json\/wp\/v2\/types\/page"}],"author":[{"embeddable":true,"href":"https:\/\/test.bekonomike.com\/sr\/wp-json\/wp\/v2\/users\/1"}],"replies":[{"embeddable":true,"href":"https:\/\/test.bekonomike.com\/sr\/wp-json\/wp\/v2\/comments?post=3633"}],"version-history":[{"count":8,"href":"https:\/\/test.bekonomike.com\/sr\/wp-json\/wp\/v2\/pages\/3633\/revisions"}],"predecessor-version":[{"id":5274,"href":"https:\/\/test.bekonomike.com\/sr\/wp-json\/wp\/v2\/pages\/3633\/revisions\/5274"}],"wp:featuredmedia":[{"embeddable":true,"href":"https:\/\/test.bekonomike.com\/sr\/wp-json\/wp\/v2\/media\/6529"}],"wp:attachment":[{"href":"https:\/\/test.bekonomike.com\/sr\/wp-json\/wp\/v2\/media?parent=3633"}],"curies":[{"name":"wp","href":"https:\/\/api.w.org\/{rel}","templated":true}]}}