{"id":3647,"date":"2024-09-24T09:03:15","date_gmt":"2024-09-24T09:03:15","guid":{"rendered":"https:\/\/test.bekonomike.com\/investimet\/"},"modified":"2025-05-05T09:08:51","modified_gmt":"2025-05-05T09:08:51","slug":"investicije-2","status":"publish","type":"page","link":"https:\/\/test.bekonomike.com\/sr\/investicije-2\/","title":{"rendered":"Investicije"},"content":{"rendered":"<h2>Banka Ekonomike omogu\u0107ava svojim klijentima trgovinu finansijskim instrumentima na vi\u0161e od 15 stranih berzi<\/h2>\n<p>Ovo uklju\u010duje najve\u0107e svetske berze kao \u0161to su Njujor\u0161ka berza, NASDAQ, Londonska berza, Frankfurtska berza, Tokijska berza i druge.<\/p>\n<p>Na svim ovim berzama, klijenti \u0107e mo\u0107i da investiraju u akcije i fondove koji se trguju na berzi (ETF).<\/p>\n<p>Investicije u akcije koje se trguju na svetskim berzama imaju visok potencijal prinosa; me\u0111utim, pre svake investicije treba biti svestan rizika koje nose finansijski instrumenti (pogledajte op\u0161te informacije o finansijskim instrumentima).<\/p>\n<h3>Kako investirati u ove finansijske instrumente:<\/h3>\n<ul>\n<li>Morate biti klijent Banke Ekonomike;<\/li>\n<li>Posetite najbli\u017eu filijalu da potpi\u0161ete ugovor o investiranju;<\/li>\n<li>Nakon potpisivanja ugovora mo\u017eete slati naloge za investicije banci;<\/li>\n<li>Svi nalozi za trgovanje mogu se slati putem e-maila: <a href=\"mailto:invest@bekonomike.com\">invest@bekonomike.com<\/a>, ili telefonom na brojeve navedene ispod;<\/li>\n<li>Klijenti \u0107e mo\u0107i da realizuju trgovine\/investicije na berzama svakog radnog dana.<\/li>\n<\/ul>\n<p>Za vi\u0161e informacija o investicionim uslugama, posetite najbli\u017eu filijalu banke ili pozovite +383 (0) 38 500 500, lok.193\/152.<\/p>\n<h3>Kalkulator<\/h3>\n<h4>Investicija u kupovinu akcija kompanije \u2018Apple Inc\u2019<\/h4>\n<p>Ako ste 05.11.2021. kupili 50 akcija kompanije Apple Inc. na Frankfurtskoj berzi, po ceni od 130 EUR po akciji, ukupni tro\u0161ak bi bio 6,530.00 EUR, uklju\u010duju\u0107i bankarsku transakcijsku naknadu od 30 EUR.<\/p>\n<h4>Prodaja istih akcija kupljenih 05.11.2021.<\/h4>\n<p>Ako odlu\u010dite da ih prodate 5 meseci kasnije, 05.04.2022, i cena po akciji poraste na 161 EUR, banka bi primenila transakcijsku naknadu od 30 EUR.<\/p>\n<p>Tokom tih 5 meseci ulo\u017eili ste 6,530 EUR, a nakon porasta cene po akciji, imali biste 8,020.00 EUR. Nakon prodaje, ostvarili biste profit od 1,490.00 EUR.<\/p>\n<p><a class=\"view-link view-link2\" href=\"https:\/\/test.bekonomike.com\/wp-content\/uploads\/2025\/03\/262173_Kalkulatori___Final.xlsx\" download=\"\">Pogledaj<\/a><\/p>\n<p>&nbsp;<\/p>\n\n<div class=\"wpcf7 no-js\" id=\"wpcf7-f4281-o1\" lang=\"sr-RS\" dir=\"ltr\" data-wpcf7-id=\"4281\">\n<div class=\"screen-reader-response\"><p role=\"status\" aria-live=\"polite\" aria-atomic=\"true\"><\/p> <ul><\/ul><\/div>\n<form action=\"\/sr\/wp-json\/wp\/v2\/pages\/3647#wpcf7-f4281-o1\" method=\"post\" class=\"wpcf7-form init cf7mls-no-scroll cf7mls-auto-return-first-step cf7mls-no-moving-animation\" aria-label=\"Contact form\" novalidate=\"novalidate\" data-status=\"init\">\n<fieldset class=\"hidden-fields-container\"><input type=\"hidden\" name=\"_wpcf7\" value=\"4281\" \/><input type=\"hidden\" name=\"_wpcf7_version\" value=\"6.1.5\" \/><input type=\"hidden\" name=\"_wpcf7_locale\" value=\"sr_RS\" \/><input type=\"hidden\" name=\"_wpcf7_unit_tag\" value=\"wpcf7-f4281-o1\" \/><input type=\"hidden\" name=\"_wpcf7_container_post\" value=\"0\" \/><input type=\"hidden\" name=\"_wpcf7_posted_data_hash\" value=\"\" \/><input type=\"hidden\" name=\"_wpcf7_recaptcha_response\" value=\"\" \/>\n<\/fieldset>\n<h3>Formular za prijavu\n<\/h3>\n<div class=\"row\">\n\t<div class=\"col-lg-6\">\n\t\t<div class=\"input\">\n\t\t\t<p><span class=\"wpcf7-form-control-wrap\" data-name=\"your-name\"><input size=\"40\" maxlength=\"400\" class=\"wpcf7-form-control wpcf7-text wpcf7-validates-as-required\" id=\"nameInput\" aria-required=\"true\" aria-invalid=\"false\" placeholder=\"Ime\" value=\"\" type=\"text\" name=\"your-name\" \/><\/span>\n\t\t\t<\/p>\n\t\t<\/div>\n\t<\/div>\n\t<div class=\"col-lg-6\">\n\t\t<div class=\"input\">\n\t\t\t<p><span class=\"wpcf7-form-control-wrap\" data-name=\"your-namee\"><input size=\"40\" maxlength=\"400\" class=\"wpcf7-form-control wpcf7-text wpcf7-validates-as-required\" id=\"surnameInput\" aria-required=\"true\" aria-invalid=\"false\" placeholder=\"Prezime\" value=\"\" type=\"text\" name=\"your-namee\" \/><\/span>\n\t\t\t<\/p>\n\t\t<\/div>\n\t<\/div>\n<\/div>\n<div class=\"row\">\n\t<div class=\"col-lg-6\">\n\t\t<div class=\"input\">\n\t\t\t<p><span class=\"wpcf7-form-control-wrap\" data-name=\"your-idnumber\"><input size=\"40\" maxlength=\"400\" class=\"wpcf7-form-control wpcf7-text wpcf7-validates-as-required\" id=\"idnumberInput\" aria-required=\"true\" aria-invalid=\"false\" placeholder=\"Broj li\u010dne karte\" value=\"\" type=\"text\" name=\"your-idnumber\" \/><\/span>\n\t\t\t<\/p>\n\t\t<\/div>\n\t<\/div>\n\t<div class=\"col-lg-6\">\n\t\t<div class=\"input\">\n\t\t\t<p><span class=\"wpcf7-form-control-wrap\" data-name=\"your-phone\"><input size=\"40\" maxlength=\"400\" class=\"wpcf7-form-control wpcf7-tel wpcf7-validates-as-required wpcf7-text wpcf7-validates-as-tel\" id=\"phoneInput\" aria-required=\"true\" aria-invalid=\"false\" placeholder=\"Broj telefona\" value=\"\" type=\"tel\" name=\"your-phone\" \/><\/span>\n\t\t\t<\/p>\n\t\t<\/div>\n\t<\/div>\n<\/div>\n<div class=\"row\">\n\t<div class=\"col-lg-6\">\n\t\t<div class=\"input\">\n\t\t\t<p><span class=\"wpcf7-form-control-wrap\" data-name=\"your-email\"><input size=\"40\" maxlength=\"400\" class=\"wpcf7-form-control wpcf7-email wpcf7-validates-as-required wpcf7-text wpcf7-validates-as-email\" id=\"emailInput\" aria-required=\"true\" aria-invalid=\"false\" placeholder=\"Email\" value=\"\" type=\"email\" name=\"your-email\" \/><\/span>\n\t\t\t<\/p>\n\t\t<\/div>\n\t<\/div>\n\t<div class=\"col-lg-6\">\n\t\t<div class=\"input\">\n\t\t\t<p><span class=\"wpcf7-form-control-wrap\" data-name=\"your-city\"><select class=\"wpcf7-form-control wpcf7-select wpcf7-validates-as-required select-dynamic\" aria-required=\"true\" aria-invalid=\"false\" name=\"your-city\"><option value=\"Grad\">Grad<\/option><option value=\"Pri\u0161tina\">Pri\u0161tina<\/option><option value=\"Pe\u0107\">Pe\u0107<\/option><option value=\"Prizren\">Prizren<\/option><option value=\"Gnjilane\">Gnjilane<\/option><option value=\"Uro\u0161evac\">Uro\u0161evac<\/option><option value=\"\u0110akovica\">\u0110akovica<\/option><option value=\"Mitrovica\">Mitrovica<\/option><\/select><\/span>\n\t\t\t<\/p>\n\t\t<\/div>\n\t<\/div>\n<\/div>\n<p><span class=\"wpcf7-form-control-wrap\" data-name=\"acceptance-602\"><span class=\"wpcf7-form-control wpcf7-acceptance\"><span class=\"wpcf7-list-item\"><label><input type=\"checkbox\" name=\"acceptance-602\" value=\"1\" aria-invalid=\"false\" \/><span class=\"wpcf7-list-item-label\">Prijavljivanjem putem ove internet stranice, potvr\u0111ujem da su moji podaci ta\u010dni i potpuni i sla\u017eem se i prihvatam op\u0161te uslove poslovanja Banke Ekonomike u celini, kao i listu cena i odgovaraju\u0107e tarife.<br\/><br\/>Li\u010dni podaci \u0107e se obra\u0111ivati u skladu sa Zakonom br. 06\/L-082 o za\u0161titi li\u010dnih podataka, a gore navedeni podaci \u0107e se obra\u0111ivati samo u svrhu prijave u vezi sa ulaganjem u akcije na me\u0111unarodnim berzama akcija.<\/span><\/label><\/span><\/span><\/span><br \/>\n<span class=\"wpcf7-form-control-wrap recaptcha\" data-name=\"recaptcha\"><span data-sitekey=\"6Lemu4MqAAAAAHllkd8shSRl5NRCDuiPd6yW6wYz\" class=\"wpcf7-form-control wpcf7-recaptcha g-recaptcha\"><\/span>\r\n<noscript>\r\n\t<div class=\"grecaptcha-noscript\">\r\n\t\t<iframe loading=\"lazy\" src=\"https:\/\/www.google.com\/recaptcha\/api\/fallback?k=6Lemu4MqAAAAAHllkd8shSRl5NRCDuiPd6yW6wYz\" frameborder=\"0\" scrolling=\"no\" width=\"310\" height=\"430\">\r\n\t\t<\/iframe>\r\n\t\t<textarea name=\"g-recaptcha-response\" rows=\"3\" cols=\"40\" placeholder=\"reCaptcha Response Here\">\r\n\t\t<\/textarea>\r\n\t<\/div>\r\n<\/noscript>\r\n<\/span>\n<\/p>\n<div class=\"col-lg-4\">\n\t<p><input class=\"wpcf7-form-control wpcf7-submit has-spinner\" id=\"submit\" type=\"submit\" value=\"Po\u0161alji\" \/>\n\t<\/p>\n<\/div><p style=\"display: none !important;\" class=\"akismet-fields-container\" data-prefix=\"_wpcf7_ak_\"><label>&#916;<textarea name=\"_wpcf7_ak_hp_textarea\" cols=\"45\" rows=\"8\" maxlength=\"100\"><\/textarea><\/label><input type=\"hidden\" id=\"ak_js_1\" name=\"_wpcf7_ak_js\" value=\"185\"\/><script>document.getElementById( \"ak_js_1\" ).setAttribute( \"value\", ( new Date() ).getTime() );<\/script><\/p><div class=\"wpcf7-response-output\" aria-hidden=\"true\"><\/div>\n<\/form>\n<\/div>\n\n","protected":false},"excerpt":{"rendered":"<p>Banka Ekonomike omogu\u0107ava svojim klijentima trgovinu finansijskim instrumentima na vi\u0161e od 15 stranih berzi Ovo uklju\u010duje najve\u0107e svetske berze kao \u0161to su Njujor\u0161ka berza, NASDAQ, Londonska berza, Frankfurtska berza, Tokijska berza i druge. Na svim ovim berzama, klijenti \u0107e mo\u0107i da investiraju u akcije i fondove koji se trguju na berzi (ETF). Investicije u akcije [&hellip;]<\/p>\n","protected":false},"author":1,"featured_media":3648,"parent":0,"menu_order":0,"comment_status":"closed","ping_status":"closed","template":"content-template.php","meta":{"_acf_changed":false,"footnotes":""},"class_list":["post-3647","page","type-page","status-publish","has-post-thumbnail","hentry"],"acf":[],"_links":{"self":[{"href":"https:\/\/test.bekonomike.com\/sr\/wp-json\/wp\/v2\/pages\/3647","targetHints":{"allow":["GET"]}}],"collection":[{"href":"https:\/\/test.bekonomike.com\/sr\/wp-json\/wp\/v2\/pages"}],"about":[{"href":"https:\/\/test.bekonomike.com\/sr\/wp-json\/wp\/v2\/types\/page"}],"author":[{"embeddable":true,"href":"https:\/\/test.bekonomike.com\/sr\/wp-json\/wp\/v2\/users\/1"}],"replies":[{"embeddable":true,"href":"https:\/\/test.bekonomike.com\/sr\/wp-json\/wp\/v2\/comments?post=3647"}],"version-history":[{"count":4,"href":"https:\/\/test.bekonomike.com\/sr\/wp-json\/wp\/v2\/pages\/3647\/revisions"}],"predecessor-version":[{"id":5365,"href":"https:\/\/test.bekonomike.com\/sr\/wp-json\/wp\/v2\/pages\/3647\/revisions\/5365"}],"wp:featuredmedia":[{"embeddable":true,"href":"https:\/\/test.bekonomike.com\/sr\/wp-json\/wp\/v2\/media\/3648"}],"wp:attachment":[{"href":"https:\/\/test.bekonomike.com\/sr\/wp-json\/wp\/v2\/media?parent=3647"}],"curies":[{"name":"wp","href":"https:\/\/api.w.org\/{rel}","templated":true}]}}