{"id":3882,"date":"2024-11-08T11:58:34","date_gmt":"2024-11-08T11:58:34","guid":{"rendered":"https:\/\/test.bekonomike.com\/mastercard-flexi-visa-classic-visa-gold\/"},"modified":"2025-04-29T12:56:05","modified_gmt":"2025-04-29T12:56:05","slug":"debite-kartice","status":"publish","type":"page","link":"https:\/\/test.bekonomike.com\/sr\/biznisi\/kreditna-kartica\/debite-kartice\/","title":{"rendered":"Debite Kartice"},"content":{"rendered":"<p><strong>Maestro dhe Master Card<\/strong><\/p>\n<p><strong>MasterCard Debit je debit kartica koja se direktno povezuje sa va\u0161im teku\u0107im ra\u010dunom, pru\u017eaju\u0107i lak na\u010din pristupanja va\u0161em ra\u010dunu, u bilo koje vreme i kad god vam je potrebno.\u00a0<\/strong><\/p>\n<p>&nbsp;<\/p>\n<p>Ako vam je potrebna gotovina, vi mo\u017eete povla\u010diti novac u svakom bankomatu (ATM) Banka Ekonomike, ili u svakom drugom bankomatu (ATM) gde je prikazan logo MasterCard, na Kosovu i \u0161irom sveta.<\/p>\n<p>&nbsp;<\/p>\n<p>MasterCard Debit kartica tako\u0111e je pogodna za kupovinu u svakoj prodajnoj ta\u010dci (POS terminalu) na Kosovu i u milionima prodajnih ta\u010daka bilo gde u svetu, u prodavnicama, supermarketima, restoranima, turisti\u010dkim agencijama i benzinskim pumpama i bilo gde, gde je prikazan logo MasterCard. MasterCard Debit kartica mo\u017ee se koristiti i za kupovinu na internetu.<\/p>\n<p>&nbsp;<\/p>\n<p>MasterCard Debit vam pru\u017ea, vama kao nosiocu kartice potpunu kontrolu tro\u0161kova. Svaki postupak koji izvr\u0161ite karticom se odra\u017eava na stanje va\u0161eg ra\u010duna, omogu\u0107avaju\u0107i vam tako proveru svake transakcije.<\/p>\n<p><strong>\u00a0<\/strong><\/p>\n<p><strong>Uputstva za kori\u0161\u0107enje kartica na internetu <\/strong><\/p>\n<ul>\n<li>\u2022 Da biste obavili kupovinu na internetu, prvo treba da izaberete vrstu kartice<\/li>\n<li><\/li>\n<li>\u2022 Zatim treba da unesete \u00a0broj kartice, ime nosioca kartice, i datum steka kartice<\/li>\n<li><\/li>\n<li>\u2022 I na kraju treba uneti trocifreni kod CVC (za MasterCard kartice) ili CVV2 (za kartice Visa), koji se nalazi na pole\u0111ini kartice<\/li>\n<\/ul>\n<p>(Za kupovinu na internetu PIN kod se nikada ne otkuca. PIN kod se koristi samo za kupovinu u prodajnim mestima (POS terminalima) i za povla\u010denje novca iz bankomata)<br \/>\nDa biste se opremili ovim karticama, treba da imate otvoreni ra\u010dun u Banka Ekonomike.<\/p>\n<p><strong>\u00a0<\/strong><\/p>\n<p><strong>Uputstva za kori\u0161\u0107enje kartica <\/strong><\/p>\n<ul>\n<li>\u2022\u00a0 Stavite karticu u Bankomat (ATM) a zatim izaberite po\u017eeljni jezik (albanski ili engleski)<\/li>\n<li><\/li>\n<li>\u2022\u00a0 Nakon \u0161to ste izabrali po\u017eeljni jezik, otkucajte kod kartice (PIN).<\/li>\n<li><\/li>\n<li>\u2022\u00a0 Nakon \u0161to ste otkucali kod kartice (PIN), izaberite opciju aktivnost koju \u017eelite da izvr\u0161ite (povla\u010denje novca, bilans stanja ra\u010duna, itd).<\/li>\n<li><\/li>\n<li>\u2022\u00a0 Bankomat (ATM) uvek pokazuje po\u017eeljni izbor, s toga jednostavno pratite uputstva na ekranu.<\/li>\n<\/ul>\n<p><strong>\u00a0<\/strong><\/p>\n<p><strong>Uputstva za kori\u0161\u0107enje kartica na prodajnim mestima (POS terminalima) <\/strong><\/p>\n<ul>\n<li>\u2022\u00a0 Za obavljanje kupovine na jednom prodajnom mestu (POS terminalu) treba jednostavno provu\u010di karticu na terminalu (vi ili trgovac).<\/li>\n<li><\/li>\n<li>\u2022\u00a0 Potom treba da otkucate kod kartice (PIN).<\/li>\n<li><\/li>\n<li>\u2022\u00a0 Nakon \u0161to ste provukli karticu na prodajnom mestu (POS terminalu), transakcija se vr\u0161i uspe\u0161no, i prodavac treba da vam da ra\u010dun da ga potpi\u0161ete, koji zadr\u017eava trgovac, i jo\u0161 jedan ra\u010dun koji treba da zadr\u017eite vi.<\/li>\n<\/ul>\n","protected":false},"excerpt":{"rendered":"<p>Maestro dhe Master Card MasterCard Debit je debit kartica koja se direktno povezuje sa va\u0161im teku\u0107im ra\u010dunom, pru\u017eaju\u0107i lak na\u010din pristupanja va\u0161em ra\u010dunu, u bilo koje vreme i kad god vam je potrebno.\u00a0 &nbsp; Ako vam je potrebna gotovina, vi mo\u017eete povla\u010diti novac u svakom bankomatu (ATM) Banka Ekonomike, ili u svakom drugom bankomatu (ATM) [&hellip;]<\/p>\n","protected":false},"author":1,"featured_media":0,"parent":4428,"menu_order":0,"comment_status":"closed","ping_status":"closed","template":"grandchild-default-template-blog.php","meta":{"_acf_changed":false,"footnotes":""},"class_list":["post-3882","page","type-page","status-publish","hentry"],"acf":[],"_links":{"self":[{"href":"https:\/\/test.bekonomike.com\/sr\/wp-json\/wp\/v2\/pages\/3882","targetHints":{"allow":["GET"]}}],"collection":[{"href":"https:\/\/test.bekonomike.com\/sr\/wp-json\/wp\/v2\/pages"}],"about":[{"href":"https:\/\/test.bekonomike.com\/sr\/wp-json\/wp\/v2\/types\/page"}],"author":[{"embeddable":true,"href":"https:\/\/test.bekonomike.com\/sr\/wp-json\/wp\/v2\/users\/1"}],"replies":[{"embeddable":true,"href":"https:\/\/test.bekonomike.com\/sr\/wp-json\/wp\/v2\/comments?post=3882"}],"version-history":[{"count":1,"href":"https:\/\/test.bekonomike.com\/sr\/wp-json\/wp\/v2\/pages\/3882\/revisions"}],"predecessor-version":[{"id":4184,"href":"https:\/\/test.bekonomike.com\/sr\/wp-json\/wp\/v2\/pages\/3882\/revisions\/4184"}],"up":[{"embeddable":true,"href":"https:\/\/test.bekonomike.com\/sr\/wp-json\/wp\/v2\/pages\/4428"}],"wp:attachment":[{"href":"https:\/\/test.bekonomike.com\/sr\/wp-json\/wp\/v2\/media?parent=3882"}],"curies":[{"name":"wp","href":"https:\/\/api.w.org\/{rel}","templated":true}]}}