{"id":4013,"date":"2024-10-15T09:40:17","date_gmt":"2024-10-15T09:40:17","guid":{"rendered":"https:\/\/test.bekonomike.com\/llogari-rrjedhese\/"},"modified":"2025-04-28T13:02:19","modified_gmt":"2025-04-28T13:02:19","slug":"tekuci-racuni","status":"publish","type":"page","link":"https:\/\/test.bekonomike.com\/sr\/biznisi\/nalog\/tekuci-racuni\/","title":{"rendered":"Teku\u0107i ra\u010duni"},"content":{"rendered":"<p><strong>To je osnovni ra\u010dun i klju\u010d za olak\u0161ice koje mo\u017eete iskoristiti od bankarskih proizvoda i usluga pru\u017eenih od strane Banka Ekonomike.<\/strong><\/p>\n<p><strong>\u00a0<\/strong><\/p>\n<p>Mo\u017eete otvoriti teku\u0107i ra\u010dun u \u010detiri razli\u010dite valute: EURO, USD, CHF i GBP.<\/p>\n<p>&nbsp;<\/p>\n<p>Otvaranje teku\u0107eg ra\u010duna je besplatno, gde mo\u017eete:<\/p>\n<ul>\n<li>Izvr\u0161iti deponovanje i povla\u010denje svojih sredstava<\/li>\n<li>Izvr\u0161iti razli\u010dita pla\u0107anja u banci, unutar bankarskog sistema na Kosovu i inostranstvu<\/li>\n<li>Izvr\u0161iti pla\u0107anje faktura<\/li>\n<li>Da primite sredstva<\/li>\n<li>Da primite platu<\/li>\n<\/ul>\n<p>&nbsp;<\/p>\n<p>Koristite Debit i Flexi kreditne kartice za povla\u010denje novca ili da izvr\u0161ite pla\u0107anja u POS terminalima.<\/p>\n<p>&nbsp;<\/p>\n<p>Dozvoljeno prekora\u010denje do 200% plate<\/p>\n<p>&nbsp;<\/p>\n<p>Va\u0161 teku\u0107i ra\u010dun vam tako\u0111e pru\u017ea i druge usluge kao \u0161to su:<\/p>\n<ul>\n<li>E-Banking<\/li>\n<li>Sms Banking<\/li>\n<li>Automatski nalozi<\/li>\n<li>Direktni debi<\/li>\n<\/ul>\n","protected":false},"excerpt":{"rendered":"<p>To je osnovni ra\u010dun i klju\u010d za olak\u0161ice koje mo\u017eete iskoristiti od bankarskih proizvoda i usluga pru\u017eenih od strane Banka Ekonomike. \u00a0 Mo\u017eete otvoriti teku\u0107i ra\u010dun u \u010detiri razli\u010dite valute: EURO, USD, CHF i GBP. &nbsp; Otvaranje teku\u0107eg ra\u010duna je besplatno, gde mo\u017eete: Izvr\u0161iti deponovanje i povla\u010denje svojih sredstava Izvr\u0161iti razli\u010dita pla\u0107anja u banci, unutar [&hellip;]<\/p>\n","protected":false},"author":1,"featured_media":6599,"parent":4502,"menu_order":0,"comment_status":"closed","ping_status":"closed","template":"grandchild-default-template-calculator.php","meta":{"_acf_changed":false,"footnotes":""},"class_list":["post-4013","page","type-page","status-publish","has-post-thumbnail","hentry"],"acf":[],"_links":{"self":[{"href":"https:\/\/test.bekonomike.com\/sr\/wp-json\/wp\/v2\/pages\/4013","targetHints":{"allow":["GET"]}}],"collection":[{"href":"https:\/\/test.bekonomike.com\/sr\/wp-json\/wp\/v2\/pages"}],"about":[{"href":"https:\/\/test.bekonomike.com\/sr\/wp-json\/wp\/v2\/types\/page"}],"author":[{"embeddable":true,"href":"https:\/\/test.bekonomike.com\/sr\/wp-json\/wp\/v2\/users\/1"}],"replies":[{"embeddable":true,"href":"https:\/\/test.bekonomike.com\/sr\/wp-json\/wp\/v2\/comments?post=4013"}],"version-history":[{"count":2,"href":"https:\/\/test.bekonomike.com\/sr\/wp-json\/wp\/v2\/pages\/4013\/revisions"}],"predecessor-version":[{"id":4026,"href":"https:\/\/test.bekonomike.com\/sr\/wp-json\/wp\/v2\/pages\/4013\/revisions\/4026"}],"up":[{"embeddable":true,"href":"https:\/\/test.bekonomike.com\/sr\/wp-json\/wp\/v2\/pages\/4502"}],"wp:featuredmedia":[{"embeddable":true,"href":"https:\/\/test.bekonomike.com\/sr\/wp-json\/wp\/v2\/media\/6599"}],"wp:attachment":[{"href":"https:\/\/test.bekonomike.com\/sr\/wp-json\/wp\/v2\/media?parent=4013"}],"curies":[{"name":"wp","href":"https:\/\/api.w.org\/{rel}","templated":true}]}}