{"id":4031,"date":"2024-10-14T13:23:15","date_gmt":"2024-10-14T13:23:15","guid":{"rendered":"https:\/\/test.bekonomike.com\/llogari-kursimi\/"},"modified":"2025-04-28T13:07:57","modified_gmt":"2025-04-28T13:07:57","slug":"stedni-racun","status":"publish","type":"page","link":"https:\/\/test.bekonomike.com\/sr\/investicije\/nalog\/stedni-racun\/","title":{"rendered":"\u0160tedni Ra\u010dun"},"content":{"rendered":"<p><strong>\u0160tedni Ra\u010dun<\/strong><\/p>\n<p><strong>\u00a0<\/strong><\/p>\n<p><strong>\u0160tedni ra\u010dun poma\u017ee vam da \u0161tedite i da istovremeno imate raspolo\u017eiva sredstva, i pru\u017ea vam mogu\u0107nost da:<\/strong><\/p>\n<p>&nbsp;<\/p>\n<ul>\n<li>\u0160tedite novac u evro valuti<\/li>\n<li>Da ulo\u017eite i povla\u010dite novac u bilo koje vreme u toku radnog vremena bez upozorenja<\/li>\n<li>Ostvarite atraktivne kamatne stope<\/li>\n<li>Redovno \u0161tedite odre\u0111enu koli\u010dinu novca putem automatskog naloga bez potrebe da dolazite u banci<\/li>\n<\/ul>\n<p>&nbsp;<\/p>\n<p>Dok istovremeno:<\/p>\n<p>&nbsp;<\/p>\n<ul>\n<li>Ne postoje provizije za otvaranje, zatvaranje ili odr\u017eavanje ra\u010duna \u0161tednje<\/li>\n<li>Ne zahteva se nikakav minimalni saldo<\/li>\n<\/ul>\n","protected":false},"excerpt":{"rendered":"<p>\u0160tedni Ra\u010dun \u00a0 \u0160tedni ra\u010dun poma\u017ee vam da \u0161tedite i da istovremeno imate raspolo\u017eiva sredstva, i pru\u017ea vam mogu\u0107nost da: &nbsp; \u0160tedite novac u evro valuti Da ulo\u017eite i povla\u010dite novac u bilo koje vreme u toku radnog vremena bez upozorenja Ostvarite atraktivne kamatne stope Redovno \u0161tedite odre\u0111enu koli\u010dinu novca putem automatskog naloga bez potrebe [&hellip;]<\/p>\n","protected":false},"author":1,"featured_media":6532,"parent":4611,"menu_order":0,"comment_status":"closed","ping_status":"closed","template":"grandchild-default-template-v1.php","meta":{"_acf_changed":false,"footnotes":""},"class_list":["post-4031","page","type-page","status-publish","has-post-thumbnail","hentry"],"acf":[],"_links":{"self":[{"href":"https:\/\/test.bekonomike.com\/sr\/wp-json\/wp\/v2\/pages\/4031","targetHints":{"allow":["GET"]}}],"collection":[{"href":"https:\/\/test.bekonomike.com\/sr\/wp-json\/wp\/v2\/pages"}],"about":[{"href":"https:\/\/test.bekonomike.com\/sr\/wp-json\/wp\/v2\/types\/page"}],"author":[{"embeddable":true,"href":"https:\/\/test.bekonomike.com\/sr\/wp-json\/wp\/v2\/users\/1"}],"replies":[{"embeddable":true,"href":"https:\/\/test.bekonomike.com\/sr\/wp-json\/wp\/v2\/comments?post=4031"}],"version-history":[{"count":2,"href":"https:\/\/test.bekonomike.com\/sr\/wp-json\/wp\/v2\/pages\/4031\/revisions"}],"predecessor-version":[{"id":4033,"href":"https:\/\/test.bekonomike.com\/sr\/wp-json\/wp\/v2\/pages\/4031\/revisions\/4033"}],"up":[{"embeddable":true,"href":"https:\/\/test.bekonomike.com\/sr\/wp-json\/wp\/v2\/pages\/4611"}],"wp:featuredmedia":[{"embeddable":true,"href":"https:\/\/test.bekonomike.com\/sr\/wp-json\/wp\/v2\/media\/6532"}],"wp:attachment":[{"href":"https:\/\/test.bekonomike.com\/sr\/wp-json\/wp\/v2\/media?parent=4031"}],"curies":[{"name":"wp","href":"https:\/\/api.w.org\/{rel}","templated":true}]}}