{"id":4035,"date":"2024-11-07T09:53:25","date_gmt":"2024-11-07T09:53:25","guid":{"rendered":"https:\/\/test.bekonomike.com\/kids-savings-account\/"},"modified":"2025-04-28T13:10:00","modified_gmt":"2025-04-28T13:10:00","slug":"stedni-racun-za-decu","status":"publish","type":"page","link":"https:\/\/test.bekonomike.com\/sr\/investicije\/nalog\/stedni-racun-za-decu\/","title":{"rendered":"\u0160tedni ra\u010dun za decu"},"content":{"rendered":"<p><strong>\u0160tedni ra\u010dun za decu pru\u017ea vam mogu\u0107nost za bolju budu\u0107nost va\u0161e dece kroz \u0161tedni ra\u010dun za decu \u201cFATOSAT\u201c.<\/strong><\/p>\n<p>&nbsp;<\/p>\n<p>Vi kao roditelj mo\u017eete otvoriti poseban \u0161tedni ra\u010dun FATOSAT za va\u0161e dete za vreme dok je va\u0161e dete mla\u0111e od 18 godina, i mo\u017eete pridobiti:<\/p>\n<p>&nbsp;<\/p>\n<ul>\n<li>Besplatno ulaganje novca u bilo koje vreme i bilo koji iznos na ra\u010dun va\u0161eg deteta<\/li>\n<li>Mogu\u0107nosti \u0161tednje na ra\u010dunu va\u0161eg deteta svakog meseca putem besplatnog automatskog naloga<\/li>\n<li>Mogu\u0107nost besplatnog povla\u010denja va\u0161ih sredstava<\/li>\n<li>Dodatne beneficije svakog meseca od veoma povoljne kamate<\/li>\n<li>Sigurnost va\u0161ih sredstava<\/li>\n<li>Atraktivne poklone za decu<\/li>\n<\/ul>\n<p>&nbsp;<\/p>\n<p>Uslovi za otvaranje ra\u010duna:<\/p>\n<p>&nbsp;<\/p>\n<ul>\n<li>Izvod ro\u0111enja deteta<\/li>\n<li>Li\u010dna karta roditelja<\/li>\n<li>Besplatno otvaranje ra\u010duna<\/li>\n<\/ul>\n<p>&nbsp;<\/p>\n<p>Razmislite o budu\u0107nosti va\u0161eg deteta, po\u010dnite da \u0161tedite od sad, da biste sutra imali osnovicu sredstava za usmeravanje va\u0161eg deteta prema obrazovanju i ciljevima za budu\u0107nost.<\/p>\n<p><strong>\u00a0<\/strong><\/p>\n","protected":false},"excerpt":{"rendered":"<p>\u0160tedni ra\u010dun za decu pru\u017ea vam mogu\u0107nost za bolju budu\u0107nost va\u0161e dece kroz \u0161tedni ra\u010dun za decu \u201cFATOSAT\u201c. &nbsp; Vi kao roditelj mo\u017eete otvoriti poseban \u0161tedni ra\u010dun FATOSAT za va\u0161e dete za vreme dok je va\u0161e dete mla\u0111e od 18 godina, i mo\u017eete pridobiti: &nbsp; Besplatno ulaganje novca u bilo koje vreme i bilo koji [&hellip;]<\/p>\n","protected":false},"author":1,"featured_media":0,"parent":4611,"menu_order":0,"comment_status":"closed","ping_status":"closed","template":"grandchild-default-template-blog.php","meta":{"_acf_changed":false,"footnotes":""},"class_list":["post-4035","page","type-page","status-publish","hentry"],"acf":[],"_links":{"self":[{"href":"https:\/\/test.bekonomike.com\/sr\/wp-json\/wp\/v2\/pages\/4035","targetHints":{"allow":["GET"]}}],"collection":[{"href":"https:\/\/test.bekonomike.com\/sr\/wp-json\/wp\/v2\/pages"}],"about":[{"href":"https:\/\/test.bekonomike.com\/sr\/wp-json\/wp\/v2\/types\/page"}],"author":[{"embeddable":true,"href":"https:\/\/test.bekonomike.com\/sr\/wp-json\/wp\/v2\/users\/1"}],"replies":[{"embeddable":true,"href":"https:\/\/test.bekonomike.com\/sr\/wp-json\/wp\/v2\/comments?post=4035"}],"version-history":[{"count":2,"href":"https:\/\/test.bekonomike.com\/sr\/wp-json\/wp\/v2\/pages\/4035\/revisions"}],"predecessor-version":[{"id":4037,"href":"https:\/\/test.bekonomike.com\/sr\/wp-json\/wp\/v2\/pages\/4035\/revisions\/4037"}],"up":[{"embeddable":true,"href":"https:\/\/test.bekonomike.com\/sr\/wp-json\/wp\/v2\/pages\/4611"}],"wp:attachment":[{"href":"https:\/\/test.bekonomike.com\/sr\/wp-json\/wp\/v2\/media?parent=4035"}],"curies":[{"name":"wp","href":"https:\/\/api.w.org\/{rel}","templated":true}]}}