{"id":4040,"date":"2024-11-07T09:53:55","date_gmt":"2024-11-07T09:53:55","guid":{"rendered":"https:\/\/test.bekonomike.com\/flexi-depozita\/"},"modified":"2025-04-28T13:13:31","modified_gmt":"2025-04-28T13:13:31","slug":"fleksi-depozit","status":"publish","type":"page","link":"https:\/\/test.bekonomike.com\/sr\/investicije\/nalog\/fleksi-depozit\/","title":{"rendered":"Fleksi Depozit"},"content":{"rendered":"<p><strong>Za razliku od \u0161tednog ra\u010duna, Fleksi depozit se nudi samo fizi\u010dkim licima\/pojedincima.<\/strong><\/p>\n<p>&nbsp;<\/p>\n<p>Kakve koristi mo\u017eete imati od ra\u010duna Fleksi depozit?<\/p>\n<p>&nbsp;<\/p>\n<ul>\n<li>\u0160tednju u EVRO valuti<\/li>\n<li>\u0160tedite novac u iznosu preko 500.00 evra<\/li>\n<li>Izvr\u0161ite depozit novca u svako vreme<\/li>\n<li>Jedno besplatno povla\u010denje u roku od mesec dana<\/li>\n<li>Veoma povoljna kamata<\/li>\n<li>Ostvarite kamatu za svaki mesec<\/li>\n<li>\u0160tedeti redovno odre\u0111enu koli\u010dinu novca putem automatskog naloga, bez potrebe da dolazite u banku<\/li>\n<li>Sigurnost va\u0161ih sredstava<\/li>\n<\/ul>\n<p>&nbsp;<\/p>\n<p>Nema provizije za otvaranje, odr\u017eavanje ili zatvaranje ra\u010duna Fleksi depozita.<\/p>\n<p>&nbsp;<\/p>\n<p>Putem usluga E-Banking mo\u017eete da proverite stanje ra\u010duna Fleksi depozita.<\/p>\n","protected":false},"excerpt":{"rendered":"<p>Za razliku od \u0161tednog ra\u010duna, Fleksi depozit se nudi samo fizi\u010dkim licima\/pojedincima. &nbsp; Kakve koristi mo\u017eete imati od ra\u010duna Fleksi depozit? &nbsp; \u0160tednju u EVRO valuti \u0160tedite novac u iznosu preko 500.00 evra Izvr\u0161ite depozit novca u svako vreme Jedno besplatno povla\u010denje u roku od mesec dana Veoma povoljna kamata Ostvarite kamatu za svaki mesec [&hellip;]<\/p>\n","protected":false},"author":1,"featured_media":6520,"parent":4611,"menu_order":0,"comment_status":"closed","ping_status":"closed","template":"grandchild-default-template-v1.php","meta":{"_acf_changed":false,"footnotes":""},"class_list":["post-4040","page","type-page","status-publish","has-post-thumbnail","hentry"],"acf":[],"_links":{"self":[{"href":"https:\/\/test.bekonomike.com\/sr\/wp-json\/wp\/v2\/pages\/4040","targetHints":{"allow":["GET"]}}],"collection":[{"href":"https:\/\/test.bekonomike.com\/sr\/wp-json\/wp\/v2\/pages"}],"about":[{"href":"https:\/\/test.bekonomike.com\/sr\/wp-json\/wp\/v2\/types\/page"}],"author":[{"embeddable":true,"href":"https:\/\/test.bekonomike.com\/sr\/wp-json\/wp\/v2\/users\/1"}],"replies":[{"embeddable":true,"href":"https:\/\/test.bekonomike.com\/sr\/wp-json\/wp\/v2\/comments?post=4040"}],"version-history":[{"count":1,"href":"https:\/\/test.bekonomike.com\/sr\/wp-json\/wp\/v2\/pages\/4040\/revisions"}],"predecessor-version":[{"id":4041,"href":"https:\/\/test.bekonomike.com\/sr\/wp-json\/wp\/v2\/pages\/4040\/revisions\/4041"}],"up":[{"embeddable":true,"href":"https:\/\/test.bekonomike.com\/sr\/wp-json\/wp\/v2\/pages\/4611"}],"wp:featuredmedia":[{"embeddable":true,"href":"https:\/\/test.bekonomike.com\/sr\/wp-json\/wp\/v2\/media\/6520"}],"wp:attachment":[{"href":"https:\/\/test.bekonomike.com\/sr\/wp-json\/wp\/v2\/media?parent=4040"}],"curies":[{"name":"wp","href":"https:\/\/api.w.org\/{rel}","templated":true}]}}