{"id":4045,"date":"2024-10-15T09:40:40","date_gmt":"2024-10-15T09:40:40","guid":{"rendered":"https:\/\/test.bekonomike.com\/depozita-me-afat\/"},"modified":"2025-04-28T13:27:26","modified_gmt":"2025-04-28T13:27:26","slug":"oroceni-deposit","status":"publish","type":"page","link":"https:\/\/test.bekonomike.com\/sr\/biznisi\/nalog\/oroceni-deposit\/","title":{"rendered":"Oro\u010deni deposit"},"content":{"rendered":"<p><strong>Kroz oro\u010dene depozite vi dobijete transparentnost, bezbednost, dobit i fleksibilnost u va\u0161im planovima \u0161tednje. Oro\u010deni depozit je va\u0161a \u0161tednja i investicija sa najvi\u0161im kamatnim stopama u kategoriji \u0161tednje, gde \u0107ete istovremeno ostvariti:<\/strong><\/p>\n<p>&nbsp;<\/p>\n<ul>\n<li>Fleksibilni period dospe\u0107a od 1 do 60 meseci<\/li>\n<li>Nema provizije za otvaranje ili odr\u017eavanje ra\u010duna<\/li>\n<li>Automatsku obnovu kartice<\/li>\n<li>Sigurnost va\u0161ih sredstava<\/li>\n<\/ul>\n<p>&nbsp;<\/p>\n<p>Tako\u0111e, Banka Ekonomike vam nudi brojne mogu\u0107nosti oro\u010denja novca, kao:<\/p>\n<p>&nbsp;<\/p>\n<p>Automatsko oro\u010denje sa dve mogu\u0107nosti:<\/p>\n<ul>\n<li>Ponovno oro\u010denje kapitala + kamata<\/li>\n<li>Samo oro\u010denje kapitala, dok, se kamata prenosi na teku\u0107i ra\u010dun<\/li>\n<\/ul>\n<p>&nbsp;<\/p>\n<p>Kamata koje je ostvarena na automatski na\u010din mo\u017ee se preneti u drugim ra\u010dunima u Banka Ekonomike kao: \u0161tedni, teku\u0107i ra\u010dun, itd.<\/p>\n","protected":false},"excerpt":{"rendered":"<p>Kroz oro\u010dene depozite vi dobijete transparentnost, bezbednost, dobit i fleksibilnost u va\u0161im planovima \u0161tednje. Oro\u010deni depozit je va\u0161a \u0161tednja i investicija sa najvi\u0161im kamatnim stopama u kategoriji \u0161tednje, gde \u0107ete istovremeno ostvariti: &nbsp; Fleksibilni period dospe\u0107a od 1 do 60 meseci Nema provizije za otvaranje ili odr\u017eavanje ra\u010duna Automatsku obnovu kartice Sigurnost va\u0161ih sredstava &nbsp; [&hellip;]<\/p>\n","protected":false},"author":1,"featured_media":6514,"parent":4502,"menu_order":0,"comment_status":"closed","ping_status":"closed","template":"grandchild-default-template-calculator.php","meta":{"_acf_changed":false,"footnotes":""},"class_list":["post-4045","page","type-page","status-publish","has-post-thumbnail","hentry"],"acf":[],"_links":{"self":[{"href":"https:\/\/test.bekonomike.com\/sr\/wp-json\/wp\/v2\/pages\/4045","targetHints":{"allow":["GET"]}}],"collection":[{"href":"https:\/\/test.bekonomike.com\/sr\/wp-json\/wp\/v2\/pages"}],"about":[{"href":"https:\/\/test.bekonomike.com\/sr\/wp-json\/wp\/v2\/types\/page"}],"author":[{"embeddable":true,"href":"https:\/\/test.bekonomike.com\/sr\/wp-json\/wp\/v2\/users\/1"}],"replies":[{"embeddable":true,"href":"https:\/\/test.bekonomike.com\/sr\/wp-json\/wp\/v2\/comments?post=4045"}],"version-history":[{"count":2,"href":"https:\/\/test.bekonomike.com\/sr\/wp-json\/wp\/v2\/pages\/4045\/revisions"}],"predecessor-version":[{"id":4051,"href":"https:\/\/test.bekonomike.com\/sr\/wp-json\/wp\/v2\/pages\/4045\/revisions\/4051"}],"up":[{"embeddable":true,"href":"https:\/\/test.bekonomike.com\/sr\/wp-json\/wp\/v2\/pages\/4502"}],"wp:featuredmedia":[{"embeddable":true,"href":"https:\/\/test.bekonomike.com\/sr\/wp-json\/wp\/v2\/media\/6514"}],"wp:attachment":[{"href":"https:\/\/test.bekonomike.com\/sr\/wp-json\/wp\/v2\/media?parent=4045"}],"curies":[{"name":"wp","href":"https:\/\/api.w.org\/{rel}","templated":true}]}}