{"id":4065,"date":"2024-11-07T14:43:07","date_gmt":"2024-11-07T14:43:07","guid":{"rendered":"https:\/\/test.bekonomike.com\/kredi-private\/"},"modified":"2025-04-29T08:35:57","modified_gmt":"2025-04-29T08:35:57","slug":"privatni-krediti","status":"publish","type":"page","link":"https:\/\/test.bekonomike.com\/sr\/investicije\/pozajmice\/privatni-krediti\/","title":{"rendered":"Privatni krediti"},"content":{"rendered":"<p><strong>Pru\u017eaju se u cilju ispunjavanja va\u0161ih trenutnih privatnih potreba ili za pobolj\u0161anje uslova \u017eivota.<\/strong><\/p>\n<p>&nbsp;<\/p>\n<ul>\n<li>Iznos kredita: Od 500 evra do 30,000 evra<\/li>\n<li>Namena:<\/li>\n<\/ul>\n<p>&nbsp;<\/p>\n<p>&#8211; Privatne potrebe (potro\u0161ne).<\/p>\n<p>&#8211; Pobolj\u0161anje \u017eivotnih uslova.<\/p>\n<p>&#8211; Nabavka tehnolo\u0161ke i opreme za doma\u0107instvo.<\/p>\n<p>&#8211; Kupovina automobila (novih ili polovnih)<\/p>\n<p>&#8211; Za studije\/ obrazovanje<\/p>\n<p>&nbsp;<\/p>\n<ul>\n<li><strong>Rok:<\/strong> do 10 godina<\/li>\n<li><strong>Grejs period:<\/strong> do 3 meseci<\/li>\n<li><strong>Plan isplate:<\/strong> redovan ili neredovan<\/li>\n<li>Do 10,000 evra i bez sadu\u017enika<\/li>\n<li>Za zaposlene u dr\u017eavnim i javnim institucijama, bez garanata<\/li>\n<li><strong>Hipoteka:<\/strong> Do 30,000 evra i bez hipoteke<\/li>\n<\/ul>\n<p>&nbsp;<\/p>\n<p>Banka zadr\u017eava pravo da zatra\u017ei dodatna dokumenta ako to smatra potrebnim<\/p>\n<p>&nbsp;<\/p>\n","protected":false},"excerpt":{"rendered":"<p>Pru\u017eaju se u cilju ispunjavanja va\u0161ih trenutnih privatnih potreba ili za pobolj\u0161anje uslova \u017eivota. &nbsp; Iznos kredita: Od 500 evra do 30,000 evra Namena: &nbsp; &#8211; Privatne potrebe (potro\u0161ne). &#8211; Pobolj\u0161anje \u017eivotnih uslova. &#8211; Nabavka tehnolo\u0161ke i opreme za doma\u0107instvo. &#8211; Kupovina automobila (novih ili polovnih) &#8211; Za studije\/ obrazovanje &nbsp; Rok: do 10 godina [&hellip;]<\/p>\n","protected":false},"author":1,"featured_media":6541,"parent":4206,"menu_order":0,"comment_status":"closed","ping_status":"closed","template":"grandchild-default-template-v2.php","meta":{"_acf_changed":false,"footnotes":""},"class_list":["post-4065","page","type-page","status-publish","has-post-thumbnail","hentry"],"acf":[],"_links":{"self":[{"href":"https:\/\/test.bekonomike.com\/sr\/wp-json\/wp\/v2\/pages\/4065","targetHints":{"allow":["GET"]}}],"collection":[{"href":"https:\/\/test.bekonomike.com\/sr\/wp-json\/wp\/v2\/pages"}],"about":[{"href":"https:\/\/test.bekonomike.com\/sr\/wp-json\/wp\/v2\/types\/page"}],"author":[{"embeddable":true,"href":"https:\/\/test.bekonomike.com\/sr\/wp-json\/wp\/v2\/users\/1"}],"replies":[{"embeddable":true,"href":"https:\/\/test.bekonomike.com\/sr\/wp-json\/wp\/v2\/comments?post=4065"}],"version-history":[{"count":2,"href":"https:\/\/test.bekonomike.com\/sr\/wp-json\/wp\/v2\/pages\/4065\/revisions"}],"predecessor-version":[{"id":4068,"href":"https:\/\/test.bekonomike.com\/sr\/wp-json\/wp\/v2\/pages\/4065\/revisions\/4068"}],"up":[{"embeddable":true,"href":"https:\/\/test.bekonomike.com\/sr\/wp-json\/wp\/v2\/pages\/4206"}],"wp:featuredmedia":[{"embeddable":true,"href":"https:\/\/test.bekonomike.com\/sr\/wp-json\/wp\/v2\/media\/6541"}],"wp:attachment":[{"href":"https:\/\/test.bekonomike.com\/sr\/wp-json\/wp\/v2\/media?parent=4065"}],"curies":[{"name":"wp","href":"https:\/\/api.w.org\/{rel}","templated":true}]}}