{"id":4090,"date":"2024-11-07T14:19:45","date_gmt":"2024-11-07T14:19:45","guid":{"rendered":"https:\/\/test.bekonomike.com\/transferet-nderkombetare\/"},"modified":"2025-04-29T08:44:12","modified_gmt":"2025-04-29T08:44:12","slug":"medunarodni-transferi","status":"publish","type":"page","link":"https:\/\/test.bekonomike.com\/sr\/investicije\/transferi\/medunarodni-transferi\/","title":{"rendered":"Me\u0111unarodni transferi"},"content":{"rendered":"<p><strong>Banka Ekonomike kao \u010dlanica SWIFT mre\u017ee kodom Republike Kosova, pru\u017ea brze usluge i po konkurentnim cenama za ulazne i izlazne me\u0111unarodne transfere.<\/strong><\/p>\n<p>&nbsp;<\/p>\n<p>Priznavanje koda Republike Kosovo \u201cXK\u201d u sistemu SWIFT-a, je omogu\u0107ilo procesiranje me\u0111unarodnih transfera u skladu sa standardima me\u0111unarodnih brojeva bankarskih ra\u010duna prema ISO 13616.<\/p>\n<p>&nbsp;<\/p>\n<p>SWIFT kod Banka Ekonomike je <strong>EKOMXKPRXXX<\/strong><\/p>\n<p>&nbsp;<\/p>\n<p>Za svako me\u0111unarodno pla\u0107anje, koju klijent \u0161alje ili prima \u0107e se koristiti IBAN koji odgovara osnovnom ra\u010dunu klijenta, ali dodavanjem koda XK05 Republike Kosova koji predstavlja standard svih banaka Kosova.<\/p>\n<p>Na taj na\u010din mo\u017eete obaviti me\u0111unarodne transfere iz bilo koje filijale ili ekspoziture Banka Ekonomike, kao i putem e-Bankarstva.<\/p>\n<p>&nbsp;<\/p>\n<p>Ako \u017eelite da izvr\u0161ite me\u0111unarodne transfere u inostranstvu, treba da imate slede\u0107e informacije:<\/p>\n<p>&nbsp;<\/p>\n<ul>\n<li>Ime i punu adresu korisnika<\/li>\n<li>Ime i SWIFT kod banke korisnice<\/li>\n<li>Ta\u010dan broj \u017eirora\u010duna korisnika ili IBAN za zemlje koje su je primenile<\/li>\n<li>Opis uplate<\/li>\n<\/ul>\n","protected":false},"excerpt":{"rendered":"<p>Banka Ekonomike kao \u010dlanica SWIFT mre\u017ee kodom Republike Kosova, pru\u017ea brze usluge i po konkurentnim cenama za ulazne i izlazne me\u0111unarodne transfere. &nbsp; Priznavanje koda Republike Kosovo \u201cXK\u201d u sistemu SWIFT-a, je omogu\u0107ilo procesiranje me\u0111unarodnih transfera u skladu sa standardima me\u0111unarodnih brojeva bankarskih ra\u010duna prema ISO 13616. &nbsp; SWIFT kod Banka Ekonomike je EKOMXKPRXXX &nbsp; [&hellip;]<\/p>\n","protected":false},"author":1,"featured_media":0,"parent":4109,"menu_order":0,"comment_status":"closed","ping_status":"closed","template":"grandchild-default-template-content.php","meta":{"_acf_changed":false,"footnotes":""},"class_list":["post-4090","page","type-page","status-publish","hentry"],"acf":[],"_links":{"self":[{"href":"https:\/\/test.bekonomike.com\/sr\/wp-json\/wp\/v2\/pages\/4090","targetHints":{"allow":["GET"]}}],"collection":[{"href":"https:\/\/test.bekonomike.com\/sr\/wp-json\/wp\/v2\/pages"}],"about":[{"href":"https:\/\/test.bekonomike.com\/sr\/wp-json\/wp\/v2\/types\/page"}],"author":[{"embeddable":true,"href":"https:\/\/test.bekonomike.com\/sr\/wp-json\/wp\/v2\/users\/1"}],"replies":[{"embeddable":true,"href":"https:\/\/test.bekonomike.com\/sr\/wp-json\/wp\/v2\/comments?post=4090"}],"version-history":[{"count":1,"href":"https:\/\/test.bekonomike.com\/sr\/wp-json\/wp\/v2\/pages\/4090\/revisions"}],"predecessor-version":[{"id":4091,"href":"https:\/\/test.bekonomike.com\/sr\/wp-json\/wp\/v2\/pages\/4090\/revisions\/4091"}],"up":[{"embeddable":true,"href":"https:\/\/test.bekonomike.com\/sr\/wp-json\/wp\/v2\/pages\/4109"}],"wp:attachment":[{"href":"https:\/\/test.bekonomike.com\/sr\/wp-json\/wp\/v2\/media?parent=4090"}],"curies":[{"name":"wp","href":"https:\/\/api.w.org\/{rel}","templated":true}]}}