{"id":4094,"date":"2024-11-08T13:30:13","date_gmt":"2024-11-08T13:30:13","guid":{"rendered":"https:\/\/test.bekonomike.com\/%d0%bf%d0%be%d1%81%d0%b0%d0%be\/transferet\/transferet-vendore\/"},"modified":"2025-04-29T08:46:26","modified_gmt":"2025-04-29T08:46:26","slug":"domaci-transferi","status":"publish","type":"page","link":"https:\/\/test.bekonomike.com\/sr\/biznisi\/transferet\/domaci-transferi\/","title":{"rendered":"Doma\u0107i transferi"},"content":{"rendered":"<p><strong>Banka Ekonomike ima pristup u relevantnim kancelarijama za pomirenje me\u0111u bankarskih ra\u010duna Bankarskog autoriteta i pla\u0107anja.<\/strong><\/p>\n<p>&nbsp;<\/p>\n<p>Ovim vi mo\u017eete obaviti lokalne transfere koji podrazumevaju transfere korisnika koji ima otvoren ra\u010dun u bilo kojoj banci na Kosovu na brz i efikasan na\u010din.<\/p>\n<p>&nbsp;<\/p>\n<p>Doma\u0107e transfere mo\u017eete izvr\u0161iti i kroz va\u0161e e-Bankarstvo<\/p>\n","protected":false},"excerpt":{"rendered":"<p>Banka Ekonomike ima pristup u relevantnim kancelarijama za pomirenje me\u0111u bankarskih ra\u010duna Bankarskog autoriteta i pla\u0107anja. &nbsp; Ovim vi mo\u017eete obaviti lokalne transfere koji podrazumevaju transfere korisnika koji ima otvoren ra\u010dun u bilo kojoj banci na Kosovu na brz i efikasan na\u010din. &nbsp; Doma\u0107e transfere mo\u017eete izvr\u0161iti i kroz va\u0161e e-Bankarstvo<\/p>\n","protected":false},"author":1,"featured_media":4095,"parent":4076,"menu_order":0,"comment_status":"closed","ping_status":"closed","template":"grandchild-default-template-content.php","meta":{"_acf_changed":false,"footnotes":""},"class_list":["post-4094","page","type-page","status-publish","has-post-thumbnail","hentry"],"acf":[],"_links":{"self":[{"href":"https:\/\/test.bekonomike.com\/sr\/wp-json\/wp\/v2\/pages\/4094","targetHints":{"allow":["GET"]}}],"collection":[{"href":"https:\/\/test.bekonomike.com\/sr\/wp-json\/wp\/v2\/pages"}],"about":[{"href":"https:\/\/test.bekonomike.com\/sr\/wp-json\/wp\/v2\/types\/page"}],"author":[{"embeddable":true,"href":"https:\/\/test.bekonomike.com\/sr\/wp-json\/wp\/v2\/users\/1"}],"replies":[{"embeddable":true,"href":"https:\/\/test.bekonomike.com\/sr\/wp-json\/wp\/v2\/comments?post=4094"}],"version-history":[{"count":1,"href":"https:\/\/test.bekonomike.com\/sr\/wp-json\/wp\/v2\/pages\/4094\/revisions"}],"predecessor-version":[{"id":4096,"href":"https:\/\/test.bekonomike.com\/sr\/wp-json\/wp\/v2\/pages\/4094\/revisions\/4096"}],"up":[{"embeddable":true,"href":"https:\/\/test.bekonomike.com\/sr\/wp-json\/wp\/v2\/pages\/4076"}],"wp:featuredmedia":[{"embeddable":true,"href":"https:\/\/test.bekonomike.com\/sr\/wp-json\/wp\/v2\/media\/4095"}],"wp:attachment":[{"href":"https:\/\/test.bekonomike.com\/sr\/wp-json\/wp\/v2\/media?parent=4094"}],"curies":[{"name":"wp","href":"https:\/\/api.w.org\/{rel}","templated":true}]}}