{"id":4101,"date":"2024-11-07T14:24:38","date_gmt":"2024-11-07T14:24:38","guid":{"rendered":"https:\/\/test.bekonomike.com\/transferet-nderbankare\/"},"modified":"2025-04-29T08:48:21","modified_gmt":"2025-04-29T08:48:21","slug":"medubankarski-transferi","status":"publish","type":"page","link":"https:\/\/test.bekonomike.com\/sr\/investicije\/transferi\/medubankarski-transferi\/","title":{"rendered":"Me\u0111ubankarski transferi"},"content":{"rendered":"<p><strong>Me\u0111ubankarski transferi se smatraju oni transferi u kojima jedna osoba ili kompanija u kojoj \u017eelite da izvr\u0161ite transfer va\u0161eg novca, ima otvoren ra\u010dun u Banka Ekonomike, koji ima i slede\u0107e prednosti:<\/strong><\/p>\n<p>&nbsp;<\/p>\n<ul>\n<li>Korisnik me\u0111u bankarskog transfera \u0107e primiti transferisana sredstva samo nakon 5 minuta, nakon \u0161to vi nalo\u017eite izvr\u0161enje me\u0111u bankarskog transfera novca.<\/li>\n<\/ul>\n<p>&nbsp;<\/p>\n<p>Tako\u0111e, mo\u017eete ostvariti me\u0111u bankarske transfere 24\/7 putem e-Bankarstva<\/p>\n<p><strong>\u00a0<\/strong><\/p>\n","protected":false},"excerpt":{"rendered":"<p>Me\u0111ubankarski transferi se smatraju oni transferi u kojima jedna osoba ili kompanija u kojoj \u017eelite da izvr\u0161ite transfer va\u0161eg novca, ima otvoren ra\u010dun u Banka Ekonomike, koji ima i slede\u0107e prednosti: &nbsp; Korisnik me\u0111u bankarskog transfera \u0107e primiti transferisana sredstva samo nakon 5 minuta, nakon \u0161to vi nalo\u017eite izvr\u0161enje me\u0111u bankarskog transfera novca. &nbsp; Tako\u0111e, [&hellip;]<\/p>\n","protected":false},"author":1,"featured_media":0,"parent":4109,"menu_order":0,"comment_status":"closed","ping_status":"closed","template":"grandchild-default-template-content.php","meta":{"_acf_changed":false,"footnotes":""},"class_list":["post-4101","page","type-page","status-publish","hentry"],"acf":[],"_links":{"self":[{"href":"https:\/\/test.bekonomike.com\/sr\/wp-json\/wp\/v2\/pages\/4101","targetHints":{"allow":["GET"]}}],"collection":[{"href":"https:\/\/test.bekonomike.com\/sr\/wp-json\/wp\/v2\/pages"}],"about":[{"href":"https:\/\/test.bekonomike.com\/sr\/wp-json\/wp\/v2\/types\/page"}],"author":[{"embeddable":true,"href":"https:\/\/test.bekonomike.com\/sr\/wp-json\/wp\/v2\/users\/1"}],"replies":[{"embeddable":true,"href":"https:\/\/test.bekonomike.com\/sr\/wp-json\/wp\/v2\/comments?post=4101"}],"version-history":[{"count":1,"href":"https:\/\/test.bekonomike.com\/sr\/wp-json\/wp\/v2\/pages\/4101\/revisions"}],"predecessor-version":[{"id":4102,"href":"https:\/\/test.bekonomike.com\/sr\/wp-json\/wp\/v2\/pages\/4101\/revisions\/4102"}],"up":[{"embeddable":true,"href":"https:\/\/test.bekonomike.com\/sr\/wp-json\/wp\/v2\/pages\/4109"}],"wp:attachment":[{"href":"https:\/\/test.bekonomike.com\/sr\/wp-json\/wp\/v2\/media?parent=4101"}],"curies":[{"name":"wp","href":"https:\/\/api.w.org\/{rel}","templated":true}]}}