{"id":4132,"date":"2024-11-07T15:11:03","date_gmt":"2024-11-07T15:11:03","guid":{"rendered":"https:\/\/test.bekonomike.com\/%d0%b8%d0%bd%d0%b4%d0%b8%d0%b2%d0%b8%d0%b4%d1%83%d0%b0%d0%bb%d0%bd%d0%b8\/usluge\/e-banking\/"},"modified":"2025-04-29T09:18:26","modified_gmt":"2025-04-29T09:18:26","slug":"e-bankarstvo","status":"publish","type":"page","link":"https:\/\/test.bekonomike.com\/sr\/investicije\/usluge\/e-bankarstvo\/","title":{"rendered":"E-Bankarstvo"},"content":{"rendered":"<p><strong>Bankarstvo je proizvod koji je projektovan u cilju izvr\u0161enja bankarskih usluga preko interneta, koje omogu\u0107uje lak i siguran pristup va\u0161em bankarskom ra\u010dunu.<\/strong><\/p>\n<p>&nbsp;<\/p>\n<p>e-Bankarstvo je elektronska usluga, ta\u010dna, brza, laka i efikasna, koja vam omogu\u0107uje pristup va\u0161em ra\u010dunu i izvr\u0161enju bankarskih usluga putem interneta 24 \u010dasova dnevno, 7 dana u nedelji.<\/p>\n<p>&nbsp;<\/p>\n<p>Pomo\u0107u ove usluge mo\u017eete u\u0161tedeti va\u0161e vreme izvr\u0161enjem bankarskih transakcija na bilo kojem mestu i u bilo koje vreme, iz ku\u0107e ili iz va\u0161e kancelarije, dovoljno je da imate pristup internetu. e-Bankarstvo vam omogu\u0107uje:<\/p>\n<p>&nbsp;<\/p>\n<ul>\n<li>Ta\u010dan pregled svih sredstava kojima raspola\u017eete na va\u0161em ra\u010dunu<\/li>\n<li>Pregled teku\u0107ih ra\u010duna, kredita, prekora\u010denja i va\u0161ih depozita<\/li>\n<li>Realizaciju doma\u0107ih i me\u0111unarodnih transfera u razli\u010ditim valutama<\/li>\n<li>Izvr\u0161enje svih vrsta pla\u0107anja komunalija (struje, vode, telefona, itd.)<\/li>\n<li>Izvr\u0161enje pla\u0107anja carine<\/li>\n<li>Elektronsku potvrdu za sve transakcije izvr\u0161ene u e-Bankarstvu<\/li>\n<li>Upravljanje va\u0161im kreditnim karticama<\/li>\n<\/ul>\n<p>&nbsp;<\/p>\n<p>&nbsp;<\/p>\n<p>Kako da aplicirate?<\/p>\n<p>Sve \u0161to vam je potrebno je da posetite jednu od na\u0161ih filijala i sve \u0107e se zavr\u0161iti za nekoliko minuta.<\/p>\n<p><strong>\u00a0<\/strong><\/p>\n<p><strong>Vodi\u010d za e-Bankarstvo<\/strong><\/p>\n<p>Vodi\u010d za kori\u0161\u0107enje usluge e-Bankarstvo: <a href=\"http:\/\/www.bekonomike.com\/Articles\/88\/Images\/15-10-2015\/88090_Banka_Ekonomomike_-_Manuali_per_kliente.pdf\">ovde<\/a>.<\/p>\n","protected":false},"excerpt":{"rendered":"<p>Bankarstvo je proizvod koji je projektovan u cilju izvr\u0161enja bankarskih usluga preko interneta, koje omogu\u0107uje lak i siguran pristup va\u0161em bankarskom ra\u010dunu. &nbsp; e-Bankarstvo je elektronska usluga, ta\u010dna, brza, laka i efikasna, koja vam omogu\u0107uje pristup va\u0161em ra\u010dunu i izvr\u0161enju bankarskih usluga putem interneta 24 \u010dasova dnevno, 7 dana u nedelji. &nbsp; Pomo\u0107u ove usluge [&hellip;]<\/p>\n","protected":false},"author":1,"featured_media":6517,"parent":4113,"menu_order":0,"comment_status":"closed","ping_status":"closed","template":"grandchild-default-template-blog.php","meta":{"_acf_changed":false,"footnotes":""},"class_list":["post-4132","page","type-page","status-publish","has-post-thumbnail","hentry"],"acf":[],"_links":{"self":[{"href":"https:\/\/test.bekonomike.com\/sr\/wp-json\/wp\/v2\/pages\/4132","targetHints":{"allow":["GET"]}}],"collection":[{"href":"https:\/\/test.bekonomike.com\/sr\/wp-json\/wp\/v2\/pages"}],"about":[{"href":"https:\/\/test.bekonomike.com\/sr\/wp-json\/wp\/v2\/types\/page"}],"author":[{"embeddable":true,"href":"https:\/\/test.bekonomike.com\/sr\/wp-json\/wp\/v2\/users\/1"}],"replies":[{"embeddable":true,"href":"https:\/\/test.bekonomike.com\/sr\/wp-json\/wp\/v2\/comments?post=4132"}],"version-history":[{"count":1,"href":"https:\/\/test.bekonomike.com\/sr\/wp-json\/wp\/v2\/pages\/4132\/revisions"}],"predecessor-version":[{"id":4133,"href":"https:\/\/test.bekonomike.com\/sr\/wp-json\/wp\/v2\/pages\/4132\/revisions\/4133"}],"up":[{"embeddable":true,"href":"https:\/\/test.bekonomike.com\/sr\/wp-json\/wp\/v2\/pages\/4113"}],"wp:featuredmedia":[{"embeddable":true,"href":"https:\/\/test.bekonomike.com\/sr\/wp-json\/wp\/v2\/media\/6517"}],"wp:attachment":[{"href":"https:\/\/test.bekonomike.com\/sr\/wp-json\/wp\/v2\/media?parent=4132"}],"curies":[{"name":"wp","href":"https:\/\/api.w.org\/{rel}","templated":true}]}}