{"id":4149,"date":"2024-11-07T14:51:26","date_gmt":"2024-11-07T14:51:26","guid":{"rendered":"https:\/\/test.bekonomike.com\/hipotekarni-krediti\/"},"modified":"2025-04-29T12:39:20","modified_gmt":"2025-04-29T12:39:20","slug":"hipotekarni-krediti","status":"publish","type":"page","link":"https:\/\/test.bekonomike.com\/sr\/investicije\/pozajmice\/hipotekarni-krediti\/","title":{"rendered":"Hipotekarni krediti"},"content":{"rendered":"<p><strong>Su krediti namenjeni za kupovinu nekretnina (zemlji\u0161ta, ku\u0107e, stan) i za izgradnju stambenih ku\u0107a.<\/strong><\/p>\n<p>&nbsp;<\/p>\n<ul>\n<li><strong>Iznos kredita: <\/strong>Od 20,000 do 300,000 evra<\/li>\n<li><strong>Namena:<\/strong> Renoviranje ku\u0107e ili stana, pro\u0161irenje postoje\u0107e sredine<\/li>\n<li><strong>Rok:<\/strong> Do 30 godina<\/li>\n<li><strong>Grejs period:<\/strong> Do 12 meseci<\/li>\n<li><strong>Plan uplate: <\/strong>Redovan ili neredovan<\/li>\n<li><strong>Sadu\u017enik:<\/strong> Da<\/li>\n<li><strong>Garant:<\/strong> Nije primenjivo<\/li>\n<li><strong>Hipoteka:<\/strong> Preko 30,000 evra<\/li>\n<\/ul>\n<p>&nbsp;<\/p>\n<p><strong>Banka zadr\u017eava pravo da tra\u017ei dodatna dokumenta ako to smatra potrebnim.<\/strong><\/p>\n<p><strong>\u00a0<\/strong><\/p>\n<p><strong>Dozvoljeno prekora\u010denje za pojedince<\/strong><\/p>\n<p><strong>Ako su vam potrebna dodatna sredstva na va\u0161 ra\u010dun, u bilo kom trenutku mo\u017eete koristiti do 200% iznosa va\u0161e plate.<\/strong><\/p>\n<p><strong>\u00a0<\/strong><\/p>\n<p>Potrebni dokumenti: Li\u010dna karta, Ugovor o radu,<\/p>\n<ul>\n<li>Nema potrebe za kolateral,<\/li>\n<li>Nema potrebe za garanta,<\/li>\n<\/ul>\n<p>&nbsp;<\/p>\n<p>Veoma brz i lak postupak!<\/p>\n<p>Iskoristite ovu priliku koju vam pru\u017ea Banka Ekonomike.<\/p>\n<p>&nbsp;<\/p>\n<p><strong>Banka zadr\u017eava pravo da tra\u017ei dodatna dokumenta ako to smatra potrebnim.<\/strong><\/p>\n","protected":false},"excerpt":{"rendered":"<p>Su krediti namenjeni za kupovinu nekretnina (zemlji\u0161ta, ku\u0107e, stan) i za izgradnju stambenih ku\u0107a. &nbsp; Iznos kredita: Od 20,000 do 300,000 evra Namena: Renoviranje ku\u0107e ili stana, pro\u0161irenje postoje\u0107e sredine Rok: Do 30 godina Grejs period: Do 12 meseci Plan uplate: Redovan ili neredovan Sadu\u017enik: Da Garant: Nije primenjivo Hipoteka: Preko 30,000 evra &nbsp; Banka [&hellip;]<\/p>\n","protected":false},"author":1,"featured_media":6523,"parent":4206,"menu_order":0,"comment_status":"closed","ping_status":"closed","template":"grandchild-default-template-v2.php","meta":{"_acf_changed":false,"footnotes":""},"class_list":["post-4149","page","type-page","status-publish","has-post-thumbnail","hentry"],"acf":[],"_links":{"self":[{"href":"https:\/\/test.bekonomike.com\/sr\/wp-json\/wp\/v2\/pages\/4149","targetHints":{"allow":["GET"]}}],"collection":[{"href":"https:\/\/test.bekonomike.com\/sr\/wp-json\/wp\/v2\/pages"}],"about":[{"href":"https:\/\/test.bekonomike.com\/sr\/wp-json\/wp\/v2\/types\/page"}],"author":[{"embeddable":true,"href":"https:\/\/test.bekonomike.com\/sr\/wp-json\/wp\/v2\/users\/1"}],"replies":[{"embeddable":true,"href":"https:\/\/test.bekonomike.com\/sr\/wp-json\/wp\/v2\/comments?post=4149"}],"version-history":[{"count":1,"href":"https:\/\/test.bekonomike.com\/sr\/wp-json\/wp\/v2\/pages\/4149\/revisions"}],"predecessor-version":[{"id":4150,"href":"https:\/\/test.bekonomike.com\/sr\/wp-json\/wp\/v2\/pages\/4149\/revisions\/4150"}],"up":[{"embeddable":true,"href":"https:\/\/test.bekonomike.com\/sr\/wp-json\/wp\/v2\/pages\/4206"}],"wp:featuredmedia":[{"embeddable":true,"href":"https:\/\/test.bekonomike.com\/sr\/wp-json\/wp\/v2\/media\/6523"}],"wp:attachment":[{"href":"https:\/\/test.bekonomike.com\/sr\/wp-json\/wp\/v2\/media?parent=4149"}],"curies":[{"name":"wp","href":"https:\/\/api.w.org\/{rel}","templated":true}]}}