{"id":4155,"date":"2024-11-07T14:47:42","date_gmt":"2024-11-07T14:47:42","guid":{"rendered":"https:\/\/test.bekonomike.com\/krediti-za-renoviranje\/"},"modified":"2025-04-29T12:41:07","modified_gmt":"2025-04-29T12:41:07","slug":"krediti-za-renoviranje","status":"publish","type":"page","link":"https:\/\/test.bekonomike.com\/sr\/investicije\/pozajmice\/krediti-za-renoviranje\/","title":{"rendered":"Krediti za renoviranje"},"content":{"rendered":"<p><strong>Su krediti namenjeni za pobolj\u0161anje va\u0161ih uslova stanovanja.<\/strong><\/p>\n<p>&nbsp;<\/p>\n<ul>\n<li><strong>Iznos kredita:<\/strong> Od 10,000 do 100,000 evra<\/li>\n<li><strong>Namena: <\/strong>Renoviranje ku\u0107e ili stana, pro\u0161irenje postoje\u0107e sredine<\/li>\n<li><strong>Rok:<\/strong> Do 15 godina<\/li>\n<li><strong>Grejs period: <\/strong>Do 6 meseci<\/li>\n<li><strong>Plan uplate:<\/strong> Redovan ili neredovan<\/li>\n<li>Za zaposlene u dr\u017eavnim i javnim institucijama, bez garanata<\/li>\n<li><strong>Hipoteka: <\/strong>Do 30,000 evra i bez hipoteke<\/li>\n<\/ul>\n<p>&nbsp;<\/p>\n<p><strong>Banka zadr\u017eava pravo da zatra\u017ei dodatna dokumenta ako to smatra potrebnim.<\/strong><\/p>\n","protected":false},"excerpt":{"rendered":"<p>Su krediti namenjeni za pobolj\u0161anje va\u0161ih uslova stanovanja. &nbsp; Iznos kredita: Od 10,000 do 100,000 evra Namena: Renoviranje ku\u0107e ili stana, pro\u0161irenje postoje\u0107e sredine Rok: Do 15 godina Grejs period: Do 6 meseci Plan uplate: Redovan ili neredovan Za zaposlene u dr\u017eavnim i javnim institucijama, bez garanata Hipoteka: Do 30,000 evra i bez hipoteke &nbsp; [&hellip;]<\/p>\n","protected":false},"author":1,"featured_media":6526,"parent":4206,"menu_order":0,"comment_status":"closed","ping_status":"closed","template":"grandchild-default-template-v2.php","meta":{"_acf_changed":false,"footnotes":""},"class_list":["post-4155","page","type-page","status-publish","has-post-thumbnail","hentry"],"acf":[],"_links":{"self":[{"href":"https:\/\/test.bekonomike.com\/sr\/wp-json\/wp\/v2\/pages\/4155","targetHints":{"allow":["GET"]}}],"collection":[{"href":"https:\/\/test.bekonomike.com\/sr\/wp-json\/wp\/v2\/pages"}],"about":[{"href":"https:\/\/test.bekonomike.com\/sr\/wp-json\/wp\/v2\/types\/page"}],"author":[{"embeddable":true,"href":"https:\/\/test.bekonomike.com\/sr\/wp-json\/wp\/v2\/users\/1"}],"replies":[{"embeddable":true,"href":"https:\/\/test.bekonomike.com\/sr\/wp-json\/wp\/v2\/comments?post=4155"}],"version-history":[{"count":1,"href":"https:\/\/test.bekonomike.com\/sr\/wp-json\/wp\/v2\/pages\/4155\/revisions"}],"predecessor-version":[{"id":4156,"href":"https:\/\/test.bekonomike.com\/sr\/wp-json\/wp\/v2\/pages\/4155\/revisions\/4156"}],"up":[{"embeddable":true,"href":"https:\/\/test.bekonomike.com\/sr\/wp-json\/wp\/v2\/pages\/4206"}],"wp:featuredmedia":[{"embeddable":true,"href":"https:\/\/test.bekonomike.com\/sr\/wp-json\/wp\/v2\/media\/6526"}],"wp:attachment":[{"href":"https:\/\/test.bekonomike.com\/sr\/wp-json\/wp\/v2\/media?parent=4155"}],"curies":[{"name":"wp","href":"https:\/\/api.w.org\/{rel}","templated":true}]}}