{"id":4162,"date":"2024-11-12T08:55:45","date_gmt":"2024-11-12T08:55:45","guid":{"rendered":"https:\/\/test.bekonomike.com\/siguria-e-online-e-bankes\/"},"modified":"2025-04-29T12:45:12","modified_gmt":"2025-04-29T12:45:12","slug":"sigurnost-e-bankarstva","status":"publish","type":"page","link":"https:\/\/test.bekonomike.com\/sr\/sigurnost-e-bankarstva\/","title":{"rendered":"Sigurnost e-Bankarstva"},"content":{"rendered":"<p><strong>Lozinka sa jednokratnom upotrebom (LJU)<\/strong><\/p>\n<p>&nbsp;<\/p>\n<p>Lozinka sa jednokratnom upotrebom ili LJU je jedinstvena lozinka koja va\u017ei samo za kratkoro\u010dne vremenske periode koja se koristi kao dodatna mera za bezbednost online bankarskih usluga.<\/p>\n<p>Ova lozinka (password) \u0107e vam biti poslata putem poruke (SMS) i va\u017ei samo za jednu upotrebu.<\/p>\n<p>&nbsp;<\/p>\n<p>LJU \u0107e vam biti poslat svaki put kada \u017eelite da pristupite va\u0161em ra\u010dunu preko e-bankarstva.<\/p>\n<p><strong>\u00a0<\/strong><\/p>\n<p><strong>Bezbedna veza <\/strong><\/p>\n<p><strong>\u00a0<\/strong><\/p>\n<p>Usluga na\u0161eg interneta je u skladu sa standardima me\u0111unarodne bezbednosti i izgra\u0111ena sa najnovijim specifikacijama \u0161ifrovanja.<\/p>\n<p>&nbsp;<\/p>\n<p>To zna\u010di da se sigurna veza uspostavlja svaki put kada vi pristupate na\u0161im online uslugama i informacijama koje se prenose i mogu se o\u010ditati samo iz na\u0161eg bankarskog sistema.<\/p>\n<p>&nbsp;<\/p>\n<p>Nijedna tre\u0107a strana nema pristup tim podacima.<\/p>\n<p><strong>\u00a0<\/strong><\/p>\n<p><strong>Bezbednosni saveti <\/strong><\/p>\n<p><strong>\u00a0<\/strong><\/p>\n<p>Da biste koristili e-banking, molimo vas da unesete lozinku koja sadr\u017ei kombinaciju slova, brojeva, simbola i da ima pribli\u017eno 8 karaktera, \u0161to je te\u017ee da se pogodi ili da se generi\u0161e od zlonamernika. Nikada nemojte nikome otkriti va\u0161e informacije o pristupu, kao \u0161to je lozinka ili PIN, niti zvani\u010dnicima banke. Nikada nemojte dozvoliti da va\u0161 pretra\u017eiva\u010d (Internet Explorer, Chrome, Firefox, itd) sa\u010duva va\u0161u lozinku.<\/p>\n<p>Dr\u017eite podatke o pristupu e-bankarstvu bezbednim, nemojte ih nikada ostaviti na istom mestu zajedno sa karticom i nemojte ih napisati na papiru. Uverite se da pristupate stranici na\u0161e banke a ne drugom sajtu, pogledajte dobro vezu u pretra\u017eiva\u010du i kontroli\u0161ite digitalni sertifikat na levoj gornjoj strani va\u0161eg pretra\u017eiva\u010da.<\/p>\n<p>&nbsp;<\/p>\n<p>Ne otvarajte sajt putem e-maila ili druge veze koja vas vodi prema na\u0161em sajtu, me\u0111utim da biste bili sigurniji uvek otvorite direktno na\u0161 slede\u0107i sajt: www.bekonomike.com i odatle kliknite da biste pristupili e-bankarstvu.<\/p>\n<p>&nbsp;<\/p>\n<p>Nikada nemojte instalirati na ra\u010dunaru ili telefonu neki program ili drugi program u ime Banka Ekonomike, na\u0161a banka ni u kakvom slu\u010daju ne zahteva to od vas. Ovi zahtevi dolaze od zlonamernih ljudi sa ciljem kra\u0111e informacija. Nemojte instalirati nesigurne programe na va\u0161em ra\u010dunaru. Instalirajte anti-virus i dr\u017eite ga redovno a\u017euriranim (update). A\u017eurirajte (update) i pretra\u017eiva\u010da va\u0161eg interneta.<\/p>\n<p>&nbsp;<\/p>\n<p>Proverite va\u0161a bankarska kretanja na redovan na\u010din sa E-Bankarstvom i odmah kontaktirajte na\u0161u banku ako primetite ne\u0161to neobi\u010dno ili sumnjivo na na\u0161 broj telefona 038 500 500.<\/p>\n<p><strong>\u00a0<\/strong><\/p>\n<p><strong>\u0160ta je phishing<\/strong><\/p>\n<p>Jedna organizacija ili pojedinac koristi &#8222;Phishing&#8220; (&#8216;pecanje&#8217;) kada poku\u0161ava da na nezakonit na\u010din osigurava osetljive li\u010dne informacije od vas, kao \u0161to su: va\u0161 ID korisnika, lozinku, broj bankarskog ra\u010duna, brojeve kreditne kartice, itd.<\/p>\n<p>Oni \u0107e zatim koristiti informaciju koju ste im vi dali za pristupanje va\u0161em ra\u010dunu za nezakonite ciljeve npr. da izvr\u0161i prevare sa kreditnom karticom, sa brojevima kreditne kartice koju ste vi pogre\u0161no dali pojedincu ili &#8216;phishing&#8217; organizaciji.<\/p>\n<p>&nbsp;<\/p>\n<p><strong>\u00a0<\/strong><strong>Kako izgleda obi\u010dni Phishing <\/strong><\/p>\n<p>Uobi\u010dajene tehnike koje su koristili phishing prevaranti uklju\u010duju ali se ne ograni\u010davaju na: Slanje e-mail poruka, koriste la\u017ene elektronske adrese, logo grafike i sli\u010dne tekstove, kao veb-stranice banke ili na\u0161 e-mail sa ciljem prevare i prikupljanja osetljivih podataka. Izmenjuju imena domena da bi izgledali sli\u010dni onim koje mi zastupamo: @bekonomike.com.<\/p>\n<p>&nbsp;<\/p>\n<p>Poku\u0161avaju da pristupe privatnim informacijama putem jedne ili vi\u0161e metoda, takvih kao \u0161to su hyperlinks na la\u017enim stranicama interneta ili preko direktnih formi elektronskih poruka. Na primer, vi mo\u017eete primiti elektronsku poruku pod tvrdnjom da dolazi iz Banka Ekonomike koji vas pita da kliknete na jednom linku jedne internet stranice unutar elektronske poruke u cilju izmene ili a\u017euriranja informacija i va\u0161ih osetljivih akreditiva iz nekog odre\u0111enog razloga.<\/p>\n<p>&nbsp;<\/p>\n<p>Kada kliknete na link, bi\u0107ete usmereni na la\u017enu internet stranicu koja mo\u017ee da vam izgleda veoma sli\u010dna sa onom Banke gde \u0107e se od vas tra\u017eiti pru\u017eanje va\u0161ih osetljivih informacija. Elektronske poruke sli\u010dne ovim mogu izgledati veoma sofisticirane i da \u010dak sadr\u017ee na\u0161 dizajn i logo. Nikada im ne verujte.<\/p>\n<p>&nbsp;<\/p>\n<p>Iz bezbednosnih razloga Banka Ekonomike vam nikada ne\u0107e poslati elektronsku poruku tra\u017ee\u0107i od vas da unesete va\u0161e li\u010dne podatke. Kako je mogu\u0107e da ove la\u017ene elektronske poruke izgledaju sli\u010dne stranici e- bankarstva na\u0161eg sajta? Relativno je jednostavno stvoriti sajt da izgleda sli\u010dno sa legitimnim sajtom neke organizacije kopiranjem izgleda sajta sa interneta.<\/p>\n<p><strong>\u00a0<\/strong><\/p>\n<p><strong>Kako mo\u017eemo spre\u010diti fenomen phishinga?<\/p>\n<p><\/strong><\/p>\n<p>Nemojte kliknuti neku vezu (link) u okviru sumnjive elektronske poruke za stranicu e-Bankarstva na\u0161e banke. Politika na\u0161e banke je da nikada ne \u0161alje elektronsku poruku da bi se zatra\u017eile li\u010dne informacije klijenata ili da se savetuju klijenti da se povezuju na e-banking iz adrese elektronske poruke.<\/p>\n<p>&nbsp;<\/p>\n<p>Svaki put posetite na\u0161e e-bankarstvo direktno iz URL trake za adrese na va\u0161em pretra\u017eiva\u010du interneta. https:\/\/ebanking.bekonomike.com\/. \u00a0U nastavku su dati neki drugi va\u017eni koraci koje mo\u017eete pro\u010ditati da biste sebe spre\u010dili od postojanja \u017ertve &#8216;phishinga&#8217;: Nikada nemojte otkriti va\u0161u lozinku, ona je privatna. Nemojte dati va\u0161e podatke nekom licu, ili nemojte ih razmeniti putem elektronskih poruka ili telefona.<\/p>\n<p>&nbsp;<\/p>\n<p>Ne postoji osoblje Banka Ekonomike koje \u0107e vam zatra\u017eiti va\u0161u lozinku ili li\u010dne podatke na ovaj na\u010din. Ako dobijete elektronsku poruku koja vas upozorava da \u0107e se va\u0161 ra\u010dun u Banka Ekonomike zatvoriti ukoliko ne potvrdite va\u0161e li\u010dne podatke, nemojte odgovoriti, ili nemojte kliknuti na link elektronske poruke. Dr\u017eite \u0161to dalje li\u010dne i finansijske informacije od elektronske poruke. Pre nego \u0161to unesete finansijsku informaciju preko interneta, pogledajte da li se pojavljuje HTTPS na traci za adrese interneta, prefiks S (secure).<\/p>\n<p>&nbsp;<\/p>\n<p>To ukazuje da \u0107e va\u0161a informacija biti bezbedne tokom prenosa. Banka Ekonomike nikada ne\u0107e zatra\u017eiti li\u010dne ili finansijske informacije od vas putem jednog obrasca ili u obliku elektronske poruke. Prevaranti vam \u010desto ukazuju na to da izvr\u0161ite pla\u0107anje kao probu ili test, ali budite oprezni jer mo\u017eete izvr\u0161iti stvarnu uplatu.<\/p>\n<p>&nbsp;<\/p>\n<p>Pogledajte stanje va\u0161eg ra\u010duna putem e-bankarstva \u0161to je \u010de\u0161\u0107e mogu\u0107e da biste \u0161to bolje pratili stanje va\u0161eg ra\u010duna i da biste uklonili sumnju la\u017enih transakcija. Ako primetite ne\u0161to sumnjivo, molimo vas, nemojte oklevati i odmah pozovite na\u0161 pozivni centar na broj telefona 038 500 500.<\/p>\n<p>&nbsp;<\/p>\n<p>Va\u0161e izve\u0161tavanje \u0107e nam pomo\u0107i da spre\u010dimo ove negativne pojave.<\/p>\n","protected":false},"excerpt":{"rendered":"<p>Lozinka sa jednokratnom upotrebom (LJU) &nbsp; Lozinka sa jednokratnom upotrebom ili LJU je jedinstvena lozinka koja va\u017ei samo za kratkoro\u010dne vremenske periode koja se koristi kao dodatna mera za bezbednost online bankarskih usluga. Ova lozinka (password) \u0107e vam biti poslata putem poruke (SMS) i va\u017ei samo za jednu upotrebu. &nbsp; LJU \u0107e vam biti poslat [&hellip;]<\/p>\n","protected":false},"author":1,"featured_media":6703,"parent":0,"menu_order":0,"comment_status":"closed","ping_status":"closed","template":"content-template.php","meta":{"_acf_changed":false,"footnotes":""},"class_list":["post-4162","page","type-page","status-publish","has-post-thumbnail","hentry"],"acf":[],"_links":{"self":[{"href":"https:\/\/test.bekonomike.com\/sr\/wp-json\/wp\/v2\/pages\/4162","targetHints":{"allow":["GET"]}}],"collection":[{"href":"https:\/\/test.bekonomike.com\/sr\/wp-json\/wp\/v2\/pages"}],"about":[{"href":"https:\/\/test.bekonomike.com\/sr\/wp-json\/wp\/v2\/types\/page"}],"author":[{"embeddable":true,"href":"https:\/\/test.bekonomike.com\/sr\/wp-json\/wp\/v2\/users\/1"}],"replies":[{"embeddable":true,"href":"https:\/\/test.bekonomike.com\/sr\/wp-json\/wp\/v2\/comments?post=4162"}],"version-history":[{"count":2,"href":"https:\/\/test.bekonomike.com\/sr\/wp-json\/wp\/v2\/pages\/4162\/revisions"}],"predecessor-version":[{"id":4165,"href":"https:\/\/test.bekonomike.com\/sr\/wp-json\/wp\/v2\/pages\/4162\/revisions\/4165"}],"wp:featuredmedia":[{"embeddable":true,"href":"https:\/\/test.bekonomike.com\/sr\/wp-json\/wp\/v2\/media\/6703"}],"wp:attachment":[{"href":"https:\/\/test.bekonomike.com\/sr\/wp-json\/wp\/v2\/media?parent=4162"}],"curies":[{"name":"wp","href":"https:\/\/api.w.org\/{rel}","templated":true}]}}