{"id":4175,"date":"2024-11-07T15:16:21","date_gmt":"2024-11-07T15:16:21","guid":{"rendered":"https:\/\/test.bekonomike.com\/%d0%b8%d0%bd%d0%b4%d0%b8%d0%b2%d0%b8%d0%b4%d1%83%d0%b0%d0%bb%d0%bd%d0%b8\/usluge\/sms-banking\/"},"modified":"2025-04-29T12:50:56","modified_gmt":"2025-04-29T12:50:56","slug":"sms-banking","status":"publish","type":"page","link":"https:\/\/test.bekonomike.com\/sr\/investicije\/usluge\/sms-banking\/","title":{"rendered":"SMS Banking"},"content":{"rendered":"<p><strong>Ovo vam omogu\u0107ava da imate pristup stanja na va\u0161em ra\u010dunu putem mobilnog telefona, u bilo koje vreme i kad god \u017eelite.<\/strong><\/p>\n<p>&nbsp;<\/p>\n<p>Dovoljno je da pozovete broj Banka Ekonomike i za nekoliko sekundi, na va\u0161em mobilnom telefonu \u0107ete primiti SMS o stanju na va\u0161em ra\u010dunu! Ovaj proizvod se nudi svim klijentima koji imaju otvorene ra\u010dune u Banka Ekonomike.<\/p>\n<p>&nbsp;<\/p>\n<p>&nbsp;<\/p>\n<p><strong>Kako funkcioni\u0161e SMS INFO?<\/strong><\/p>\n<p>&nbsp;<\/p>\n<ul>\n<li>Birajte namenjeni broj <strong>044 507 901<\/strong><\/li>\n<li>Nakon prvog zvonjenja veza se automatski prekida, a broj mobilnog telefona koji je pozvao se registruje u bazi podataka banke.<\/li>\n<li>Nakon nekoliko sekundi, primi\u0107ete SMS na va\u0161em mobilnom telefonu<\/li>\n<li>U zavisnosti u kojoj valuti imate va\u0161 novac na teku\u0107em ra\u010dunu, \u0161tednje ili koristite proizvod dozvoljenog prekora\u010denja, va\u0161a poruka \u0107e imati slede\u0107i sadr\u017eaj:<\/li>\n<\/ul>\n<p><strong>Banka Ekonomike D. D.<\/strong><\/p>\n<p><strong>Stanje na va\u0161em ra\u010dunu \u201d1401*******\u201dje: 500.00 EVRA<\/strong><\/p>\n<p><strong>\u0160tednja: 200.00 EVRA<\/strong><\/p>\n<p><strong>Dozvoljeno prekora\u010denje: 500.00 EVRA<\/strong><\/p>\n<p>&nbsp;<\/p>\n<p><strong>SMS Obave\u0161tenje<\/strong><\/p>\n<p>&nbsp;<\/p>\n<p>Omogu\u0107uje vam informisanje o promenama stanja va\u0161eg ra\u010duna, kroz SMS na va\u0161em mobilnom telefonu nakon svake transakcije (izmene na ra\u010dunu).<\/p>\n<p>&nbsp;<\/p>\n<p>&nbsp;<\/p>\n<p>Kako funkcioni\u0161e SMS OBAVE\u0160TENJE?<\/p>\n<p>&nbsp;<\/p>\n<p>Ako \u017eelite da ne primite SMS za manje iznose izvr\u0161enih transakcija na va\u0161em ra\u010dunu, u tom slu\u010daju mo\u017eete odrediti iznos iznad kojeg \u017eelite da budete obave\u0161teni.<\/p>\n<p>Primer: Ako odredite limit za obave\u0161tenje u iznosu od 50.00 evra, onda \u0107ete primiti SMS nakon svake transakcije izvr\u0161ene u iznosu iznad gore navedene vrednosti.<\/p>\n<p>&nbsp;<\/p>\n<p>U slu\u010daju gubitka va\u0161eg mobilnog telefona, kontaktirajte najbli\u017eu filijalu Bank\u00ebs Ekonomike.<\/p>\n<p><strong>SMS Dopuna<\/strong><\/p>\n<p><strong>\u00a0<\/strong><\/p>\n<p>To je elektronska usluga kada se kroz va\u0161 ra\u010dun u Banka Ekonomike, samo jendim SMS-om mo\u017eete dopuniti va\u0161 mobilni telefon operatora\u00a0IPKO\u00a0i VALA, mo\u017ee se slati dopuna drugima, i uplatiti druge usluge (internet, duo tv, duo fix i tv) operatora IPKO.To je elektronska usluga kada se kroz va\u0161 ra\u010dun u Banka Ekonomike, samo jendim SMS-om mo\u017eete dopuniti va\u0161 mobilni telefon operatora\u00a0IPKO\u00a0i VALA, mo\u017ee se slati dopuna drugima, i uplatiti druge usluge (internet, duo tv, duo fix i tv) operatora IPKO.<\/p>\n<p>&nbsp;<\/p>\n<p><strong>Kako se aktivira proizvod SMS Dopuna? <\/strong><\/p>\n<p>Vi se mo\u017eete aplicirati u svakoj filijali Banka Ekonomike za proizvod SMS-dopuna i za nekoliko minuta va\u0161e usluge \u0107e biti aktivirane za upotrebu.<\/p>\n<p><strong>\u00a0<\/strong><\/p>\n<p><strong>Kako funkcioni\u0161e SMS Dopuna? <\/strong><\/p>\n<p><strong>\u00a0<\/strong><\/p>\n<p>Dopuna va\u0161eg mobilnog telefona Ipko ili Vala<br \/>\nUnesite samo nov\u010dani iznos i po\u0161aljite SMS na broj 50005<br \/>\nPrimer:10<br \/>\nPoruka izgleda ovako 10Dopuna telefona va\u0161eg \u010dlana porodice ili prijatelja<br \/>\nUnesite broj telefona va\u0161eg prijatelja, razmak, iznos novca koji \u017eelite da po\u0161aljete va\u0161em prijatelju i ovaj SMS po\u0161aljite na broj 50005.<br \/>\nPrimer: Broj telefona, razmak, iznos<br \/>\nPoruka za operatora\u00a0izgleda ovako 049123456 5, dok za operatora Vala 044123456 5 Dopuna va\u0161eg fiksnog telefona operatora Ipko<br \/>\nUnesite re\u010d fiks, razmak, broj telefona, prostor i iznos novca i po\u0161aljite SMS na broj 50005<br \/>\nPrimer: fiks, razmak, broj telefona, prostor, iznos<br \/>\nPoruka izgleda ovako: fiks 038712345 20<\/p>\n<p><strong>\u00a0<\/strong><\/p>\n<p><strong>SMS Dopuna interneta <\/strong><\/p>\n<p><strong>\u00a0<\/strong><\/p>\n<p>Za operatora Ipko: Unesite re\u010d int, razmak, korisni\u010dko ime i po\u0161aljite SMS na broj 50005. Primer: int korisni\u010dko ime.<\/p>\n<p><strong>\u00a0<\/strong><\/p>\n<p><strong>SMS Dopuna kablovskih usluga <\/strong><\/p>\n<p><strong>\u00a0<\/strong><\/p>\n<p><strong>Za operatora Ipko TV<\/strong><\/p>\n<p>Unesite re\u010d tv, razmak, korisni\u010dko ime i po\u0161aljite SMS na broj50005<\/p>\n<p><strong>Primer: tv korisni\u010dko ime DUOTV<\/strong><\/p>\n<p>Unesite re\u010d duo tv, razmak, korisni\u010dko ime i po\u0161aljite SMS na broj 50005<\/p>\n<p><strong>Primer: duo tv korisni\u010dko ime DUOFIX<\/strong><\/p>\n<p>Unesite re\u010d duo fix, razmak, korisni\u010dko ime i po\u0161aljite SMS na broj 50005<\/p>\n<p>Primer: duo fix korisni\u010dko ime<\/p>\n<p><strong>\u00a0<\/strong><\/p>\n<p><strong>Granice za dopunu <\/strong><\/p>\n<p><strong>\u00a0<\/strong><\/p>\n<p>Minimalna vrednost za dopunu mobilnog i fiksnog telefona je 1evro. Mo\u017eete dopuniti va\u0161 telefon po\u010dev od 1evra i vi\u0161e. Dopunu mobilnog ili fiksnog telefona operatora Ipko\u00a0mo\u017eete uraditi punim iznosima od 1, 2, 3, 4, 5&#8230;20, 30 evra &#8230; to jest, iznosu sa decimalnim zarezima se ne primaju SMS-om. A iznosi koje podr\u017eava operator Vala su: 1, 2, 3, 5, 10, 20, 40 evra.<\/p>\n<p><strong>\u00a0<\/strong><\/p>\n<p><strong>\u00a0<\/strong><\/p>\n<p><strong>Automatski nalog<\/p>\n<p><\/strong><\/p>\n<p><strong>Automatski nalog pla\u0107anja omogu\u0107ava klijentima da izvr\u0161e fiksne promene za odre\u0111eni vremenski period, automatskim prenosom sredstava sa ra\u010duna na ra\u010dun \u0161tednje, pla\u0107anje kirije i druga fiksna pla\u0107anja. Automatski nalozi pla\u0107anja mogu se potpisati na 1,3,6 i 12 meseci.<\/strong><\/p>\n<p><strong>\u00a0<\/strong><\/p>\n<p><strong>Western Union<\/strong><\/p>\n<p><strong>\u00a0<\/strong><\/p>\n<p><strong>Slu\u017ebu Western Union mo\u017eete na\u0107i i u \u0161alterima Banka Ekonomike.<\/strong><\/p>\n<p>&nbsp;<\/p>\n<p>Od maja 2002. godine Finansijska unija Pri\u0161tina je potpisala sporazum saradnje sa Banka Ekonomike o pru\u017eanju usluga Western Union-a.<\/p>\n<p>Western Union Financial Services Inc., je kompanija broj 1 za usluge transfera novca \u0161irom sveta.<\/p>\n<p>Prilikom kori\u0161\u0107enja usluga Western Union vi \u0107ete imati:<\/p>\n<p>&nbsp;<\/p>\n<p><strong>BEZBEDNOST:<\/strong><\/p>\n<p>Prenos je za\u0161ti\u0107en sistemom visoke bezbednosti me\u0111unarodnih standarda.<\/p>\n<p><strong>BRZINU:<\/strong><\/p>\n<p>Mo\u017eete da po\u0161aljete novac koji je nakon nekoliko minuta spreman da se povu\u010de.<\/p>\n<p><strong>POUZDANOST:<\/strong><\/p>\n<p>Novac se upla\u0107uje samo licu koju ste vi odredili (primaocu). Tako\u0111e, Western Union\u00ae, vas osigurava da \u0107e va\u0161 transfer biti validan za uplatu ili u protivnom \u0107e se novac vratiti po\u0161iljaocu.<\/p>\n<p><strong>LAKO\u0106A:<\/strong><\/p>\n<p>Nema potrebe da imate bankarski ra\u010dun, \u010dekove, depozite. Mo\u017eete koristiti telefon ili internet. Veoma lako se mo\u017ee na\u0107i \u0161iroka mre\u017ea agencija, koje su veoma blizu vama.<\/p>\n<p>&nbsp;<\/p>\n<p>Za vi\u0161e informacija o uslugama WU mo\u017eete kontaktirati Finansijsku uniju Pri\u0161tina na broj telefona: 038 549 840 ili 044\/049 110 840, www.ufp-ks.com i Banka Ekonomike na broj telefona: 038\/ 500-500.<\/p>\n","protected":false},"excerpt":{"rendered":"<p>Ovo vam omogu\u0107ava da imate pristup stanja na va\u0161em ra\u010dunu putem mobilnog telefona, u bilo koje vreme i kad god \u017eelite. &nbsp; Dovoljno je da pozovete broj Banka Ekonomike i za nekoliko sekundi, na va\u0161em mobilnom telefonu \u0107ete primiti SMS o stanju na va\u0161em ra\u010dunu! Ovaj proizvod se nudi svim klijentima koji imaju otvorene ra\u010dune [&hellip;]<\/p>\n","protected":false},"author":1,"featured_media":6538,"parent":4113,"menu_order":0,"comment_status":"closed","ping_status":"closed","template":"grandchild-default-template-blog.php","meta":{"_acf_changed":false,"footnotes":""},"class_list":["post-4175","page","type-page","status-publish","has-post-thumbnail","hentry"],"acf":[],"_links":{"self":[{"href":"https:\/\/test.bekonomike.com\/sr\/wp-json\/wp\/v2\/pages\/4175","targetHints":{"allow":["GET"]}}],"collection":[{"href":"https:\/\/test.bekonomike.com\/sr\/wp-json\/wp\/v2\/pages"}],"about":[{"href":"https:\/\/test.bekonomike.com\/sr\/wp-json\/wp\/v2\/types\/page"}],"author":[{"embeddable":true,"href":"https:\/\/test.bekonomike.com\/sr\/wp-json\/wp\/v2\/users\/1"}],"replies":[{"embeddable":true,"href":"https:\/\/test.bekonomike.com\/sr\/wp-json\/wp\/v2\/comments?post=4175"}],"version-history":[{"count":1,"href":"https:\/\/test.bekonomike.com\/sr\/wp-json\/wp\/v2\/pages\/4175\/revisions"}],"predecessor-version":[{"id":4176,"href":"https:\/\/test.bekonomike.com\/sr\/wp-json\/wp\/v2\/pages\/4175\/revisions\/4176"}],"up":[{"embeddable":true,"href":"https:\/\/test.bekonomike.com\/sr\/wp-json\/wp\/v2\/pages\/4113"}],"wp:featuredmedia":[{"embeddable":true,"href":"https:\/\/test.bekonomike.com\/sr\/wp-json\/wp\/v2\/media\/6538"}],"wp:attachment":[{"href":"https:\/\/test.bekonomike.com\/sr\/wp-json\/wp\/v2\/media?parent=4175"}],"curies":[{"name":"wp","href":"https:\/\/api.w.org\/{rel}","templated":true}]}}