{"id":4182,"date":"2024-11-07T15:21:00","date_gmt":"2024-11-07T15:21:00","guid":{"rendered":"https:\/\/test.bekonomike.com\/%d0%b8%d0%bd%d0%b4%d0%b8%d0%b2%d0%b8%d0%b4%d1%83%d0%b0%d0%bb%d0%bd%d0%b8\/transferi\/kos-giro\/"},"modified":"2025-04-29T12:52:51","modified_gmt":"2025-04-29T12:52:51","slug":"kos-giro","status":"publish","type":"page","link":"https:\/\/test.bekonomike.com\/sr\/investicije\/transferi\/kos-giro\/","title":{"rendered":"KOS &#8211; GIRO"},"content":{"rendered":"<p><strong>\u017diro pla\u0107anje je jedan od najpovoljnijih na\u010dina pla\u0107anja.<\/strong><\/p>\n<p>&nbsp;<\/p>\n<p>Glavna primena je za pla\u0107anje ra\u010duna javnih usluga i redovnih, periodi\u010dnih pla\u0107anja.<\/p>\n<p>&nbsp;<\/p>\n<p>Ovaj na\u010din pla\u0107anja se koristi za izvr\u0161enje uplata komunalija, kao \u0161to su: KESCO, PTK, AKP, carinska slu\u017eba i osiguravaju\u0107a dru\u0161tva.<\/p>\n<p>&nbsp;<\/p>\n<p>Ra\u010dun je standardan a o\u010ditavanje se vr\u0161i od strane posebnih \u010dita\u010da bar kodova.<\/p>\n<p>&nbsp;<\/p>\n<p><strong>Razmena valuta<\/strong><\/p>\n<p><strong>Banka Ekonomike omogu\u0107ava svojim klijentima usluge za razmenu valuta u EURO, USD, GBP, i CHF, da bi klijenti bili u stanju da zadovolje svoje potrebe.<\/strong><\/p>\n<p><strong>Debitimi Direkt<\/strong><\/p>\n<p><strong>Direktni debit je novi proizvod koji je lansiran u bankarskom sistemu sa ciljem olak\u0161anja i ubrzanja redovnih uplata, kao \u0161to su struja, voda, telefon, itd.<\/strong><\/p>\n<p>&nbsp;<\/p>\n<p>Direktni debit je proizvod koji vam omogu\u0107uje da va\u0161e redovne mese\u010dne uplate izvr\u0161ite na automatski na\u010din, potpisivanjem sporazuma sa kreditnom kompanijom.<\/p>\n","protected":false},"excerpt":{"rendered":"<p>\u017diro pla\u0107anje je jedan od najpovoljnijih na\u010dina pla\u0107anja. &nbsp; Glavna primena je za pla\u0107anje ra\u010duna javnih usluga i redovnih, periodi\u010dnih pla\u0107anja. &nbsp; Ovaj na\u010din pla\u0107anja se koristi za izvr\u0161enje uplata komunalija, kao \u0161to su: KESCO, PTK, AKP, carinska slu\u017eba i osiguravaju\u0107a dru\u0161tva. &nbsp; Ra\u010dun je standardan a o\u010ditavanje se vr\u0161i od strane posebnih \u010dita\u010da bar [&hellip;]<\/p>\n","protected":false},"author":1,"featured_media":0,"parent":4109,"menu_order":0,"comment_status":"closed","ping_status":"closed","template":"grandchild-default-template-blog.php","meta":{"_acf_changed":false,"footnotes":""},"class_list":["post-4182","page","type-page","status-publish","hentry"],"acf":[],"_links":{"self":[{"href":"https:\/\/test.bekonomike.com\/sr\/wp-json\/wp\/v2\/pages\/4182","targetHints":{"allow":["GET"]}}],"collection":[{"href":"https:\/\/test.bekonomike.com\/sr\/wp-json\/wp\/v2\/pages"}],"about":[{"href":"https:\/\/test.bekonomike.com\/sr\/wp-json\/wp\/v2\/types\/page"}],"author":[{"embeddable":true,"href":"https:\/\/test.bekonomike.com\/sr\/wp-json\/wp\/v2\/users\/1"}],"replies":[{"embeddable":true,"href":"https:\/\/test.bekonomike.com\/sr\/wp-json\/wp\/v2\/comments?post=4182"}],"version-history":[{"count":1,"href":"https:\/\/test.bekonomike.com\/sr\/wp-json\/wp\/v2\/pages\/4182\/revisions"}],"predecessor-version":[{"id":4183,"href":"https:\/\/test.bekonomike.com\/sr\/wp-json\/wp\/v2\/pages\/4182\/revisions\/4183"}],"up":[{"embeddable":true,"href":"https:\/\/test.bekonomike.com\/sr\/wp-json\/wp\/v2\/pages\/4109"}],"wp:attachment":[{"href":"https:\/\/test.bekonomike.com\/sr\/wp-json\/wp\/v2\/media?parent=4182"}],"curies":[{"name":"wp","href":"https:\/\/api.w.org\/{rel}","templated":true}]}}