{"id":4186,"date":"2024-11-07T14:03:46","date_gmt":"2024-11-07T14:03:46","guid":{"rendered":"https:\/\/test.bekonomike.com\/mastercard-flexi-visa-classic-dhe-visa-gold\/"},"modified":"2025-04-29T13:06:43","modified_gmt":"2025-04-29T13:06:43","slug":"master-card-flexi","status":"publish","type":"page","link":"https:\/\/test.bekonomike.com\/sr\/investicije\/kreditna-kartica\/master-card-flexi\/","title":{"rendered":"Master Card Flexi"},"content":{"rendered":"<p><strong>MasterCard Flexi je kreditna kartica koja vam omogu\u0107uje pristup va\u0161em ra\u010dunu, u kojoj je odobren va\u0161 kreditni limit.<\/strong><\/p>\n<p>&nbsp;<\/p>\n<p>Ako vam je potreban dodatni novac na va\u0161em ra\u010dunu, onda kreditne kartice su pravi izbor za vas.<\/p>\n<p>&nbsp;<\/p>\n<p>MasterCard Flexi kartica je tako\u0111e namenjena za kupovinu na svakom prodajnom mestu (POS terminalu) na Kosovu i milionima prodajnih mesta \u0161irom sveta, u prodavnicama, supermarketima, restoranima, agencijama putovanja, benzinskim pumpama i bilo gde je prikazan logo MasterCard.<\/p>\n<p>&nbsp;<\/p>\n<p>Mo\u017eete povla\u010diti novac na svakom bankomatu (ATM) Banka Ekonomike, ili svakom drugom bankomatu (ATM) gde je prikazan logo MasterCard na Kosovu i \u0161irom sveta. Sa MasterCard Flexi kredit karticom, mo\u017eete obaviti kupovinu robe i usluga putem interneta.<\/p>\n<p><strong>\u00a0<\/strong><\/p>\n<p><strong>Prednosti i koristi: <\/strong><\/p>\n<p>Kori\u0161\u0107enje na prodajnim mestima (POS terminalima) i bankomatima (ATM) \u0161irom sveta, pristup 24 \u010dasova dnevno, 7 dana nedeljno, kupovina robe\/usluga u prodajnim mestima (POS) Banka Ekonomike u RATAMA BEZ KAMATE, mo\u017eete da zaradite BONUS bodove do 1% kod trgovaca koji su deo programa bonusa, kupovina robe i usluga preko interneta, kori\u0161\u0107enje kreditnog limita u skladu sa va\u0161im zahtevima 45 dana roka za pla\u0107anje obaveze, 10% mese\u010dnog minimalnog pla\u0107anja ukupne obaveze, povla\u010denje gotovog novca do 50% limita kreditne kartice, jednostavnost upravljanja karticom putem e-bankarstva<\/p>\n<p><strong>\u00a0<\/strong><\/p>\n<p><strong>\u0160ta se podrazumeva pod ratama bez kamate? <\/strong><\/p>\n<ul>\n<li>Rate bez kamate je mogu\u0107nost koju nudi MasterCard Flexi kojom mo\u017eete kupiti proizvode i usluge u ratama bez optere\u0107enja kamatnim tro\u0161kovima. Ovom karticom mo\u017eete podeliti pla\u0107anja do 18 rata, u zavisnosti od trgovca.<\/li>\n<li><\/li>\n<li><\/li>\n<\/ul>\n<ul>\n<li>Ako se pla\u0107anje rate izvr\u0161i do odre\u0111enog datuma pla\u0107anja (05 narednog meseca) onda nema nikakve kamate, me\u0111utim, ako se pla\u0107anje ne izvr\u0161i u odre\u0111enom datumu, u tom slu\u010daju za isplatu rate za taj mesec se primenjuje redovna kamata, odre\u0111ena prema va\u017ee\u0107em cenovniku.<\/li>\n<\/ul>\n<p>&nbsp;<\/p>\n<p><strong>Uputstva za kori\u0161\u0107enje kartica <\/strong><\/p>\n<p><strong>\u00a0<\/strong><\/p>\n<p>Stavite karticu u Bankomat (ATM) a zatim izaberite po\u017eeljni jezik (albanski ili engleski),<\/p>\n<p>nakon \u0161to ste izabrali po\u017eeljni jezik, otkucajte kod kartice (PIN),<\/p>\n<p>nakon \u0161to ste otkucali kod kartice (PIN), izaberite opciju aktivnosti\u00a0 koju \u017eelite da izvr\u0161ite (povla\u010denje novca, bilans stanja ra\u010duna, itd), bankomat (ATM) uvek pokazuje\u00a0 po\u017eeljni\u00a0 izbor, stoga jednostavno pratite uputstva na ekranu<\/p>\n<p><strong>Uputstva za kori\u0161\u0107enje kartica na prodajnim mestima (POS terminalima) <\/strong><\/p>\n<p><strong>\u00a0<\/strong><\/p>\n<p>Za obavljanje kupovine na jednom prodajnom mestu (POS terminalu) treba jednostavno provu\u010di karticu na terminalu (vi ili trgovac), potom treba da otkucate kod kartice (PIN), nakon \u0161to ste provukli karticu na prodajnom mestu (POS terminalu), transakcija se vr\u0161i uspe\u0161no, i prodavac treba da vam da ra\u010dun da ga potpi\u0161ete, koji zadr\u017eava trgovac, i jo\u0161 jedan ra\u010dun koji treba da zadr\u017eite vi.<\/p>\n<p>&nbsp;<\/p>\n<p><strong>Uputstva za kori\u0161\u0107enje kartica na internetu <\/strong><\/p>\n<p><strong>\u00a0<\/strong><\/p>\n<p>Za obavljanje kupovine na internetu, prvo treba da izaberete vrstu kartice, zatim treba da upi\u0161ete broj kartice, ime nosioca kartice i datum isteka kartice, i na kraju se pi\u0161e trocifreni kod CVC (za MasterCard kartice) ili CVV2 (za Visa kartice), koji se nalazi na pole\u0111ini kartice. (Za kupovinu preko interneta nikada se ne otkuca PIN kod. PIN kod se koristi samo za kupovinu na prodajnim mestima (POS terminalima) i za povla\u010denje novca iz bankomata). Da biste se opremili ovim karticama, treba da imate otvoren ra\u010dun u Banka Ekonomike.<\/p>\n<p>&nbsp;<\/p>\n","protected":false},"excerpt":{"rendered":"<p>MasterCard Flexi je kreditna kartica koja vam omogu\u0107uje pristup va\u0161em ra\u010dunu, u kojoj je odobren va\u0161 kreditni limit. &nbsp; Ako vam je potreban dodatni novac na va\u0161em ra\u010dunu, onda kreditne kartice su pravi izbor za vas. &nbsp; MasterCard Flexi kartica je tako\u0111e namenjena za kupovinu na svakom prodajnom mestu (POS terminalu) na Kosovu i milionima [&hellip;]<\/p>\n","protected":false},"author":1,"featured_media":0,"parent":4576,"menu_order":0,"comment_status":"closed","ping_status":"closed","template":"grandchild-default-template-blog.php","meta":{"_acf_changed":false,"footnotes":""},"class_list":["post-4186","page","type-page","status-publish","hentry"],"acf":[],"_links":{"self":[{"href":"https:\/\/test.bekonomike.com\/sr\/wp-json\/wp\/v2\/pages\/4186","targetHints":{"allow":["GET"]}}],"collection":[{"href":"https:\/\/test.bekonomike.com\/sr\/wp-json\/wp\/v2\/pages"}],"about":[{"href":"https:\/\/test.bekonomike.com\/sr\/wp-json\/wp\/v2\/types\/page"}],"author":[{"embeddable":true,"href":"https:\/\/test.bekonomike.com\/sr\/wp-json\/wp\/v2\/users\/1"}],"replies":[{"embeddable":true,"href":"https:\/\/test.bekonomike.com\/sr\/wp-json\/wp\/v2\/comments?post=4186"}],"version-history":[{"count":2,"href":"https:\/\/test.bekonomike.com\/sr\/wp-json\/wp\/v2\/pages\/4186\/revisions"}],"predecessor-version":[{"id":4190,"href":"https:\/\/test.bekonomike.com\/sr\/wp-json\/wp\/v2\/pages\/4186\/revisions\/4190"}],"up":[{"embeddable":true,"href":"https:\/\/test.bekonomike.com\/sr\/wp-json\/wp\/v2\/pages\/4576"}],"wp:attachment":[{"href":"https:\/\/test.bekonomike.com\/sr\/wp-json\/wp\/v2\/media?parent=4186"}],"curies":[{"name":"wp","href":"https:\/\/api.w.org\/{rel}","templated":true}]}}