{"id":4199,"date":"2024-11-08T13:30:58","date_gmt":"2024-11-08T13:30:58","guid":{"rendered":"https:\/\/test.bekonomike.com\/kredi-me-keste\/"},"modified":"2025-05-28T09:31:40","modified_gmt":"2025-05-28T09:31:40","slug":"kredit-na-rate","status":"publish","type":"page","link":"https:\/\/test.bekonomike.com\/sr\/biznisi\/pozajmice\/kredit-na-rate\/","title":{"rendered":"Kredit na rate"},"content":{"rendered":"<p><strong>Va\u0161e poslovanje se odvija uspe\u0161no, ali su vam potrebne dodatne investicije? Da li imate neku novu ideju za pro\u0161irenje va\u0161eg postoje\u0107eg poslovanja?<\/strong><\/p>\n<p><strong>Banka Ekonomike nudi nove i veoma atraktivne uslove za finansiranje va\u0161ih poslovnih aktivnosti, pru\u017eaju\u0107i ni\u017eu kamatu a istovremeno i maksimalan rok za otplatu kredita!<\/strong><\/p>\n<p>&nbsp;<\/p>\n<p>Kredit u ratama za biznise se nudi kompanijama kojima je potrebno finansiranje investicija, finansiranje potreba za obrtnim kapitalom, finansiranje kupovine opreme i drugih alata.<\/p>\n<p>Krediti u ratama mogu se nuditi sa srednjoro\u010dnom ili dugoro\u010dnom strukturom. Rate su uglavnom jednake tokom celog perioda kredita. Za kompanije koje su pod uticajem izra\u017eenog sezonskog perioda za poljoprivredne aktivnosti i za kompanije sa potrebama za finansiranje projekata, koji otplatu sredstava treba da izvr\u0161e na zavr\u0161etku projekta, mi nudimo i kredite u ne redovnim ili i grejs periodima.<\/p>\n<p>&nbsp;<\/p>\n<p><strong>Minimalni iznos kredita:<\/strong><\/p>\n<p>&nbsp;<\/p>\n<p>1,000 evra<\/p>\n<p>&nbsp;<\/p>\n<p><strong>Namena:<\/strong><\/p>\n<p>&nbsp;<\/p>\n<ul>\n<li>Radni kapital i reprezentativni radni kapital<\/li>\n<li>Osnovna sredstva<\/li>\n<li>Kredit za renoviranje, izgradnju ili kupovinu nekretnina (poslovne prostore, zemlji\u0161te)<\/li>\n<li>Me\u0161ana<\/li>\n<\/ul>\n<p>&nbsp;<\/p>\n<p>U svojstvu individualnog klijenta va\u017ee svi proizvodi navedeni na \u201cDelu usluga za individualne klijente\u201d<\/p>\n<p>&nbsp;<\/p>\n<p><strong>Rok otplate kredita:<\/strong><\/p>\n<p>&nbsp;<\/p>\n<p>Sredstva za obrtni kapital do 36 meseci<\/p>\n<p>Osnovna sredstva do 84 meseci<\/p>\n<p>Renoviranje poslovnih objekata, stambenih, kupovina nekretnina do 120 meseci<\/p>\n<p><strong>Plan otplate:<\/strong><\/p>\n<p>&nbsp;<\/p>\n<p>Redovan ili neredovan<\/p>\n<p>&nbsp;<\/p>\n<p><strong>Grejs period:<\/strong><\/p>\n<p>&nbsp;<\/p>\n<p>Do 12 meseci za biznise<\/p>\n<p>Do 18 meseci za poljoprivredne biznise i individualne poljoprivrednike<\/p>\n<p>&nbsp;<\/p>\n<p><strong>Garant:<\/strong><\/p>\n<p>&nbsp;<\/p>\n<p>I bez garanta za iznose preko 20,000 evra do 50,000 evra<\/p>\n<p>&nbsp;<\/p>\n<p><strong>Kolateral:<\/strong><\/p>\n<p>&nbsp;<\/p>\n<p>Samo 50% iznosa kredita za vrednosti do 10,000 evra<\/p>\n<p>I preko 50,000 evra bez hipoteke<\/p>\n","protected":false},"excerpt":{"rendered":"<p>Va\u0161e poslovanje se odvija uspe\u0161no, ali su vam potrebne dodatne investicije? Da li imate neku novu ideju za pro\u0161irenje va\u0161eg postoje\u0107eg poslovanja? Banka Ekonomike nudi nove i veoma atraktivne uslove za finansiranje va\u0161ih poslovnih aktivnosti, pru\u017eaju\u0107i ni\u017eu kamatu a istovremeno i maksimalan rok za otplatu kredita! &nbsp; Kredit u ratama za biznise se nudi kompanijama [&hellip;]<\/p>\n","protected":false},"author":1,"featured_media":4200,"parent":4211,"menu_order":2,"comment_status":"closed","ping_status":"closed","template":"grandchild-default-template-v2.php","meta":{"_acf_changed":false,"footnotes":""},"class_list":["post-4199","page","type-page","status-publish","has-post-thumbnail","hentry"],"acf":[],"_links":{"self":[{"href":"https:\/\/test.bekonomike.com\/sr\/wp-json\/wp\/v2\/pages\/4199","targetHints":{"allow":["GET"]}}],"collection":[{"href":"https:\/\/test.bekonomike.com\/sr\/wp-json\/wp\/v2\/pages"}],"about":[{"href":"https:\/\/test.bekonomike.com\/sr\/wp-json\/wp\/v2\/types\/page"}],"author":[{"embeddable":true,"href":"https:\/\/test.bekonomike.com\/sr\/wp-json\/wp\/v2\/users\/1"}],"replies":[{"embeddable":true,"href":"https:\/\/test.bekonomike.com\/sr\/wp-json\/wp\/v2\/comments?post=4199"}],"version-history":[{"count":3,"href":"https:\/\/test.bekonomike.com\/sr\/wp-json\/wp\/v2\/pages\/4199\/revisions"}],"predecessor-version":[{"id":6865,"href":"https:\/\/test.bekonomike.com\/sr\/wp-json\/wp\/v2\/pages\/4199\/revisions\/6865"}],"up":[{"embeddable":true,"href":"https:\/\/test.bekonomike.com\/sr\/wp-json\/wp\/v2\/pages\/4211"}],"wp:featuredmedia":[{"embeddable":true,"href":"https:\/\/test.bekonomike.com\/sr\/wp-json\/wp\/v2\/media\/4200"}],"wp:attachment":[{"href":"https:\/\/test.bekonomike.com\/sr\/wp-json\/wp\/v2\/media?parent=4199"}],"curies":[{"name":"wp","href":"https:\/\/api.w.org\/{rel}","templated":true}]}}