{"id":4217,"date":"2024-11-08T13:28:15","date_gmt":"2024-11-08T13:28:15","guid":{"rendered":"https:\/\/test.bekonomike.com\/%d0%bf%d0%be%d1%81%d0%b0%d0%be\/pozajmice\/leter-kredite\/"},"modified":"2025-04-29T13:26:32","modified_gmt":"2025-04-29T13:26:32","slug":"kreditno-pismo","status":"publish","type":"page","link":"https:\/\/test.bekonomike.com\/sr\/biznisi\/pozajmice\/kreditno-pismo\/","title":{"rendered":"Kreditno Pismo"},"content":{"rendered":"<p><strong>Kreditno pismo je neopoziv dokument koji se izdaje od strane banke izdavanja za izvr\u0161enje uplate za klijenta u korist dobavlja\u010da predstavljanjem dokumenata predvi\u0111enih u kreditnom pismu u propisanom roku.\u00a0<\/strong><\/p>\n<p>&nbsp;<\/p>\n<p>Kreditna pisma se mogu koristiti prvenstveno u me\u0111unarodnim tr\u017ei\u0161nim transakcijama.<\/p>\n<p>&nbsp;<\/p>\n<p>Takav instrument pla\u0107anja daje sigurnost dobavlja\u010du da \u0107e on\/ona biti ispla\u0107en za robu, nakon podno\u0161enja dokumenata u skladu sa utvr\u0111enim uslovima u kreditnom pismu. Ovaj proizvod je uglavnom posve\u0107en za kupovinu robe ili osnovnih sredstava.<\/p>\n<p>&nbsp;<\/p>\n<p><strong>Period otplate:<\/strong><\/p>\n<p>&#8211; Do 24 meseci<\/p>\n<p>&nbsp;<\/p>\n<p><strong>Garancija:<\/strong><\/p>\n<p>&#8211; I bez garancije do iznosa od 20,000 evra<\/p>\n<p>&nbsp;<\/p>\n<p><strong>Hipoteka:\u00a0<\/strong><\/p>\n<p>&#8211; Samo 50% iznosa garancije za vrednosti do 10,000 evra<\/p>\n<p>&#8211; I bez hipoteke za garancije iznosa &gt; 50,000 evra<\/p>\n","protected":false},"excerpt":{"rendered":"<p>Kreditno pismo je neopoziv dokument koji se izdaje od strane banke izdavanja za izvr\u0161enje uplate za klijenta u korist dobavlja\u010da predstavljanjem dokumenata predvi\u0111enih u kreditnom pismu u propisanom roku.\u00a0 &nbsp; Kreditna pisma se mogu koristiti prvenstveno u me\u0111unarodnim tr\u017ei\u0161nim transakcijama. &nbsp; Takav instrument pla\u0107anja daje sigurnost dobavlja\u010du da \u0107e on\/ona biti ispla\u0107en za robu, nakon [&hellip;]<\/p>\n","protected":false},"author":1,"featured_media":6644,"parent":4211,"menu_order":7,"comment_status":"closed","ping_status":"closed","template":"grandchild-default-template-v2.php","meta":{"_acf_changed":false,"footnotes":""},"class_list":["post-4217","page","type-page","status-publish","has-post-thumbnail","hentry"],"acf":[],"_links":{"self":[{"href":"https:\/\/test.bekonomike.com\/sr\/wp-json\/wp\/v2\/pages\/4217","targetHints":{"allow":["GET"]}}],"collection":[{"href":"https:\/\/test.bekonomike.com\/sr\/wp-json\/wp\/v2\/pages"}],"about":[{"href":"https:\/\/test.bekonomike.com\/sr\/wp-json\/wp\/v2\/types\/page"}],"author":[{"embeddable":true,"href":"https:\/\/test.bekonomike.com\/sr\/wp-json\/wp\/v2\/users\/1"}],"replies":[{"embeddable":true,"href":"https:\/\/test.bekonomike.com\/sr\/wp-json\/wp\/v2\/comments?post=4217"}],"version-history":[{"count":1,"href":"https:\/\/test.bekonomike.com\/sr\/wp-json\/wp\/v2\/pages\/4217\/revisions"}],"predecessor-version":[{"id":4220,"href":"https:\/\/test.bekonomike.com\/sr\/wp-json\/wp\/v2\/pages\/4217\/revisions\/4220"}],"up":[{"embeddable":true,"href":"https:\/\/test.bekonomike.com\/sr\/wp-json\/wp\/v2\/pages\/4211"}],"wp:featuredmedia":[{"embeddable":true,"href":"https:\/\/test.bekonomike.com\/sr\/wp-json\/wp\/v2\/media\/6644"}],"wp:attachment":[{"href":"https:\/\/test.bekonomike.com\/sr\/wp-json\/wp\/v2\/media?parent=4217"}],"curies":[{"name":"wp","href":"https:\/\/api.w.org\/{rel}","templated":true}]}}