{"id":4227,"date":"2024-11-08T15:11:27","date_gmt":"2024-11-08T15:11:27","guid":{"rendered":"https:\/\/test.bekonomike.com\/%d0%bf%d0%be%d1%81%d0%b0%d0%be\/usluge\/sms-mbushja\/"},"modified":"2025-04-29T13:36:27","modified_gmt":"2025-04-29T13:36:27","slug":"sms-dopuna","status":"publish","type":"page","link":"https:\/\/test.bekonomike.com\/sr\/biznisi\/usluge\/sms-dopuna\/","title":{"rendered":"SMS Dopuna"},"content":{"rendered":"<p><strong>To je elektronska usluga kada se kroz va\u0161 ra\u010dun u Banka Ekonomike, samo jendim SMS-om mo\u017eete dopuniti va\u0161 mobilni telefon operatora IPKO i VALA, mo\u017ee se slati dopuna drugima, i uplatiti druge usluge (internet, duo tv, duo fix i tv) operatora IPKO.<\/strong><\/p>\n<p><strong>\u00a0<\/strong><\/p>\n<p><strong>Kako se aktivira proizvod SMS Dopuna? <\/strong><\/p>\n<p>Vi se mo\u017eete aplicirati u svakoj filijali Banka Ekonomike za proizvod SMS-dopuna i za nekoliko minuta va\u0161e usluge \u0107e biti aktivirane za upotrebu.<\/p>\n<p><strong>\u00a0<\/strong><\/p>\n<p><strong>Kako funkcioni\u0161e SMS Dopuna? <\/strong><\/p>\n<ul>\n<li>Dopuna va\u0161eg mobilnog telefona Ipko ili Vala<\/li>\n<li><\/li>\n<li>Unesite samo nov\u010dani iznos i po\u0161aljite SMS na broj 50005<\/li>\n<li><\/li>\n<li>Primer:10<\/li>\n<li><\/li>\n<li>Poruka izgleda ovako 10Dopuna telefona va\u0161eg \u010dlana porodice ili prijatelja<\/li>\n<li><\/li>\n<li>Unesite broj telefona va\u0161eg prijatelja, razmak, iznos novca koji \u017eelite da po\u0161aljete va\u0161em prijatelju i ovaj SMS po\u0161aljite na broj 50005.<\/li>\n<li><\/li>\n<li>Primer: Broj telefona, razmak, iznos<\/li>\n<li><\/li>\n<li>Poruka za operatora izgleda ovako 049123456 5, dok za operatora Vala 044123456 5Dopuna va\u0161eg fiksnog telefona operatora Ipko<\/li>\n<li><\/li>\n<li>Unesite re\u010d fiks, razmak, broj telefona, prostor i iznos novca i po\u0161aljite SMS na broj 50005<\/li>\n<li><\/li>\n<li>Primer: fiks, razmak, broj telefona, prostor, iznos<\/li>\n<li><\/li>\n<li>Poruka izgleda ovako: fiks 038712345 20<\/li>\n<\/ul>\n<p><strong>\u00a0<\/strong><\/p>\n<p><strong>SMS Dopuna interneta <\/strong><\/p>\n<p><strong>\u00a0<\/strong><\/p>\n<p>Za operatora Ipko: Unesite re\u010d int, razmak, korisni\u010dko ime i po\u0161aljite SMS na broj 50005. Primer: int korisni\u010dko ime.<\/p>\n<p><strong>\u00a0<\/strong><\/p>\n<p><strong>SMS Dopuna kablovskih usluga <\/strong><\/p>\n<p>&nbsp;<\/p>\n<ul>\n<li>Za operatora Ipko<strong>TV<\/strong><\/li>\n<li><\/li>\n<li>Unesite re\u010d tv, razmak, korisni\u010dko ime i po\u0161aljite SMS na broj50005<\/li>\n<li><\/li>\n<li>Primer: tv korisni\u010dko ime <strong>DUOTV<\/strong><\/li>\n<li><\/li>\n<li>Unesite re\u010d duo tv, razmak, korisni\u010dko ime i po\u0161aljite SMS na broj 50005<\/li>\n<li><\/li>\n<li>Primer: duo tv korisni\u010dko ime <strong>DUOFIX<\/strong><\/li>\n<li><\/li>\n<li>Unesite re\u010d duo fix, razmak, korisni\u010dko ime i po\u0161aljite SMS na broj 50005<\/li>\n<li><\/li>\n<li>Primer: duo fix korisni\u010dko ime.<\/li>\n<\/ul>\n<p><strong>\u00a0<\/strong><\/p>\n<p><strong>Granice za dopunu <\/strong><\/p>\n<p><strong>\u00a0<\/strong><\/p>\n<p><strong>Minimalna vrednost za dopunu mobilnog i fiksnog telefona je 1evro. Mo\u017eete dopuniti va\u0161 telefon po\u010dev od 1evra i vi\u0161e. Dopunu mobilnog ili fiksnog telefona operatora Ipko\u00a0mo\u017eete uraditi punim iznosima od 1, 2, 3, 4, 5&#8230;20, 30 evra &#8230; to jest, iznosu sa decimalnim zarezima se ne primaju SMS-om. A iznosi koje podr\u017eava operator Vala su: 1, 2, 3, 5, 10, 20, 40 Evra.\u00a0\u00a0<\/strong><\/p>\n<p>&nbsp;<\/p>\n","protected":false},"excerpt":{"rendered":"<p>To je elektronska usluga kada se kroz va\u0161 ra\u010dun u Banka Ekonomike, samo jendim SMS-om mo\u017eete dopuniti va\u0161 mobilni telefon operatora IPKO i VALA, mo\u017ee se slati dopuna drugima, i uplatiti druge usluge (internet, duo tv, duo fix i tv) operatora IPKO. \u00a0 Kako se aktivira proizvod SMS Dopuna? Vi se mo\u017eete aplicirati u svakoj [&hellip;]<\/p>\n","protected":false},"author":1,"featured_media":6606,"parent":4118,"menu_order":0,"comment_status":"closed","ping_status":"closed","template":"grandchild-default-template-blog.php","meta":{"_acf_changed":false,"footnotes":""},"class_list":["post-4227","page","type-page","status-publish","has-post-thumbnail","hentry"],"acf":[],"_links":{"self":[{"href":"https:\/\/test.bekonomike.com\/sr\/wp-json\/wp\/v2\/pages\/4227","targetHints":{"allow":["GET"]}}],"collection":[{"href":"https:\/\/test.bekonomike.com\/sr\/wp-json\/wp\/v2\/pages"}],"about":[{"href":"https:\/\/test.bekonomike.com\/sr\/wp-json\/wp\/v2\/types\/page"}],"author":[{"embeddable":true,"href":"https:\/\/test.bekonomike.com\/sr\/wp-json\/wp\/v2\/users\/1"}],"replies":[{"embeddable":true,"href":"https:\/\/test.bekonomike.com\/sr\/wp-json\/wp\/v2\/comments?post=4227"}],"version-history":[{"count":2,"href":"https:\/\/test.bekonomike.com\/sr\/wp-json\/wp\/v2\/pages\/4227\/revisions"}],"predecessor-version":[{"id":6608,"href":"https:\/\/test.bekonomike.com\/sr\/wp-json\/wp\/v2\/pages\/4227\/revisions\/6608"}],"up":[{"embeddable":true,"href":"https:\/\/test.bekonomike.com\/sr\/wp-json\/wp\/v2\/pages\/4118"}],"wp:featuredmedia":[{"embeddable":true,"href":"https:\/\/test.bekonomike.com\/sr\/wp-json\/wp\/v2\/media\/6606"}],"wp:attachment":[{"href":"https:\/\/test.bekonomike.com\/sr\/wp-json\/wp\/v2\/media?parent=4227"}],"curies":[{"name":"wp","href":"https:\/\/api.w.org\/{rel}","templated":true}]}}