{"id":4423,"date":"2025-03-11T10:17:18","date_gmt":"2025-03-11T10:17:18","guid":{"rendered":"https:\/\/test.bekonomike.com\/biznisi\/korporata\/"},"modified":"2025-05-02T14:01:54","modified_gmt":"2025-05-02T14:01:54","slug":"korporacija","status":"publish","type":"page","link":"https:\/\/test.bekonomike.com\/sr\/biznisi\/korporacija\/","title":{"rendered":"Korporacija"},"content":{"rendered":"<p class=\"\" data-start=\"63\" data-end=\"410\"><strong data-start=\"63\" data-end=\"85\">Korporativni odsek<\/strong>, u uskoj saradnji sa <strong data-start=\"107\" data-end=\"143\">odsekom za individualne klijente<\/strong> i <strong data-start=\"146\" data-end=\"191\">odsekom za mala i srednja preduze\u0107a (MSP)<\/strong>, pru\u017ea pomo\u0107 i nudi usluge za klijente sa visokim profesionalizmom i fleksibilno\u0161\u0107u.<br data-start=\"276\" data-end=\"279\" \/>Na\u0161a posve\u0107enost je da odr\u017eimo i razvijamo poslovne odnose sa velikim i srednjim kompanijama koje posluju u <em data-start=\"387\" data-end=\"395\">Kosovu<\/em> i izvan njega.<\/p>\n<p class=\"\" data-start=\"412\" data-end=\"593\">Na\u0161i korporativni slu\u017ebenici nude bankarske usluge i finansijska re\u0161enja prilago\u0111ena potrebama klijenata. \u0160tavi\u0161e, fokus <strong data-start=\"533\" data-end=\"557\">Korporativnog odseka<\/strong> je na razvoju dugoro\u010dnih odnosa sa:<\/p>\n<ul>\n<li><strong data-start=\"39\" data-end=\"71\">Srednje i velike korporacije<\/strong><br data-start=\"71\" data-end=\"74\" \/><strong data-start=\"74\" data-end=\"101\">Finansijske institucije<\/strong> (banke i nebankarske institucije)<br data-start=\"135\" data-end=\"138\" \/><strong data-start=\"138\" data-end=\"222\">Vladine agencije, javna preduze\u0107a i lokalne vlasti, kao i nevladine organizacije<\/strong><\/li>\n<li><strong>Nd\u00ebrmarrjet e vogla dhe t\u00eb mesme<\/strong>\n<p class=\"\" data-start=\"73\" data-end=\"261\"><strong data-start=\"73\" data-end=\"92\">Banka Ekonomike<\/strong> vam nudi podr\u0161ku kroz razli\u010dite bankarske proizvode i usluge namenjene svakom malom i srednjem preduze\u0107u, stoje\u0107i na raspolaganju svima koji odlu\u010de da sara\u0111uju sa nama.<\/p>\n<p class=\"\" data-start=\"263\" data-end=\"389\">Bez obzira na svrhu va\u0161e investicije u poslovanju, na\u0161a banka je uvek va\u0161 potencijalni partner za razvoj i kontinuirani uspeh.<\/p>\n<p class=\"\" data-start=\"391\" data-end=\"685\">Ovi kreditni proizvodi su namenjeni da ispune va\u0161e potrebe i dele se na proizvode za <strong data-start=\"476\" data-end=\"487\">biznise<\/strong> i <strong data-start=\"490\" data-end=\"505\">agrobiznise<\/strong>.<br data-start=\"506\" data-end=\"509\" \/>Svrha ovih proizvoda odre\u0111uje se u zavisnosti od proizvoda ili usluge koju odaberete, a isti proizvod se precizira u posebnim kreditnim ugovorima za svaki pojedina\u010dni proizvod.<\/p>\n<\/li>\n<\/ul>\n","protected":false},"excerpt":{"rendered":"<p>Korporativni odsek, u uskoj saradnji sa odsekom za individualne klijente i odsekom za mala i srednja preduze\u0107a (MSP), pru\u017ea pomo\u0107 i nudi usluge za klijente sa visokim profesionalizmom i fleksibilno\u0161\u0107u.Na\u0161a posve\u0107enost je da odr\u017eimo i razvijamo poslovne odnose sa velikim i srednjim kompanijama koje posluju u Kosovu i izvan njega. Na\u0161i korporativni slu\u017ebenici nude bankarske [&hellip;]<\/p>\n","protected":false},"author":1,"featured_media":6665,"parent":3613,"menu_order":0,"comment_status":"closed","ping_status":"closed","template":"content-template.php","meta":{"_acf_changed":false,"footnotes":""},"class_list":["post-4423","page","type-page","status-publish","has-post-thumbnail","hentry"],"acf":[],"_links":{"self":[{"href":"https:\/\/test.bekonomike.com\/sr\/wp-json\/wp\/v2\/pages\/4423","targetHints":{"allow":["GET"]}}],"collection":[{"href":"https:\/\/test.bekonomike.com\/sr\/wp-json\/wp\/v2\/pages"}],"about":[{"href":"https:\/\/test.bekonomike.com\/sr\/wp-json\/wp\/v2\/types\/page"}],"author":[{"embeddable":true,"href":"https:\/\/test.bekonomike.com\/sr\/wp-json\/wp\/v2\/users\/1"}],"replies":[{"embeddable":true,"href":"https:\/\/test.bekonomike.com\/sr\/wp-json\/wp\/v2\/comments?post=4423"}],"version-history":[{"count":3,"href":"https:\/\/test.bekonomike.com\/sr\/wp-json\/wp\/v2\/pages\/4423\/revisions"}],"predecessor-version":[{"id":5293,"href":"https:\/\/test.bekonomike.com\/sr\/wp-json\/wp\/v2\/pages\/4423\/revisions\/5293"}],"up":[{"embeddable":true,"href":"https:\/\/test.bekonomike.com\/sr\/wp-json\/wp\/v2\/pages\/3613"}],"wp:featuredmedia":[{"embeddable":true,"href":"https:\/\/test.bekonomike.com\/sr\/wp-json\/wp\/v2\/media\/6665"}],"wp:attachment":[{"href":"https:\/\/test.bekonomike.com\/sr\/wp-json\/wp\/v2\/media?parent=4423"}],"curies":[{"name":"wp","href":"https:\/\/api.w.org\/{rel}","templated":true}]}}