{"id":4436,"date":"2024-11-08T11:59:08","date_gmt":"2024-11-08T11:59:08","guid":{"rendered":"https:\/\/test.bekonomike.com\/biznisi\/%d0%ba%d1%80%d0%b5%d0%b4%d0%b8%d1%82%d0%bd%d0%b5-%d0%ba%d0%b0%d1%80%d1%82%d0%b8%d1%86%d0%b5\/visa-platinium\/"},"modified":"2025-05-07T09:53:00","modified_gmt":"2025-05-07T09:53:00","slug":"visa-platinum","status":"publish","type":"page","link":"https:\/\/test.bekonomike.com\/sr\/biznisi\/kreditna-kartica\/visa-platinum\/","title":{"rendered":"VISA PLATINUM"},"content":{"rendered":"<h3 class=\"\" data-start=\"83\" data-end=\"127\"><strong data-start=\"87\" data-end=\"127\">VISA PLATINUM \u2013 SVET PUN PRIVILEGIJA<\/strong><\/h3>\n<p class=\"\" data-start=\"129\" data-end=\"225\"><strong data-start=\"129\" data-end=\"148\">Banka Ekonomike<\/strong> po prvi put u Kosovu predstavlja metalnu kreditnu karticu <strong data-start=\"207\" data-end=\"224\">Visa Platinum<\/strong>.<\/p>\n<p class=\"\" data-start=\"227\" data-end=\"340\">Visa Platinum je kreditna kartica koja vam omogu\u0107ava pristup va\u0161em ra\u010dunu na kojem je odobren va\u0161 kreditni limit.<\/p>\n<p class=\"\" data-start=\"342\" data-end=\"442\">Sa Visa Platinum karticom vas o\u010dekuje svet pun privilegija, sa ve\u0107im limitima i ve\u0107om kupovnom mo\u0107i.<\/p>\n<hr class=\"\" data-start=\"444\" data-end=\"447\" \/>\n<h3 class=\"\" data-start=\"449\" data-end=\"499\"><strong data-start=\"453\" data-end=\"499\">Pogodnosti Visa Platinum kreditne kartice:<\/strong><\/h3>\n<ul>\n<li data-start=\"503\" data-end=\"676\"><strong data-start=\"503\" data-end=\"569\">Besplatan pristup poslovnim salonima putem Lounge Key programa<\/strong><br data-start=\"569\" data-end=\"572\" \/>2 besplatne posete godi\u0161nje za korisnike Visa Platinum kartice, u vi\u0161e od 1200 VIP salona \u0161irom sveta.<\/li>\n<li data-start=\"680\" data-end=\"908\"><strong data-start=\"680\" data-end=\"732\">Prioritetni ukrcaj putem yQ Meet &amp; Assist usluge<\/strong><br data-start=\"732\" data-end=\"735\" \/>U preko 240 me\u0111unarodnih aerodroma, do 15% popusta na yQ usluge. Poseban prolaz za ukrcaj bez \u010dekanja u redu.<br data-start=\"846\" data-end=\"849\" \/>Ponuda va\u017ei do 25. oktobra 2025, uz mogu\u0107nost produ\u017eenja.<\/li>\n<li data-start=\"912\" data-end=\"1108\"><strong data-start=\"912\" data-end=\"967\">Popust pri rezervaciji hotela putem sajta agoda.com<\/strong><br data-start=\"967\" data-end=\"970\" \/>Do 12% popusta na rezervacije sme\u0161taja u preko 300.000 hotela \u0161irom sveta.<br data-start=\"1046\" data-end=\"1049\" \/>Ponuda va\u017ei do 31. januara 2025, uz mogu\u0107nost produ\u017eenja.<\/li>\n<li data-start=\"1112\" data-end=\"1328\"><strong data-start=\"1112\" data-end=\"1169\">Popust do 35% za iznajmljivanje automobila kod Avis-a<\/strong><br data-start=\"1169\" data-end=\"1172\" \/>Svi korisnici Visa Platinum kartice ostvaruju popust do 35% prilikom iznajmljivanja vozila.<br data-start=\"1265\" data-end=\"1268\" \/>Ponuda va\u017ei do 31. decembra 2024, uz mogu\u0107nost produ\u017eenja.<\/li>\n<\/ul>\n<hr class=\"\" data-start=\"1330\" data-end=\"1333\" \/>\n<h3 class=\"\" data-start=\"1335\" data-end=\"1361\"><strong data-start=\"1339\" data-end=\"1361\">Usluge osiguranja:<\/strong><\/h3>\n<ul>\n<li data-start=\"1365\" data-end=\"1473\"><strong data-start=\"1365\" data-end=\"1388\">Osiguranje kupovine<\/strong>: za\u0161tita od gubitka, kra\u0111e ili slu\u010dajnog o\u0161te\u0107enja, u roku od 90 dana od kupovine.<\/li>\n<li data-start=\"1476\" data-end=\"1555\"><strong data-start=\"1476\" data-end=\"1520\">Nadoknada za ka\u0161njenje leta ili prtljaga<\/strong>: va\u017ei za ka\u0161njenja du\u017ea od 4 sata.<\/li>\n<\/ul>\n<hr class=\"\" data-start=\"1557\" data-end=\"1560\" \/>\n<h3 class=\"\" data-start=\"1562\" data-end=\"1605\"><strong data-start=\"1566\" data-end=\"1605\">GCAS \u2013 Globalna korisni\u010dka podr\u0161ka:<\/strong><\/h3>\n<ul>\n<li data-start=\"1609\" data-end=\"1653\">Blokiranje izgubljene ili ukradene kartice<\/li>\n<li data-start=\"1656\" data-end=\"1706\">Hitna zamena kartice u slu\u010daju gubitka ili kra\u0111e<\/li>\n<li data-start=\"1709\" data-end=\"1774\">Hitno podizanje gotovine na vi\u0161e od 27.000 lokacija \u0161irom sveta<\/li>\n<li data-start=\"1777\" data-end=\"1815\">24\/7 korisni\u010dka podr\u0161ka putem telefona<\/li>\n<\/ul>\n<hr class=\"\" data-start=\"1817\" data-end=\"1820\" \/>\n<h3 class=\"\" data-start=\"1822\" data-end=\"1861\"><strong data-start=\"1826\" data-end=\"1861\">Medicinska i putna asistencija:<\/strong><\/h3>\n<ul>\n<li data-start=\"1865\" data-end=\"1917\">Informacije o vakcinaciji za destinaciju putovanja<\/li>\n<li data-start=\"1920\" data-end=\"1979\">Informacije o medicinskim ustanovama u zemlji destinacije<\/li>\n<li data-start=\"1982\" data-end=\"2002\">Kontakt sa lekarom<\/li>\n<li data-start=\"2005\" data-end=\"2028\">Medicinske konsultacije<\/li>\n<\/ul>\n","protected":false},"excerpt":{"rendered":"<p>VISA PLATINUM \u2013 SVET PUN PRIVILEGIJA Banka Ekonomike po prvi put u Kosovu predstavlja metalnu kreditnu karticu Visa Platinum. Visa Platinum je kreditna kartica koja vam omogu\u0107ava pristup va\u0161em ra\u010dunu na kojem je odobren va\u0161 kreditni limit. Sa Visa Platinum karticom vas o\u010dekuje svet pun privilegija, sa ve\u0107im limitima i ve\u0107om kupovnom mo\u0107i. Pogodnosti Visa [&hellip;]<\/p>\n","protected":false},"author":1,"featured_media":8642,"parent":4428,"menu_order":0,"comment_status":"closed","ping_status":"closed","template":"grandchild-default-template-blog.php","meta":{"_acf_changed":false,"footnotes":""},"class_list":["post-4436","page","type-page","status-publish","has-post-thumbnail","hentry"],"acf":[],"_links":{"self":[{"href":"https:\/\/test.bekonomike.com\/sr\/wp-json\/wp\/v2\/pages\/4436","targetHints":{"allow":["GET"]}}],"collection":[{"href":"https:\/\/test.bekonomike.com\/sr\/wp-json\/wp\/v2\/pages"}],"about":[{"href":"https:\/\/test.bekonomike.com\/sr\/wp-json\/wp\/v2\/types\/page"}],"author":[{"embeddable":true,"href":"https:\/\/test.bekonomike.com\/sr\/wp-json\/wp\/v2\/users\/1"}],"replies":[{"embeddable":true,"href":"https:\/\/test.bekonomike.com\/sr\/wp-json\/wp\/v2\/comments?post=4436"}],"version-history":[{"count":3,"href":"https:\/\/test.bekonomike.com\/sr\/wp-json\/wp\/v2\/pages\/4436\/revisions"}],"predecessor-version":[{"id":6502,"href":"https:\/\/test.bekonomike.com\/sr\/wp-json\/wp\/v2\/pages\/4436\/revisions\/6502"}],"up":[{"embeddable":true,"href":"https:\/\/test.bekonomike.com\/sr\/wp-json\/wp\/v2\/pages\/4428"}],"wp:featuredmedia":[{"embeddable":true,"href":"https:\/\/test.bekonomike.com\/sr\/wp-json\/wp\/v2\/media\/8642"}],"wp:attachment":[{"href":"https:\/\/test.bekonomike.com\/sr\/wp-json\/wp\/v2\/media?parent=4436"}],"curies":[{"name":"wp","href":"https:\/\/api.w.org\/{rel}","templated":true}]}}