{"id":4440,"date":"2025-02-12T16:19:04","date_gmt":"2025-02-12T16:19:04","guid":{"rendered":"https:\/\/test.bekonomike.com\/biznisi\/pozajmice\/dritarja-agro-dhe-standarde\/"},"modified":"2025-05-02T14:25:05","modified_gmt":"2025-05-02T14:25:05","slug":"agro-i-standardni-prozor","status":"publish","type":"page","link":"https:\/\/test.bekonomike.com\/sr\/biznisi\/pozajmice\/agro-i-standardni-prozor\/","title":{"rendered":"Agro i standardni prozor"},"content":{"rendered":"<p><strong>AGRO PROZOR<\/strong><\/p>\n<p>Agro prozor pru\u017ea garancije finansijskim institucijama za pokrivanje rizika kod kredita u poljoprivrednom sektoru. Klijenti koji ispunjavaju uslove su mikro, mala i srednja preduzec\u0301a (MSP) koja su registrovana kod Kosovske agencije za registraciju preduzec\u0301a (KRA) ili poljoprivrednici koji poseduju potvrdu o registraciji poljoprivrednika sa identifikacionim brojem poljoprivrednog gazdinstva (FIN).<\/p>\n<p>&nbsp;<\/p>\n<p>Za detaljnije informacije o specifikacijama Dritare Agro, kliknite na ovaj link:<\/p>\n<p><a href=\"https:\/\/fondikgk.org\/dritarja-agro\/\">FKGK &#8211; Dritarja Agro<\/a><\/p>\n<p>&nbsp;<\/p>\n<p><strong>STANDARDNI PROZOR<\/strong><\/p>\n<p>Standardni prozor pru\u017ea garancije finansijskim institucijama za pokrivanje rizika za kredite mikro, malim i srednjim preduzec\u0301ima (MSP) koja su registrovana kod Kosovske agencije za registraciju preduzec\u0301a (KARP).<\/p>\n<p>&nbsp;<\/p>\n<p>Standardni prozor ima za cilj da, pored podr\u0161ke pristupu finansiranju za sve sektore koji imaju zna\u010dajan udeo u ekonomiji zemlje i na koje ciljaju partnerske institucije KGFK, tako\u0111e stimuli\u0161e izvozna preduzec\u0301a nudec\u0301i bolje moguc\u0301nosti za ovu kategoriju.<\/p>\n<p>&nbsp;<\/p>\n<p>Za detaljnije informacije o specifikacijama Standardnog prozora, kliknite na ovaj link:<\/p>\n<p><a href=\"https:\/\/fondikgk.org\/dritarja-standarde\/\">FKGK &#8211; Dritarja Standarde<\/a><\/p>\n","protected":false},"excerpt":{"rendered":"<p>AGRO PROZOR Agro prozor pru\u017ea garancije finansijskim institucijama za pokrivanje rizika kod kredita u poljoprivrednom sektoru. Klijenti koji ispunjavaju uslove su mikro, mala i srednja preduzec\u0301a (MSP) koja su registrovana kod Kosovske agencije za registraciju preduzec\u0301a (KRA) ili poljoprivrednici koji poseduju potvrdu o registraciji poljoprivrednika sa identifikacionim brojem poljoprivrednog gazdinstva (FIN). &nbsp; Za detaljnije informacije [&hellip;]<\/p>\n","protected":false},"author":1,"featured_media":6508,"parent":4211,"menu_order":8,"comment_status":"closed","ping_status":"closed","template":"grandchild-default-template-v2.php","meta":{"_acf_changed":false,"footnotes":""},"class_list":["post-4440","page","type-page","status-publish","has-post-thumbnail","hentry"],"acf":[],"_links":{"self":[{"href":"https:\/\/test.bekonomike.com\/sr\/wp-json\/wp\/v2\/pages\/4440","targetHints":{"allow":["GET"]}}],"collection":[{"href":"https:\/\/test.bekonomike.com\/sr\/wp-json\/wp\/v2\/pages"}],"about":[{"href":"https:\/\/test.bekonomike.com\/sr\/wp-json\/wp\/v2\/types\/page"}],"author":[{"embeddable":true,"href":"https:\/\/test.bekonomike.com\/sr\/wp-json\/wp\/v2\/users\/1"}],"replies":[{"embeddable":true,"href":"https:\/\/test.bekonomike.com\/sr\/wp-json\/wp\/v2\/comments?post=4440"}],"version-history":[{"count":2,"href":"https:\/\/test.bekonomike.com\/sr\/wp-json\/wp\/v2\/pages\/4440\/revisions"}],"predecessor-version":[{"id":5320,"href":"https:\/\/test.bekonomike.com\/sr\/wp-json\/wp\/v2\/pages\/4440\/revisions\/5320"}],"up":[{"embeddable":true,"href":"https:\/\/test.bekonomike.com\/sr\/wp-json\/wp\/v2\/pages\/4211"}],"wp:featuredmedia":[{"embeddable":true,"href":"https:\/\/test.bekonomike.com\/sr\/wp-json\/wp\/v2\/media\/6508"}],"wp:attachment":[{"href":"https:\/\/test.bekonomike.com\/sr\/wp-json\/wp\/v2\/media?parent=4440"}],"curies":[{"name":"wp","href":"https:\/\/api.w.org\/{rel}","templated":true}]}}