{"id":4447,"date":"2025-02-12T16:33:28","date_gmt":"2025-02-12T16:33:28","guid":{"rendered":"https:\/\/test.bekonomike.com\/biznisi\/pozajmice\/dritarja-grate-ne-biznes\/"},"modified":"2025-05-02T15:17:21","modified_gmt":"2025-05-02T15:17:21","slug":"prozor-za-zene-u-biznisu","status":"publish","type":"page","link":"https:\/\/test.bekonomike.com\/sr\/biznisi\/pozajmice\/prozor-za-zene-u-biznisu\/","title":{"rendered":"Prozor za \u017eene u biznisu"},"content":{"rendered":"<p>Cilj programa \u201e\u017dene u biznisu\u201c je da olak\u0161a pristup finansiranju \u017eenama preduzetnicama, kao i da unapredi finansijsku pismenost, podr\u0161ku za koju se o\u010dekuje da c\u0301e uticati na finansijsku sigurnost i finansijsko i nezavisno osna\u017eivanje \u017eena.<\/p>\n<p>Ovaj prozor se nudi pod povoljnim uslovima u pogledu kreditnog rizika, kako bi se povec\u0301alo poverenje registrovanih finansijskih institucija u kreditiranje ovog va\u017enog segmenta tr\u017ei\u0161ta, \u0161to c\u0301e, kroz finansijsku podr\u0161ku, osigurati pozicioniranje na tr\u017ei\u0161tu, \u0161irenje na me\u0111unarodna tr\u017ei\u0161ta, stvaranje radnih mesta i podr\u0161ku ekonomskom razvoju na\u0161e zemlje.<\/p>\n<p>Posebna karakteristika ovog prozora je to \u0161to c\u0301e pored finansijske komponente ponuditi i nefinansijsku komponentu ili program tehni\u010dke pomoc\u0301i za \u017eene u biznisu, koji c\u0301e biti podr\u017ean u smislu:<\/p>\n<ul>\n<li>Izgradnja kapaciteta (finansijsko obrazovanje i formalizacija),<\/li>\n<li>Umre\u017eavanje, kao i<\/li>\n<li>Mentorstvo<\/li>\n<\/ul>\n<p><strong>POSREDNIK\u202f<\/strong><\/p>\n<p>Ekonomska banka AD, Nacionalna komercijalna banka, Banka za biznis AD, TEB AD<\/p>\n<p>&nbsp;<\/p>\n<p><strong>KOJA PREDUZEC\u0301A SE KVALIFIKUJU?<\/strong><\/p>\n<ul>\n<li>Parametri za MSP koja ispunjavaju uslove za finansiranje u okviru garancije uklju\u010duju, ali nisu ograni\u010deni na, sledec\u0301e:<\/li>\n<li>Privatna mikro-, mala i srednja preduzec\u0301a, bez dr\u017eavnog vlasni\u0161tva tokom perioda pokrivenosti kredita garancijom,<\/li>\n<li>MSP u vlasni\u0161tvu ili suvlasni\u0161tvu najmanje jedne \u017eene ili kojima rukovodi najmanje jedna \u017eena na izvr\u0161noj poziciji<\/li>\n<li>MSP koja imaju poslovnu registraciju<\/li>\n<li>Kvalifikovani zajmoprimac mora posedovati najmanje jednog fizi\u010dkog dr\u017eavljanina ili stalnog stanovnika Kosova,<\/li>\n<li>MSP \u2013 ona sa manje od 250 zaposlenih.<\/li>\n<\/ul>\n<p>&nbsp;<\/p>\n<p><strong>KOJI KREDITI MOGU ISKORISTITI PROZOR ZA \u017dENE U POSLOVANJU?<\/strong><\/p>\n<p>Kvalifikovani krediti koji ispunjavaju sledec\u0301e kriterijume ispunjavac\u0301e uslove za beneficije programa \u201e\u017dene u biznisu\u201c:<\/p>\n<ul>\n<li>Minimalni iznos kredita je 3.000 evra,<\/li>\n<li>Maksimalni iznos kredita je 50.000 evra,<\/li>\n<li>Maksimalni iznos garancije je 35.000 evra,<\/li>\n<li>Maksimalni rok otplate garantovanog kredita do 84 meseca,<\/li>\n<li>Namena kredita mo\u017ee biti za dugoro\u010dne investicije kao i za obrtna sredstva.<\/li>\n<\/ul>\n<p><strong>KOJE SU KARAKTERISTIKE GARANCIJE?<\/strong><\/p>\n<ul>\n<li>Garancije c\u0301e biti obezbe\u0111ene za iznos do 70% glavnice kredita,<\/li>\n<li>Maksimalni limit gubitka bic\u0301e 30%,<\/li>\n<li>Vrsta osiguranja: Revolving.<\/li>\n<\/ul>\n<p><strong>KOJE SU PREDNOSTI?<\/strong><\/p>\n<p><strong>O NAMA NMVM:<\/strong><\/p>\n<ul>\n<li>Povec\u0301anje pristupa finansijama,<\/li>\n<li>Povoljniji uslovi za \u017eene u biznisu,<\/li>\n<li>Potencijalno povla\u0161c\u0301ene kamatne stope,<\/li>\n<li>Smanjenje kolaterala,<\/li>\n<li>Br\u017ee vreme obrade zahteva za kredit,<\/li>\n<li>Odr\u017eivost poslovanja.<\/li>\n<\/ul>\n<p>&nbsp;<\/p>\n<p><strong>Za registrovane finansijske institucije:<\/strong><\/p>\n<ul>\n<li>Smanjenje tro\u0161kova rizika,<\/li>\n<li>Osloba\u0111anje kapitala,<\/li>\n<li>Pokrivanje gubitaka u potpunosti,<\/li>\n<li>Smanjenje kreditnog rizika,<\/li>\n<li>Rast kreditnog portfolija,<\/li>\n<li>Povec\u0301anje prihoda od prodaje drugih proizvoda.<\/li>\n<\/ul>\n<p><strong>KAKAV JE PROCES PRIJAVE I DONO\u0160ENJA ODLUKE?<\/strong><\/p>\n<p>Potencijalni zajmoprimac ne podnosi zahtev za garanciju kod KGFK-a, vec\u0301 podnosi zahtev za kredit kod jedne od registrovanih finansijskih institucija KGFK-a,<\/p>\n<p>Registrovana finansijska institucija, nakon sprovo\u0111enja uobi\u010dajene kreditne analize primenom standarda odobravanja i ako poslovanje ispunjava kriterijume KGCFC-a, tada c\u0301e relevantna finansijska institucija staviti kredit pod kreditnu garanciju KGCFC-a.<\/p>\n","protected":false},"excerpt":{"rendered":"<p>Cilj programa \u201e\u017dene u biznisu\u201c je da olak\u0161a pristup finansiranju \u017eenama preduzetnicama, kao i da unapredi finansijsku pismenost, podr\u0161ku za koju se o\u010dekuje da c\u0301e uticati na finansijsku sigurnost i finansijsko i nezavisno osna\u017eivanje \u017eena. Ovaj prozor se nudi pod povoljnim uslovima u pogledu kreditnog rizika, kako bi se povec\u0301alo poverenje registrovanih finansijskih institucija u [&hellip;]<\/p>\n","protected":false},"author":1,"featured_media":6648,"parent":4211,"menu_order":9,"comment_status":"closed","ping_status":"closed","template":"grandchild-default-template-v2.php","meta":{"_acf_changed":false,"footnotes":""},"class_list":["post-4447","page","type-page","status-publish","has-post-thumbnail","hentry"],"acf":[],"_links":{"self":[{"href":"https:\/\/test.bekonomike.com\/sr\/wp-json\/wp\/v2\/pages\/4447","targetHints":{"allow":["GET"]}}],"collection":[{"href":"https:\/\/test.bekonomike.com\/sr\/wp-json\/wp\/v2\/pages"}],"about":[{"href":"https:\/\/test.bekonomike.com\/sr\/wp-json\/wp\/v2\/types\/page"}],"author":[{"embeddable":true,"href":"https:\/\/test.bekonomike.com\/sr\/wp-json\/wp\/v2\/users\/1"}],"replies":[{"embeddable":true,"href":"https:\/\/test.bekonomike.com\/sr\/wp-json\/wp\/v2\/comments?post=4447"}],"version-history":[{"count":2,"href":"https:\/\/test.bekonomike.com\/sr\/wp-json\/wp\/v2\/pages\/4447\/revisions"}],"predecessor-version":[{"id":5325,"href":"https:\/\/test.bekonomike.com\/sr\/wp-json\/wp\/v2\/pages\/4447\/revisions\/5325"}],"up":[{"embeddable":true,"href":"https:\/\/test.bekonomike.com\/sr\/wp-json\/wp\/v2\/pages\/4211"}],"wp:featuredmedia":[{"embeddable":true,"href":"https:\/\/test.bekonomike.com\/sr\/wp-json\/wp\/v2\/media\/6648"}],"wp:attachment":[{"href":"https:\/\/test.bekonomike.com\/sr\/wp-json\/wp\/v2\/media?parent=4447"}],"curies":[{"name":"wp","href":"https:\/\/api.w.org\/{rel}","templated":true}]}}