{"id":4454,"date":"2025-02-13T10:37:52","date_gmt":"2025-02-13T10:37:52","guid":{"rendered":"https:\/\/test.bekonomike.com\/biznisi\/pozajmice\/dritarja-grow\/"},"modified":"2025-05-02T15:23:25","modified_gmt":"2025-05-02T15:23:25","slug":"prozor-grow","status":"publish","type":"page","link":"https:\/\/test.bekonomike.com\/sr\/biznisi\/pozajmice\/prozor-grow\/","title":{"rendered":"Prozor GROW"},"content":{"rendered":"<p class=\"\" data-start=\"108\" data-end=\"330\"><strong data-start=\"108\" data-end=\"330\">GROW \u2013 Prozor za Oporavak i Zelene Mogu\u0107nosti ima za cilj da podr\u017ei pristup finansijama kroz podr\u0161ku Registrovanim Finansijskim Institucijama (RFI) u finansiranju u oblasti obnovljive energije i energetske efikasnosti.<\/strong><\/p>\n<hr class=\"\" data-start=\"332\" data-end=\"335\" \/>\n<h3 class=\"\" data-start=\"337\" data-end=\"369\"><strong data-start=\"341\" data-end=\"369\">FINANSIJSKI PARTNERI su:<\/strong><\/h3>\n<ul>\n<li>Banka p\u00ebr Biznes Sh.A.<\/li>\n<li>NLB Banka Sh.A.<\/li>\n<li>ProCredit Bank Kosovo J.S.C.<\/li>\n<\/ul>\n<hr class=\"\" data-start=\"450\" data-end=\"453\" \/>\n<h3 class=\"\" data-start=\"455\" data-end=\"487\"><strong data-start=\"459\" data-end=\"487\">KOJE MSP SE KVALIFIKUJU?<\/strong><\/h3>\n<p class=\"\" data-start=\"489\" data-end=\"605\">Parametri za mikro, mala i srednja preduze\u0107a (MSP) koja ispunjavaju uslove za finansiranje pod garancijom uklju\u010duju:<\/p>\n<ul>\n<li>MSP u privatnom vlasni\u0161tvu, bez ikakvog u\u010de\u0161\u0107a dr\u017eave tokom perioda pokrivanja garancijom<\/li>\n<li>MSP sa registrovanim poslovanjem<\/li>\n<li>Kvalifikovani zajmoprimac mora imati najmanje jednog vlasnika koji je gra\u0111anin ili stalni stanovnik Kosova<\/li>\n<li>MSP sa manje od 250 zaposlenih<\/li>\n<\/ul>\n<hr class=\"\" data-start=\"883\" data-end=\"886\" \/>\n<h3 class=\"\" data-start=\"888\" data-end=\"929\"><strong data-start=\"892\" data-end=\"929\">KOJE SU KARAKTERISTIKE GARANCIJE?<\/strong><\/h3>\n<ul>\n<li>Garancije se nude do 50% glavnice kredita, ali ne vi\u0161e od 500.000 EUR<\/li>\n<li>Maksimalni limit gubitka: 100%<\/li>\n<li>Tip garancije: Revolving<\/li>\n<\/ul>\n<hr class=\"\" data-start=\"1068\" data-end=\"1071\" \/>\n<h3 class=\"\" data-start=\"1073\" data-end=\"1124\"><strong data-start=\"1077\" data-end=\"1124\">KOJI KREDITI SE KVALIFIKUJU ZA GROW PROZOR?<\/strong><\/h3>\n<p class=\"\" data-start=\"1126\" data-end=\"1226\">Kvalifikovani krediti koji ispunjavaju slede\u0107e kriterijume su prihvatljivi za benefite GROW prozora:<\/p>\n<ul>\n<li>Maksimalni iznos kredita: 3.000.000 EUR<\/li>\n<li>Minimalni iznos kredita: 3.000 EUR<\/li>\n<li>Maksimalna kreditna izlo\u017eenost: 5.000.000 EUR<\/li>\n<li>Maksimalni iznos garancije: 500.000 EUR<br data-start=\"1402\" data-end=\"1405\" \/><em data-start=\"1407\" data-end=\"1512\">(Me\u0111utim, krajnji korisnik ne sme biti izlo\u017een vi\u0161e od 1.000.000 EUR kao korisnik garancija prema FKGK)<\/em><\/li>\n<li>Rok otplate garantovanog kredita: do 84 meseca<\/li>\n<li>Svrha kredita: Investicije u energetsku efikasnost (omota\u010d zgrade, oprema, proizvodne linije i druge mere \u2013 maksimalno 20% dodatne investicije);<br data-start=\"1712\" data-end=\"1715\" \/>Investicije u male obnovljive izvore energije (vetar, solarna energija, biomasa ili geotermalna energija) do 400 kW<\/li>\n<\/ul>\n<hr class=\"\" data-start=\"1834\" data-end=\"1837\" \/>\n<h3 class=\"\" data-start=\"1839\" data-end=\"1865\"><strong data-start=\"1843\" data-end=\"1865\">KOJE SU PREDNOSTI?<\/strong><\/h3>\n<h4 class=\"\" data-start=\"1867\" data-end=\"1879\">Za MSP:<\/h4>\n<ul>\n<li>Pove\u0107an pristup finansijama<\/li>\n<li>Povoljniji uslovi<\/li>\n<li>Potencijalno preferencijalne kamatne stope<\/li>\n<li>Smanjenje kolaterala<\/li>\n<li>Br\u017ea obrada zahteva za kredit<\/li>\n<li>Odr\u017eivost biznisa<\/li>\n<\/ul>\n<h4 class=\"\" data-start=\"2064\" data-end=\"2109\">Za Registrovane Finansijske Institucije:<\/h4>\n<ul>\n<li>Smanjenje tro\u0161kova rizika<\/li>\n<li>Osloba\u0111anje kapitala<\/li>\n<li>Pokrivanje gubitaka u celini<\/li>\n<li>Smanjenje kreditnog rizika<\/li>\n<li>Pove\u0107anje maksimalnog iznosa garancije<\/li>\n<li>Pove\u0107anje kreditnog portfolija<\/li>\n<li>Pove\u0107anje prihoda od prodaje drugih proizvoda<\/li>\n<\/ul>\n<hr class=\"\" data-start=\"2359\" data-end=\"2362\" \/>\n<p class=\"\" data-start=\"2364\" data-end=\"2425\"><strong data-start=\"2364\" data-end=\"2425\">Vi\u0161e informacija: <a class=\"\" href=\"http:\/\/growkosovo.com\" target=\"_new\" rel=\"noopener\" data-start=\"2384\" data-end=\"2423\">growkosovo.com<\/a><\/strong><\/p>\n","protected":false},"excerpt":{"rendered":"<p>GROW \u2013 Prozor za Oporavak i Zelene Mogu\u0107nosti ima za cilj da podr\u017ei pristup finansijama kroz podr\u0161ku Registrovanim Finansijskim Institucijama (RFI) u finansiranju u oblasti obnovljive energije i energetske efikasnosti. FINANSIJSKI PARTNERI su: Banka p\u00ebr Biznes Sh.A. NLB Banka Sh.A. ProCredit Bank Kosovo J.S.C. KOJE MSP SE KVALIFIKUJU? Parametri za mikro, mala i srednja preduze\u0107a [&hellip;]<\/p>\n","protected":false},"author":1,"featured_media":6655,"parent":4211,"menu_order":11,"comment_status":"closed","ping_status":"closed","template":"grandchild-default-template-v2.php","meta":{"_acf_changed":false,"footnotes":""},"class_list":["post-4454","page","type-page","status-publish","has-post-thumbnail","hentry"],"acf":[],"_links":{"self":[{"href":"https:\/\/test.bekonomike.com\/sr\/wp-json\/wp\/v2\/pages\/4454","targetHints":{"allow":["GET"]}}],"collection":[{"href":"https:\/\/test.bekonomike.com\/sr\/wp-json\/wp\/v2\/pages"}],"about":[{"href":"https:\/\/test.bekonomike.com\/sr\/wp-json\/wp\/v2\/types\/page"}],"author":[{"embeddable":true,"href":"https:\/\/test.bekonomike.com\/sr\/wp-json\/wp\/v2\/users\/1"}],"replies":[{"embeddable":true,"href":"https:\/\/test.bekonomike.com\/sr\/wp-json\/wp\/v2\/comments?post=4454"}],"version-history":[{"count":5,"href":"https:\/\/test.bekonomike.com\/sr\/wp-json\/wp\/v2\/pages\/4454\/revisions"}],"predecessor-version":[{"id":5333,"href":"https:\/\/test.bekonomike.com\/sr\/wp-json\/wp\/v2\/pages\/4454\/revisions\/5333"}],"up":[{"embeddable":true,"href":"https:\/\/test.bekonomike.com\/sr\/wp-json\/wp\/v2\/pages\/4211"}],"wp:featuredmedia":[{"embeddable":true,"href":"https:\/\/test.bekonomike.com\/sr\/wp-json\/wp\/v2\/media\/6655"}],"wp:attachment":[{"href":"https:\/\/test.bekonomike.com\/sr\/wp-json\/wp\/v2\/media?parent=4454"}],"curies":[{"name":"wp","href":"https:\/\/api.w.org\/{rel}","templated":true}]}}