{"id":4457,"date":"2025-02-13T10:40:46","date_gmt":"2025-02-13T10:40:46","guid":{"rendered":"https:\/\/test.bekonomike.com\/biznisi\/pozajmice\/dritarja-per-investime-te-diaspores\/"},"modified":"2025-05-02T15:27:29","modified_gmt":"2025-05-02T15:27:29","slug":"prozor-za-investicije-u-dijasporu","status":"publish","type":"page","link":"https:\/\/test.bekonomike.com\/sr\/biznisi\/pozajmice\/prozor-za-investicije-u-dijasporu\/","title":{"rendered":"Prozor za investicije u dijasporu"},"content":{"rendered":"<h3 class=\"\" data-start=\"94\" data-end=\"135\"><strong data-start=\"98\" data-end=\"133\">Prozor za Investicije Dijaspore<\/strong><\/h3>\n<p class=\"\" data-start=\"136\" data-end=\"274\">Cilj ovog prozora je da podr\u017ei investicije u privatno preduzetni\u0161tvo osnovano od strane na\u0161ih sunarodnika koji \u017eive i rade u inostranstvu.<\/p>\n<hr class=\"\" data-start=\"276\" data-end=\"279\" \/>\n<h3 class=\"\" data-start=\"281\" data-end=\"343\"><strong data-start=\"285\" data-end=\"343\">ISKAZ INTERESOVANJA ZA PROZOR ZA INVESTICIJE DIJASPORE<\/strong><\/h3>\n<hr class=\"\" data-start=\"345\" data-end=\"348\" \/>\n<h3 class=\"\" data-start=\"350\" data-end=\"387\"><strong data-start=\"354\" data-end=\"387\">POSREDNICI \/ PARTNERSKE BANKE<\/strong><\/h3>\n<p class=\"\" data-start=\"389\" data-end=\"508\">Registrovane finansijske institucije FKGK-a koje su potpisale ugovor o garanciji za Prozor za Investicije Dijaspore su:<\/p>\n<ul>\n<li data-start=\"512\" data-end=\"535\">Banka Ekonomike Sh.A.<\/li>\n<li data-start=\"538\" data-end=\"577\">Banka Komb\u00ebtare Tregtare (BKT Kosova)<\/li>\n<li data-start=\"580\" data-end=\"604\">Banka p\u00ebr Biznes Sh.A.<\/li>\n<li data-start=\"607\" data-end=\"624\">NLB Banka Sh.A.<\/li>\n<li data-start=\"627\" data-end=\"657\">ProCredit Bank Kosovo J.S.C.<\/li>\n<li data-start=\"660\" data-end=\"691\">Raiffeisen Bank Kosovo J.S.C.<\/li>\n<li data-start=\"694\" data-end=\"709\">TEB Banka Sh.A.<\/li>\n<\/ul>\n<hr class=\"\" data-start=\"711\" data-end=\"714\" \/>\n<h3 class=\"\" data-start=\"716\" data-end=\"786\"><strong data-start=\"720\" data-end=\"786\">\u0160TA SE SMATRA INVESTICIJOM DIJASPORE I KOJI SU PRAVNI ZAHTEVI?<\/strong><\/h3>\n<p class=\"\" data-start=\"788\" data-end=\"866\">Investitori iz dijaspore treba da izraze jasnu nameru da investiraju u Kosovo:<\/p>\n<ul>\n<li data-start=\"870\" data-end=\"902\">Pokretanjem novog biznisa, ili<\/li>\n<li data-start=\"905\" data-end=\"977\">Podr\u017eavanjem postoje\u0107eg biznisa u vlasni\u0161tvu investitora iz dijaspore.<\/li>\n<\/ul>\n<p class=\"\" data-start=\"979\" data-end=\"1066\">Biznisi sa poslovnim iskustvom du\u017eim od 36 meseci se <strong data-start=\"1032\" data-end=\"1050\">ne kvalifikuju<\/strong> za ovaj prozor.<\/p>\n<hr class=\"\" data-start=\"1068\" data-end=\"1071\" \/>\n<h3 class=\"\" data-start=\"1073\" data-end=\"1169\"><strong data-start=\"1077\" data-end=\"1169\">Struktura vlasni\u0161tva novoosnovanog biznisa od strane dijasporskog investitora mo\u017ee biti:<\/strong><\/h3>\n<ul>\n<li data-start=\"1173\" data-end=\"1221\">U potpunom vlasni\u0161tvu investitora iz dijaspore<\/li>\n<li data-start=\"1224\" data-end=\"1337\">U partnerstvu sa stanovnicima Kosova (npr. poslovni partneri, \u010dlanovi porodice, prijatelji koji \u017eive na Kosovu)<\/li>\n<li data-start=\"1340\" data-end=\"1398\">U partnerstvu sa stranim (nerezidentnim) ko-investitorom<\/li>\n<\/ul>\n<p class=\"\" data-start=\"1400\" data-end=\"1567\">U svim navedenim slu\u010dajevima, investitor iz dijaspore mora posedovati <strong data-start=\"1470\" data-end=\"1497\">najmanje 30% vlasni\u0161tva<\/strong> u preduze\u0107u. Ideja osnivanja mora biti podr\u017eana <strong data-start=\"1546\" data-end=\"1566\">poslovnim planom<\/strong>.<\/p>\n<hr class=\"\" data-start=\"1569\" data-end=\"1572\" \/>\n<h3 class=\"\" data-start=\"1574\" data-end=\"1628\"><strong data-start=\"1578\" data-end=\"1628\">USKLA\u0110ENOST SA PRAVNIM ZAHTEVIMA I REGULATIVOM<\/strong><\/h3>\n<ul>\n<li data-start=\"1632\" data-end=\"1753\">Aplikanti moraju po\u0161tovati sve zakone, regulative i uputstva u vezi sa investicijama i poslovnim aktivnostima u Kosovu.<\/li>\n<li data-start=\"1756\" data-end=\"1917\">Aplikanti \u0107e biti podlo\u017eni proveri uskla\u0111enosti sa zakonima o spre\u010davanju pranja novca i finansiranja terorizma od strane registrovane finansijske institucije.<\/li>\n<li data-start=\"1920\" data-end=\"2009\">Ne smeju biti predmet sudskog postupka niti se nalaziti na me\u0111unarodnim listama sankcija.<\/li>\n<\/ul>\n<hr class=\"\" data-start=\"2011\" data-end=\"2014\" \/>\n<h3 class=\"\" data-start=\"2016\" data-end=\"2052\"><strong data-start=\"2020\" data-end=\"2052\">KOJI BIZNISI SE KVALIFIKUJU?<\/strong><\/h3>\n<p class=\"\" data-start=\"2054\" data-end=\"2118\">Kvalifikuje se mikro, malo ili srednje preduze\u0107e (MMSP) koje je:<\/p>\n<ul>\n<li data-start=\"2122\" data-end=\"2184\">U privatnom vlasni\u0161tvu, osnovano od investitora iz dijaspore<\/li>\n<li data-start=\"2187\" data-end=\"2310\">Registrovano u Agenciji za Registraciju Biznisa Kosova (ARBK):<br data-start=\"2249\" data-end=\"2252\" \/><a class=\"\" href=\"https:\/\/arbk.rks-gov.net\/\" target=\"_new\" rel=\"noopener\" data-start=\"2254\" data-end=\"2308\">https:\/\/arbk.rks-gov.net\/<\/a><\/li>\n<li data-start=\"2313\" data-end=\"2362\">Preduze\u0107e koje postoji <strong data-start=\"2336\" data-end=\"2360\">ne du\u017ee od 36 meseci<\/strong><\/li>\n<li data-start=\"2365\" data-end=\"2460\">Otvoreno za razli\u010dite sektore (osim onih zabranjenih po ekolo\u0161koj i socijalnoj politici FKGK)<\/li>\n<li data-start=\"2463\" data-end=\"2536\">Investitor sa dobrom kreditnom istorijom u zemlji boravka ili na Kosovu<\/li>\n<li data-start=\"2539\" data-end=\"2568\">Ima manje od 250 zaposlenih<\/li>\n<\/ul>\n<h4 class=\"\" data-start=\"2570\" data-end=\"2619\"><em data-start=\"2575\" data-end=\"2619\">Dodatne informacije o poreklu investitora:<\/em><\/h4>\n<ul>\n<li data-start=\"2623\" data-end=\"2709\">Svi koji su ro\u0111eni i ranije \u017eiveli na Kosovu, a \u017eive vi\u0161e od 3 godine u inostranstvu<\/li>\n<li data-start=\"2712\" data-end=\"2783\">Potomci kosovskih roditelja do <strong data-start=\"2743\" data-end=\"2763\">druge generacije<\/strong> (uklju\u010duju\u0107i i nju)<\/li>\n<\/ul>\n<hr class=\"\" data-start=\"2785\" data-end=\"2788\" \/>\n<h3 class=\"\" data-start=\"2790\" data-end=\"2861\"><strong data-start=\"2794\" data-end=\"2861\">KOJI KREDITI SE KVALIFIKUJU ZA PROZOR ZA INVESTICIJE DIJASPORE?<\/strong><\/h3>\n<ul>\n<li data-start=\"2865\" data-end=\"2905\"><strong data-start=\"2865\" data-end=\"2893\">Minimalni iznos kredita:<\/strong> 3.000 EUR<\/li>\n<li data-start=\"2908\" data-end=\"2953\"><strong data-start=\"2908\" data-end=\"2937\">Maksimalni iznos kredita:<\/strong> 3.000.000 EUR<\/li>\n<li data-start=\"2956\" data-end=\"2998\"><strong data-start=\"2956\" data-end=\"2986\">Minimalni iznos garancije:<\/strong> 1.500 EUR<\/li>\n<li data-start=\"3001\" data-end=\"3048\"><strong data-start=\"3001\" data-end=\"3032\">Maksimalni iznos garancije:<\/strong> 2.000.000 EUR<\/li>\n<li data-start=\"3051\" data-end=\"3088\"><strong data-start=\"3051\" data-end=\"3077\">Minimalni rok otplate:<\/strong> 3 meseca<\/li>\n<li data-start=\"3091\" data-end=\"3130\"><strong data-start=\"3091\" data-end=\"3118\">Maksimalni rok otplate:<\/strong> 84 meseca<\/li>\n<li data-start=\"3133\" data-end=\"3223\"><strong data-start=\"3133\" data-end=\"3151\">Svrha kredita:<\/strong> razli\u010dite poslovne investicije (stalna imovina, oprema, obrtni kapital)<\/li>\n<\/ul>\n<hr class=\"\" data-start=\"3225\" data-end=\"3228\" \/>\n<h3 class=\"\" data-start=\"3230\" data-end=\"3251\"><strong data-start=\"3234\" data-end=\"3251\">VRSTE KREDITA<\/strong><\/h3>\n<ul>\n<li data-start=\"3255\" data-end=\"3263\">Kredit<\/li>\n<li data-start=\"3266\" data-end=\"3283\">Kreditna linija<\/li>\n<li data-start=\"3286\" data-end=\"3314\">Dozvoljeni minus (overdraft)<\/li>\n<\/ul>\n<hr class=\"\" data-start=\"3316\" data-end=\"3319\" \/>\n<h3 class=\"\" data-start=\"3321\" data-end=\"3353\"><strong data-start=\"3325\" data-end=\"3353\">KARAKTERISTIKE GARANCIJE<\/strong><\/h3>\n<ul>\n<li data-start=\"3357\" data-end=\"3424\">Pokri\u0107e do <strong data-start=\"3368\" data-end=\"3392\">80% glavnice kredita<\/strong>, ali ne vi\u0161e od 2.000.000 EUR<\/li>\n<li data-start=\"3427\" data-end=\"3486\">U\u010de\u0161\u0107e investitora u po\u010detnoj investiciji: <strong data-start=\"3470\" data-end=\"3486\">najmanje 20%<\/strong><\/li>\n<\/ul>\n<h4 class=\"\" data-start=\"3488\" data-end=\"3545\"><em data-start=\"3493\" data-end=\"3545\">Tabela pokri\u0107a u zavisnosti od u\u010de\u0161\u0107a investitora:<\/em><\/h4>\n<div class=\"_tableContainer_16hzy_1\">\n<div class=\"_tableWrapper_16hzy_14 group flex w-fit flex-col-reverse\" tabindex=\"-1\">\n<table class=\"w-fit min-w-(--thread-content-width)\" data-start=\"3547\" data-end=\"3878\">\n<thead data-start=\"3547\" data-end=\"3612\">\n<tr data-start=\"3547\" data-end=\"3612\">\n<th data-start=\"3547\" data-end=\"3571\" data-col-size=\"sm\">Pokri\u0107e garancije (%)<\/th>\n<th data-start=\"3571\" data-end=\"3612\" data-col-size=\"sm\">U\u010de\u0161\u0107e investitora \/ Kredit banka (%)<\/th>\n<\/tr>\n<\/thead>\n<tbody data-start=\"3681\" data-end=\"3878\">\n<tr data-start=\"3681\" data-end=\"3746\">\n<td data-start=\"3681\" data-end=\"3705\" data-col-size=\"sm\">60%<\/td>\n<td data-col-size=\"sm\" data-start=\"3705\" data-end=\"3746\">20 \/ 80<\/td>\n<\/tr>\n<tr data-start=\"3747\" data-end=\"3812\">\n<td data-start=\"3747\" data-end=\"3771\" data-col-size=\"sm\">70%<\/td>\n<td data-start=\"3771\" data-end=\"3812\" data-col-size=\"sm\">25 \/ 75<\/td>\n<\/tr>\n<tr data-start=\"3813\" data-end=\"3878\">\n<td data-start=\"3813\" data-end=\"3837\" data-col-size=\"sm\">80%<\/td>\n<td data-start=\"3837\" data-end=\"3878\" data-col-size=\"sm\">30 \/ 70<\/td>\n<\/tr>\n<\/tbody>\n<\/table>\n<div class=\"sticky end-(--thread-content-margin) h-0 self-end select-none\">\n<div class=\"absolute end-0 flex items-end\"><\/div>\n<\/div>\n<\/div>\n<\/div>\n<hr class=\"\" data-start=\"3880\" data-end=\"3883\" \/>\n<h3 class=\"\" data-start=\"3885\" data-end=\"3942\"><strong data-start=\"3889\" data-end=\"3942\">KAKO FUNKCIONI\u0160E PROCES APLIKACIJE I ODLU\u010cIVANJA?<\/strong><\/h3>\n<ul>\n<li data-start=\"3946\" data-end=\"4091\">Potencijalni zajmoprimac (MMSP) <strong data-start=\"3978\" data-end=\"4015\">ne aplicira direktno za garanciju<\/strong>, ve\u0107 za kredit kod jedne od registrovanih finansijskih institucija FKGK-a<\/li>\n<li data-start=\"4094\" data-end=\"4251\">IRF (registrovana finansijska institucija) vr\u0161i redovnu analizu rizika i, ukoliko preduze\u0107e ispunjava kriterijume, plasira kredit <strong data-start=\"4224\" data-end=\"4249\">pod garancijom FKGK-a<\/strong><\/li>\n<li data-start=\"4254\" data-end=\"4363\">Nakon \u0161to IRF unese podatke u Sistem za Upravljanje Informacijama FKGK-a, FKGK prihvata kredit kao garantovan<\/li>\n<\/ul>\n","protected":false},"excerpt":{"rendered":"<p>Prozor za Investicije Dijaspore Cilj ovog prozora je da podr\u017ei investicije u privatno preduzetni\u0161tvo osnovano od strane na\u0161ih sunarodnika koji \u017eive i rade u inostranstvu. ISKAZ INTERESOVANJA ZA PROZOR ZA INVESTICIJE DIJASPORE POSREDNICI \/ PARTNERSKE BANKE Registrovane finansijske institucije FKGK-a koje su potpisale ugovor o garanciji za Prozor za Investicije Dijaspore su: Banka Ekonomike Sh.A. [&hellip;]<\/p>\n","protected":false},"author":1,"featured_media":6659,"parent":4211,"menu_order":12,"comment_status":"closed","ping_status":"closed","template":"grandchild-default-template-v2.php","meta":{"_acf_changed":false,"footnotes":""},"class_list":["post-4457","page","type-page","status-publish","has-post-thumbnail","hentry"],"acf":[],"_links":{"self":[{"href":"https:\/\/test.bekonomike.com\/sr\/wp-json\/wp\/v2\/pages\/4457","targetHints":{"allow":["GET"]}}],"collection":[{"href":"https:\/\/test.bekonomike.com\/sr\/wp-json\/wp\/v2\/pages"}],"about":[{"href":"https:\/\/test.bekonomike.com\/sr\/wp-json\/wp\/v2\/types\/page"}],"author":[{"embeddable":true,"href":"https:\/\/test.bekonomike.com\/sr\/wp-json\/wp\/v2\/users\/1"}],"replies":[{"embeddable":true,"href":"https:\/\/test.bekonomike.com\/sr\/wp-json\/wp\/v2\/comments?post=4457"}],"version-history":[{"count":3,"href":"https:\/\/test.bekonomike.com\/sr\/wp-json\/wp\/v2\/pages\/4457\/revisions"}],"predecessor-version":[{"id":5335,"href":"https:\/\/test.bekonomike.com\/sr\/wp-json\/wp\/v2\/pages\/4457\/revisions\/5335"}],"up":[{"embeddable":true,"href":"https:\/\/test.bekonomike.com\/sr\/wp-json\/wp\/v2\/pages\/4211"}],"wp:featuredmedia":[{"embeddable":true,"href":"https:\/\/test.bekonomike.com\/sr\/wp-json\/wp\/v2\/media\/6659"}],"wp:attachment":[{"href":"https:\/\/test.bekonomike.com\/sr\/wp-json\/wp\/v2\/media?parent=4457"}],"curies":[{"name":"wp","href":"https:\/\/api.w.org\/{rel}","templated":true}]}}