{"id":4463,"date":"2025-02-13T10:33:49","date_gmt":"2025-02-13T10:33:49","guid":{"rendered":"https:\/\/test.bekonomike.com\/biznisi\/pozajmice\/dritarja-start-up\/"},"modified":"2025-05-02T15:24:00","modified_gmt":"2025-05-02T15:24:00","slug":"pocetni-prozor","status":"publish","type":"page","link":"https:\/\/test.bekonomike.com\/sr\/biznisi\/pozajmice\/pocetni-prozor\/","title":{"rendered":"Po\u010detni prozor"},"content":{"rendered":"<p class=\"\" data-start=\"70\" data-end=\"323\"><strong data-start=\"70\" data-end=\"323\">Start-Up Prozor ima za cilj olak\u0161avanje pristupa finansijama za start-up preduze\u0107a putem adekvatnih finansijskih proizvoda, kako bi se osigurao rast novoosnovanih biznisa i pove\u0107anje zaposlenosti, \u010dime se pobolj\u0161avaju \u017eivotni standardi stanovni\u0161tva.<\/strong><\/p>\n<p class=\"\" data-start=\"325\" data-end=\"564\">Start-Up prozor je namenjen start-up biznisima koji su uglavnom anga\u017eovani u ekonomskim aktivnostima\/sektorima koji zahtevaju osnovna znanja. Osnovna znanja se odnose na ve\u0161tine ste\u010dene obrazovanjem, obukom ili prethodnim radnim iskustvom.<\/p>\n<p class=\"\" data-start=\"566\" data-end=\"922\"><strong data-start=\"566\" data-end=\"753\">Ovaj prozor se nudi pod povoljnim uslovima u pogledu kreditnog rizika, kako bi se pove\u0107alo poverenje Registrovanih Finansijskih Institucija u kreditiranje ovog va\u017enog segmenta tr\u017ei\u0161ta<\/strong>, koji kroz finansijsku podr\u0161ku obezbe\u0111uje pozicioniranje na tr\u017ei\u0161tu, pro\u0161irenje na me\u0111unarodna tr\u017ei\u0161ta, generisanje zaposlenja i podr\u0161ku ekonomskom razvoju na\u0161e zemlje.<\/p>\n<p class=\"\" data-start=\"924\" data-end=\"1118\"><strong data-start=\"924\" data-end=\"1074\">Specifi\u010dnost ovog prozora je \u0161to, pored finansijske komponente, nudi i nefinansijsku komponentu ili program tehni\u010dke asistencije za nova preduze\u0107a<\/strong> koja \u0107e biti podr\u017eana u slede\u0107im aspektima:<\/p>\n<ul>\n<li data-start=\"1122\" data-end=\"1182\">Ja\u010danje kapaciteta (finansijska edukacija i formalizacija)<\/li>\n<li data-start=\"1185\" data-end=\"1198\">Umre\u017eavanje<\/li>\n<li data-start=\"1201\" data-end=\"1213\">Mentorstvo<\/li>\n<\/ul>\n<hr class=\"\" data-start=\"1215\" data-end=\"1218\" \/>\n<h3 class=\"\" data-start=\"1220\" data-end=\"1238\"><strong data-start=\"1224\" data-end=\"1238\">POSREDNICI<\/strong><\/h3>\n<ul>\n<li data-start=\"1242\" data-end=\"1265\">Banka Ekonomike Sh.A.<\/li>\n<li data-start=\"1268\" data-end=\"1294\">Banka Komb\u00ebtare Tregtare<\/li>\n<li data-start=\"1297\" data-end=\"1321\">Banka p\u00ebr Biznes Sh.A.<\/li>\n<li data-start=\"1324\" data-end=\"1333\">TEB Sh.A.<\/li>\n<\/ul>\n<hr class=\"\" data-start=\"1335\" data-end=\"1338\" \/>\n<h3 class=\"\" data-start=\"1340\" data-end=\"1381\"><strong data-start=\"1344\" data-end=\"1381\">KOJE FIRME IMAJU PRAVO NA U\u010cE\u0160\u0106E?<\/strong><\/h3>\n<p class=\"\" data-start=\"1383\" data-end=\"1523\">Parametri za MSP (mikro, mala i srednja preduze\u0107a) koja ispunjavaju uslove za finansiranje pod garancijom uklju\u010duju, ali nisu ograni\u010deni na:<\/p>\n<ul>\n<li data-start=\"1527\" data-end=\"1625\">MSP u privatnom vlasni\u0161tvu, bez ikakvog u\u010de\u0161\u0107a Vlade tokom perioda pokrivanja kredita garancijom<\/li>\n<li data-start=\"1628\" data-end=\"1662\">MSP sa registrovanim poslovanjem<\/li>\n<li data-start=\"1665\" data-end=\"1725\">MSP sa iskustvom od dana registracije do najvi\u0161e 12 meseci<\/li>\n<li data-start=\"1728\" data-end=\"1836\">Kvalifikovani zajmoprimac mora imati najmanje jednog vlasnika koji je gra\u0111anin ili stalni stanovnik Kosova<\/li>\n<li data-start=\"1839\" data-end=\"1869\">MSP sa manje od 250 zaposlenih<\/li>\n<\/ul>\n<hr class=\"\" data-start=\"1871\" data-end=\"1874\" \/>\n<h3 class=\"\" data-start=\"1876\" data-end=\"1936\"><strong data-start=\"1880\" data-end=\"1936\">KOJI KREDITI MOGU BITI OBUHVA\u0106ENI START-UP PROZOROM?<\/strong><\/h3>\n<p class=\"\" data-start=\"1938\" data-end=\"2044\">Kvalifikovani krediti koji ispunjavaju slede\u0107e kriterijume bi\u0107e prihvatljivi za benefite Start-Up prozora:<\/p>\n<ul>\n<li data-start=\"2048\" data-end=\"2084\">Minimalni iznos kredita: 3.000 EUR<\/li>\n<li data-start=\"2087\" data-end=\"2125\">Maksimalni iznos kredita: 50.000 EUR<\/li>\n<li data-start=\"2128\" data-end=\"2168\">Maksimalni iznos garancije: 40.000 EUR<\/li>\n<li data-start=\"2171\" data-end=\"2230\">Maksimalni rok otplate garantovanog kredita: do 60 meseci<\/li>\n<li data-start=\"2233\" data-end=\"2290\">Svrha kredita: za dugoro\u010dne investicije i obrtna sredstva<\/li>\n<\/ul>\n<hr class=\"\" data-start=\"2292\" data-end=\"2295\" \/>\n<h3 class=\"\" data-start=\"2297\" data-end=\"2338\"><strong data-start=\"2301\" data-end=\"2338\">KOJE SU KARAKTERISTIKE GARANCIJE?<\/strong><\/h3>\n<ul>\n<li data-start=\"2342\" data-end=\"2385\">Garancije se nude do 80% glavnice kredita<\/li>\n<li data-start=\"2388\" data-end=\"2419\">Maksimalni limit gubitka: 40%<\/li>\n<li data-start=\"2422\" data-end=\"2446\">Tip garancije: Revolving<\/li>\n<\/ul>\n<hr class=\"\" data-start=\"2448\" data-end=\"2451\" \/>\n<h3 class=\"\" data-start=\"2453\" data-end=\"2479\"><strong data-start=\"2457\" data-end=\"2479\">KOJE SU PREDNOSTI?<\/strong><\/h3>\n<h4 class=\"\" data-start=\"2481\" data-end=\"2493\">Za MSP:<\/h4>\n<ul>\n<li data-start=\"2497\" data-end=\"2526\">Pove\u0107an pristup finansijama<\/li>\n<li data-start=\"2529\" data-end=\"2608\">Povoljniji uslovi za preduzetnike koji poha\u0111aju obuku ponu\u0111enu od strane FKGK<\/li>\n<li data-start=\"2611\" data-end=\"2655\">Potencijalno preferencijalne kamatne stope<\/li>\n<li data-start=\"2658\" data-end=\"2689\">Smanjen zahtev za kolateralom<\/li>\n<li data-start=\"2692\" data-end=\"2723\">Br\u017ea obrada zahteva za kredit<\/li>\n<li data-start=\"2726\" data-end=\"2745\">Odr\u017eivost biznisa<\/li>\n<\/ul>\n<h4 class=\"\" data-start=\"2747\" data-end=\"2792\">Za Registrovane Finansijske Institucije:<\/h4>\n<ul>\n<li data-start=\"2796\" data-end=\"2823\">Smanjenje tro\u0161kova rizika<\/li>\n<li data-start=\"2826\" data-end=\"2848\">Osloba\u0111anje kapitala<\/li>\n<li data-start=\"2851\" data-end=\"2881\">Pokrivanje gubitaka u celini<\/li>\n<li data-start=\"2884\" data-end=\"2912\">Smanjenje kreditnog rizika<\/li>\n<li data-start=\"2915\" data-end=\"2947\">Pove\u0107anje kreditnog portfolija<\/li>\n<li data-start=\"2950\" data-end=\"2995\">Pove\u0107anje prihoda od prodaje drugih proizvoda<\/li>\n<\/ul>\n<hr class=\"\" data-start=\"2997\" data-end=\"3000\" \/>\n<h3 class=\"\" data-start=\"3002\" data-end=\"3056\"><strong data-start=\"3006\" data-end=\"3056\">KAKAV JE PROCES APLIKACIJE I DONO\u0160ENJA ODLUKA?<\/strong><\/h3>\n<p class=\"\" data-start=\"3058\" data-end=\"3389\">Potencijalni zajmoprimac ne podnosi zahtev za garanciju direktno kod FKGK-a, ve\u0107 aplicira za kredit u jednoj od Registrovanih Finansijskih Institucija FKGK-a.<br data-start=\"3216\" data-end=\"3219\" \/>Nakon sprovo\u0111enja standardne kreditne analize, i ukoliko biznis ispunjava kriterijume FKGK-a, relevantna finansijska institucija \u0107e odobriti kredit pod garancijom FKGK-a.<\/p>\n","protected":false},"excerpt":{"rendered":"<p>Start-Up Prozor ima za cilj olak\u0161avanje pristupa finansijama za start-up preduze\u0107a putem adekvatnih finansijskih proizvoda, kako bi se osigurao rast novoosnovanih biznisa i pove\u0107anje zaposlenosti, \u010dime se pobolj\u0161avaju \u017eivotni standardi stanovni\u0161tva. Start-Up prozor je namenjen start-up biznisima koji su uglavnom anga\u017eovani u ekonomskim aktivnostima\/sektorima koji zahtevaju osnovna znanja. Osnovna znanja se odnose na ve\u0161tine ste\u010dene [&hellip;]<\/p>\n","protected":false},"author":1,"featured_media":6652,"parent":4211,"menu_order":10,"comment_status":"closed","ping_status":"closed","template":"grandchild-default-template-v2.php","meta":{"_acf_changed":false,"footnotes":""},"class_list":["post-4463","page","type-page","status-publish","has-post-thumbnail","hentry"],"acf":[],"_links":{"self":[{"href":"https:\/\/test.bekonomike.com\/sr\/wp-json\/wp\/v2\/pages\/4463","targetHints":{"allow":["GET"]}}],"collection":[{"href":"https:\/\/test.bekonomike.com\/sr\/wp-json\/wp\/v2\/pages"}],"about":[{"href":"https:\/\/test.bekonomike.com\/sr\/wp-json\/wp\/v2\/types\/page"}],"author":[{"embeddable":true,"href":"https:\/\/test.bekonomike.com\/sr\/wp-json\/wp\/v2\/users\/1"}],"replies":[{"embeddable":true,"href":"https:\/\/test.bekonomike.com\/sr\/wp-json\/wp\/v2\/comments?post=4463"}],"version-history":[{"count":4,"href":"https:\/\/test.bekonomike.com\/sr\/wp-json\/wp\/v2\/pages\/4463\/revisions"}],"predecessor-version":[{"id":5327,"href":"https:\/\/test.bekonomike.com\/sr\/wp-json\/wp\/v2\/pages\/4463\/revisions\/5327"}],"up":[{"embeddable":true,"href":"https:\/\/test.bekonomike.com\/sr\/wp-json\/wp\/v2\/pages\/4211"}],"wp:featuredmedia":[{"embeddable":true,"href":"https:\/\/test.bekonomike.com\/sr\/wp-json\/wp\/v2\/media\/6652"}],"wp:attachment":[{"href":"https:\/\/test.bekonomike.com\/sr\/wp-json\/wp\/v2\/media?parent=4463"}],"curies":[{"name":"wp","href":"https:\/\/api.w.org\/{rel}","templated":true}]}}