{"id":4466,"date":"2024-11-08T13:27:58","date_gmt":"2024-11-08T13:27:58","guid":{"rendered":"https:\/\/test.bekonomike.com\/biznisi\/pozajmice\/garancione-bankare\/"},"modified":"2025-05-02T14:23:01","modified_gmt":"2025-05-02T14:23:01","slug":"bankarske-garancije","status":"publish","type":"page","link":"https:\/\/test.bekonomike.com\/sr\/biznisi\/pozajmice\/bankarske-garancije\/","title":{"rendered":"Bankarske garancije"},"content":{"rendered":"<p>Kako bismo vam olak\u0161ali poslovne aktivnosti, kao \u0161to su tenderi, trgovina robom ili avansna plac\u0301anja, nudimo vam odgovarajuc\u0301e garancije prema va\u0161im potrebama.<\/p>\n<p>&nbsp;<\/p>\n<p>Bankarske garancije su bankarski proizvodi koji slu\u017ee za obezbe\u0111ivanje potpisivanja ugovora izme\u0111u strana koje posluju kako na me\u0111unarodnim tr\u017ei\u0161tima, tako i za strane na teritoriji Kosova. Istovremeno, Banka Ekonomike prati sve vrste garancija koje dobija od drugih banaka, u korist svojih klijenata.<\/p>\n","protected":false},"excerpt":{"rendered":"<p>Kako bismo vam olak\u0161ali poslovne aktivnosti, kao \u0161to su tenderi, trgovina robom ili avansna plac\u0301anja, nudimo vam odgovarajuc\u0301e garancije prema va\u0161im potrebama. &nbsp; Bankarske garancije su bankarski proizvodi koji slu\u017ee za obezbe\u0111ivanje potpisivanja ugovora izme\u0111u strana koje posluju kako na me\u0111unarodnim tr\u017ei\u0161tima, tako i za strane na teritoriji Kosova. Istovremeno, Banka Ekonomike prati sve vrste [&hellip;]<\/p>\n","protected":false},"author":1,"featured_media":6641,"parent":4211,"menu_order":6,"comment_status":"closed","ping_status":"closed","template":"grandchild-default-template-v2.php","meta":{"_acf_changed":false,"footnotes":""},"class_list":["post-4466","page","type-page","status-publish","has-post-thumbnail","hentry"],"acf":[],"_links":{"self":[{"href":"https:\/\/test.bekonomike.com\/sr\/wp-json\/wp\/v2\/pages\/4466","targetHints":{"allow":["GET"]}}],"collection":[{"href":"https:\/\/test.bekonomike.com\/sr\/wp-json\/wp\/v2\/pages"}],"about":[{"href":"https:\/\/test.bekonomike.com\/sr\/wp-json\/wp\/v2\/types\/page"}],"author":[{"embeddable":true,"href":"https:\/\/test.bekonomike.com\/sr\/wp-json\/wp\/v2\/users\/1"}],"replies":[{"embeddable":true,"href":"https:\/\/test.bekonomike.com\/sr\/wp-json\/wp\/v2\/comments?post=4466"}],"version-history":[{"count":2,"href":"https:\/\/test.bekonomike.com\/sr\/wp-json\/wp\/v2\/pages\/4466\/revisions"}],"predecessor-version":[{"id":5318,"href":"https:\/\/test.bekonomike.com\/sr\/wp-json\/wp\/v2\/pages\/4466\/revisions\/5318"}],"up":[{"embeddable":true,"href":"https:\/\/test.bekonomike.com\/sr\/wp-json\/wp\/v2\/pages\/4211"}],"wp:featuredmedia":[{"embeddable":true,"href":"https:\/\/test.bekonomike.com\/sr\/wp-json\/wp\/v2\/media\/6641"}],"wp:attachment":[{"href":"https:\/\/test.bekonomike.com\/sr\/wp-json\/wp\/v2\/media?parent=4466"}],"curies":[{"name":"wp","href":"https:\/\/api.w.org\/{rel}","templated":true}]}}