{"id":4476,"date":"2024-11-08T13:24:55","date_gmt":"2024-11-08T13:24:55","guid":{"rendered":"https:\/\/test.bekonomike.com\/biznisi\/pozajmice\/kredi\/"},"modified":"2025-05-02T14:20:46","modified_gmt":"2025-05-02T14:20:46","slug":"kredit","status":"publish","type":"page","link":"https:\/\/test.bekonomike.com\/sr\/biznisi\/pozajmice\/kredit\/","title":{"rendered":"Kredit"},"content":{"rendered":"<p class=\"\" data-start=\"63\" data-end=\"249\"><strong data-start=\"63\" data-end=\"249\">Banka Ekonomike vam nudi podr\u0161ku kroz razli\u010dite bankarske proizvode i usluge namenjene svakom malom i srednjem biznisu, stoje\u0107i na raspolaganju svima koji odlu\u010de da sara\u0111uju sa nama.<\/strong><\/p>\n<p class=\"\" data-start=\"251\" data-end=\"373\">Bez obzira na svrhu investiranja u va\u0161 biznis, na\u0161a banka je uvek va\u0161 potencijalni partner za razvoj i kontinuirani uspeh.<\/p>\n<p class=\"\" data-start=\"375\" data-end=\"647\"><strong data-start=\"375\" data-end=\"486\">Ovi kreditni proizvodi su namenjeni da ispune va\u0161e potrebe i dele se na proizvode za biznise i agrobiznise.<\/strong><br data-start=\"486\" data-end=\"489\" \/>Svrha ovih proizvoda se odre\u0111uje u zavisnosti od izabranog proizvoda ili usluge, i isti se precizira u posebnim kreditnim ugovorima za svaki proizvod posebno.<\/p>\n<p class=\"\" data-start=\"649\" data-end=\"709\"><strong data-start=\"649\" data-end=\"709\">Vrste kreditnih proizvoda koje banka nudi za biznise su:<\/strong><\/p>\n<p>&nbsp;<\/p>\n<ul>\n<li class=\"\" data-start=\"75\" data-end=\"99\">\n<p class=\"\" data-start=\"77\" data-end=\"99\"><strong data-start=\"77\" data-end=\"97\">Kredit sa ratama<\/strong><\/p>\n<\/li>\n<li class=\"\" data-start=\"100\" data-end=\"134\">\n<p class=\"\" data-start=\"102\" data-end=\"134\"><strong data-start=\"102\" data-end=\"132\">Kredit obezbe\u0111en depozitom<\/strong><\/p>\n<\/li>\n<li class=\"\" data-start=\"135\" data-end=\"152\">\n<p class=\"\" data-start=\"137\" data-end=\"152\"><strong data-start=\"137\" data-end=\"150\">Pozajmica<\/strong><\/p>\n<\/li>\n<li class=\"\" data-start=\"153\" data-end=\"184\">\n<p class=\"\" data-start=\"155\" data-end=\"184\"><strong data-start=\"155\" data-end=\"182\">Dozvoljeno prekora\u010denje<\/strong><\/p>\n<\/li>\n<li class=\"\" data-start=\"185\" data-end=\"208\">\n<p class=\"\" data-start=\"187\" data-end=\"208\"><strong data-start=\"187\" data-end=\"206\">Kreditna linija<\/strong><\/p>\n<\/li>\n<li class=\"\" data-start=\"209\" data-end=\"265\">\n<p class=\"\" data-start=\"211\" data-end=\"265\"><strong data-start=\"211\" data-end=\"234\">Bankarska garancija<\/strong> (nacionalna ili me\u0111unarodna)<\/p>\n<\/li>\n<li class=\"\" data-start=\"266\" data-end=\"281\">\n<p class=\"\" data-start=\"268\" data-end=\"281\"><strong data-start=\"268\" data-end=\"281\">Akreditiv<\/strong><\/p>\n<\/li>\n<\/ul>\n","protected":false},"excerpt":{"rendered":"<p>Banka Ekonomike vam nudi podr\u0161ku kroz razli\u010dite bankarske proizvode i usluge namenjene svakom malom i srednjem biznisu, stoje\u0107i na raspolaganju svima koji odlu\u010de da sara\u0111uju sa nama. Bez obzira na svrhu investiranja u va\u0161 biznis, na\u0161a banka je uvek va\u0161 potencijalni partner za razvoj i kontinuirani uspeh. Ovi kreditni proizvodi su namenjeni da ispune va\u0161e [&hellip;]<\/p>\n","protected":false},"author":1,"featured_media":4477,"parent":4211,"menu_order":1,"comment_status":"closed","ping_status":"closed","template":"grandchild-default-template-v2.php","meta":{"_acf_changed":false,"footnotes":""},"class_list":["post-4476","page","type-page","status-publish","has-post-thumbnail","hentry"],"acf":[],"_links":{"self":[{"href":"https:\/\/test.bekonomike.com\/sr\/wp-json\/wp\/v2\/pages\/4476","targetHints":{"allow":["GET"]}}],"collection":[{"href":"https:\/\/test.bekonomike.com\/sr\/wp-json\/wp\/v2\/pages"}],"about":[{"href":"https:\/\/test.bekonomike.com\/sr\/wp-json\/wp\/v2\/types\/page"}],"author":[{"embeddable":true,"href":"https:\/\/test.bekonomike.com\/sr\/wp-json\/wp\/v2\/users\/1"}],"replies":[{"embeddable":true,"href":"https:\/\/test.bekonomike.com\/sr\/wp-json\/wp\/v2\/comments?post=4476"}],"version-history":[{"count":2,"href":"https:\/\/test.bekonomike.com\/sr\/wp-json\/wp\/v2\/pages\/4476\/revisions"}],"predecessor-version":[{"id":5314,"href":"https:\/\/test.bekonomike.com\/sr\/wp-json\/wp\/v2\/pages\/4476\/revisions\/5314"}],"up":[{"embeddable":true,"href":"https:\/\/test.bekonomike.com\/sr\/wp-json\/wp\/v2\/pages\/4211"}],"wp:featuredmedia":[{"embeddable":true,"href":"https:\/\/test.bekonomike.com\/sr\/wp-json\/wp\/v2\/media\/4477"}],"wp:attachment":[{"href":"https:\/\/test.bekonomike.com\/sr\/wp-json\/wp\/v2\/media?parent=4476"}],"curies":[{"name":"wp","href":"https:\/\/api.w.org\/{rel}","templated":true}]}}