{"id":4484,"date":"2024-11-08T13:26:23","date_gmt":"2024-11-08T13:26:23","guid":{"rendered":"https:\/\/test.bekonomike.com\/biznisi\/pozajmice\/kredi-e-mbuluar-me-depozite\/"},"modified":"2025-05-02T14:13:19","modified_gmt":"2025-05-02T14:13:19","slug":"zajam-pokriven-depozitom","status":"publish","type":"page","link":"https:\/\/test.bekonomike.com\/sr\/biznisi\/pozajmice\/zajam-pokriven-depozitom\/","title":{"rendered":"Zajam pokriven depozitom"},"content":{"rendered":"<p class=\"\" data-start=\"63\" data-end=\"357\"><strong data-start=\"63\" data-end=\"209\">Sa ciljem pove\u0107anja efikasnosti razvoja Va\u0161eg biznisa, Banka Ekonomike omogu\u0107ava finansiranje klijentima za kori\u0161\u0107enje svih resursa preduze\u0107a.<\/strong><br data-start=\"209\" data-end=\"212\" \/>Zbog toga, klijentima nudi proizvod \u2013 kredit obezbe\u0111en depozitom za poslovne potrebe, gde se klijentu dozvoljava iznos do 100% oro\u010denog depozita.<\/p>\n<p class=\"\" data-start=\"359\" data-end=\"552\"><strong data-start=\"359\" data-end=\"474\">Odre\u0111eni iznos sredstava klijent je du\u017ean da vrati u ratama prema uslovima utvr\u0111enim u ugovoru i planu otplate.<\/strong><br data-start=\"474\" data-end=\"477\" \/>Specifi\u010dnost ovog kreditnog proizvoda je \u0161to je kredit obezbe\u0111en depozitom.<\/p>\n","protected":false},"excerpt":{"rendered":"<p>Sa ciljem pove\u0107anja efikasnosti razvoja Va\u0161eg biznisa, Banka Ekonomike omogu\u0107ava finansiranje klijentima za kori\u0161\u0107enje svih resursa preduze\u0107a.Zbog toga, klijentima nudi proizvod \u2013 kredit obezbe\u0111en depozitom za poslovne potrebe, gde se klijentu dozvoljava iznos do 100% oro\u010denog depozita. Odre\u0111eni iznos sredstava klijent je du\u017ean da vrati u ratama prema uslovima utvr\u0111enim u ugovoru i planu otplate.Specifi\u010dnost [&hellip;]<\/p>\n","protected":false},"author":1,"featured_media":6612,"parent":4211,"menu_order":3,"comment_status":"closed","ping_status":"closed","template":"grandchild-default-template-v2.php","meta":{"_acf_changed":false,"footnotes":""},"class_list":["post-4484","page","type-page","status-publish","has-post-thumbnail","hentry"],"acf":[],"_links":{"self":[{"href":"https:\/\/test.bekonomike.com\/sr\/wp-json\/wp\/v2\/pages\/4484","targetHints":{"allow":["GET"]}}],"collection":[{"href":"https:\/\/test.bekonomike.com\/sr\/wp-json\/wp\/v2\/pages"}],"about":[{"href":"https:\/\/test.bekonomike.com\/sr\/wp-json\/wp\/v2\/types\/page"}],"author":[{"embeddable":true,"href":"https:\/\/test.bekonomike.com\/sr\/wp-json\/wp\/v2\/users\/1"}],"replies":[{"embeddable":true,"href":"https:\/\/test.bekonomike.com\/sr\/wp-json\/wp\/v2\/comments?post=4484"}],"version-history":[{"count":3,"href":"https:\/\/test.bekonomike.com\/sr\/wp-json\/wp\/v2\/pages\/4484\/revisions"}],"predecessor-version":[{"id":5301,"href":"https:\/\/test.bekonomike.com\/sr\/wp-json\/wp\/v2\/pages\/4484\/revisions\/5301"}],"up":[{"embeddable":true,"href":"https:\/\/test.bekonomike.com\/sr\/wp-json\/wp\/v2\/pages\/4211"}],"wp:featuredmedia":[{"embeddable":true,"href":"https:\/\/test.bekonomike.com\/sr\/wp-json\/wp\/v2\/media\/6612"}],"wp:attachment":[{"href":"https:\/\/test.bekonomike.com\/sr\/wp-json\/wp\/v2\/media?parent=4484"}],"curies":[{"name":"wp","href":"https:\/\/api.w.org\/{rel}","templated":true}]}}