{"id":4491,"date":"2024-11-08T13:27:43","date_gmt":"2024-11-08T13:27:43","guid":{"rendered":"https:\/\/test.bekonomike.com\/biznisi\/pozajmice\/linje-kreditore\/"},"modified":"2025-05-02T14:22:08","modified_gmt":"2025-05-02T14:22:08","slug":"kreditna-linija","status":"publish","type":"page","link":"https:\/\/test.bekonomike.com\/sr\/biznisi\/pozajmice\/kreditna-linija\/","title":{"rendered":"Kreditna linija"},"content":{"rendered":"<p class=\"\" data-start=\"59\" data-end=\"235\"><strong data-start=\"59\" data-end=\"235\">Banka Ekonomike, posmatra finansijska tr\u017ei\u0161ta kao izazov za rast i stabilizaciju preduze\u0107a. Stoga, stalno razvija proizvode koji se prilago\u0111avaju potrebama na\u0161ih klijenata.<\/strong><\/p>\n<p class=\"\" data-start=\"237\" data-end=\"696\">Proizvod kreditne linije je kratkoro\u010dni kreditni proizvod koji se odobrava za finansiranje potreba za obrtna sredstva u odre\u0111enom vremenskom periodu. Ovaj tip proizvoda omogu\u0107ava klijentu da ostvari negativan saldo na svom ra\u010dunu do unapred odre\u0111enog limita, kako bi finansirao uglavnom kupovinu tokom razli\u010ditih sezonskih perioda. Ovaj kreditni proizvod nije vezan za teku\u0107i ra\u010dun, ve\u0107 ima poseban ra\u010dun koji se koristi isklju\u010divo za potrebe kreditne linije.<\/p>\n<p class=\"\" data-start=\"698\" data-end=\"777\"><strong data-start=\"698\" data-end=\"745\">Minimalni iznos kreditne linije: 1.000 evra<\/strong><br data-start=\"745\" data-end=\"748\" \/><strong data-start=\"748\" data-end=\"777\">Rok otplate: do 12 meseci<\/strong><\/p>\n","protected":false},"excerpt":{"rendered":"<p>Banka Ekonomike, posmatra finansijska tr\u017ei\u0161ta kao izazov za rast i stabilizaciju preduze\u0107a. Stoga, stalno razvija proizvode koji se prilago\u0111avaju potrebama na\u0161ih klijenata. Proizvod kreditne linije je kratkoro\u010dni kreditni proizvod koji se odobrava za finansiranje potreba za obrtna sredstva u odre\u0111enom vremenskom periodu. Ovaj tip proizvoda omogu\u0107ava klijentu da ostvari negativan saldo na svom ra\u010dunu do [&hellip;]<\/p>\n","protected":false},"author":1,"featured_media":6638,"parent":4211,"menu_order":5,"comment_status":"closed","ping_status":"closed","template":"grandchild-default-template-v2.php","meta":{"_acf_changed":false,"footnotes":""},"class_list":["post-4491","page","type-page","status-publish","has-post-thumbnail","hentry"],"acf":[],"_links":{"self":[{"href":"https:\/\/test.bekonomike.com\/sr\/wp-json\/wp\/v2\/pages\/4491","targetHints":{"allow":["GET"]}}],"collection":[{"href":"https:\/\/test.bekonomike.com\/sr\/wp-json\/wp\/v2\/pages"}],"about":[{"href":"https:\/\/test.bekonomike.com\/sr\/wp-json\/wp\/v2\/types\/page"}],"author":[{"embeddable":true,"href":"https:\/\/test.bekonomike.com\/sr\/wp-json\/wp\/v2\/users\/1"}],"replies":[{"embeddable":true,"href":"https:\/\/test.bekonomike.com\/sr\/wp-json\/wp\/v2\/comments?post=4491"}],"version-history":[{"count":2,"href":"https:\/\/test.bekonomike.com\/sr\/wp-json\/wp\/v2\/pages\/4491\/revisions"}],"predecessor-version":[{"id":5315,"href":"https:\/\/test.bekonomike.com\/sr\/wp-json\/wp\/v2\/pages\/4491\/revisions\/5315"}],"up":[{"embeddable":true,"href":"https:\/\/test.bekonomike.com\/sr\/wp-json\/wp\/v2\/pages\/4211"}],"wp:featuredmedia":[{"embeddable":true,"href":"https:\/\/test.bekonomike.com\/sr\/wp-json\/wp\/v2\/media\/6638"}],"wp:attachment":[{"href":"https:\/\/test.bekonomike.com\/sr\/wp-json\/wp\/v2\/media?parent=4491"}],"curies":[{"name":"wp","href":"https:\/\/api.w.org\/{rel}","templated":true}]}}