{"id":4498,"date":"2024-11-08T13:21:26","date_gmt":"2024-11-08T13:21:26","guid":{"rendered":"https:\/\/test.bekonomike.com\/biznisi\/pozajmice\/mbiterheqje\/"},"modified":"2025-05-02T14:16:59","modified_gmt":"2025-05-02T14:16:59","slug":"prekoracenje-po-racunu","status":"publish","type":"page","link":"https:\/\/test.bekonomike.com\/sr\/biznisi\/pozajmice\/prekoracenje-po-racunu\/","title":{"rendered":"Prekora\u010denje po ra\u010dunu"},"content":{"rendered":"<p class=\"\" data-start=\"59\" data-end=\"231\"><strong data-start=\"59\" data-end=\"231\">Za nepredvi\u0111ene tro\u0161kove i trenutke kada va\u0161em biznisu trebaju dodatna sredstva, pravo re\u0161enje za vas je da aplicirate za proizvod dozvoljenog prekora\u010denja (overdraft).<\/strong><\/p>\n<p class=\"\" data-start=\"233\" data-end=\"553\">Dozvoljeno prekora\u010denje je fleksibilan kratkoro\u010dni kreditni proizvod koji omogu\u0107ava subjektu da ostvari negativan saldo na svom ra\u010dunu do unapred odre\u0111enog limita i vezano je za trenutni ili potencijalni promet preko teku\u0107eg ra\u010duna subjekta. Kao rezultat, subjekt pla\u0107a kamatu samo na iskori\u0161\u0107eni iznos negativnog salda.<\/p>\n<p class=\"\" data-start=\"555\" data-end=\"712\"><strong data-start=\"555\" data-end=\"712\">Pristup proizvodu dozvoljenog prekora\u010denja je veoma jednostavan jer je direktno povezan sa teku\u0107im ra\u010dunom i dostupan je i putem e-banking online usluge.<\/strong><\/p>\n<p class=\"\" data-start=\"714\" data-end=\"866\">Pored lakog pristupa dodatnim sredstvima, va\u017eno je i to \u0161to pla\u0107ate samo za iskori\u0161\u0107eni iznos i za period u kojem ste koristili dozvoljeno prekora\u010denje.<\/p>\n<p class=\"\" data-start=\"868\" data-end=\"956\"><strong data-start=\"868\" data-end=\"924\">Minimalni iznos dozvoljenog prekora\u010denja: 1.000 evra<\/strong><br data-start=\"924\" data-end=\"927\" \/><strong data-start=\"927\" data-end=\"956\">Rok otplate: do 12 meseci<\/strong><\/p>\n","protected":false},"excerpt":{"rendered":"<p>Za nepredvi\u0111ene tro\u0161kove i trenutke kada va\u0161em biznisu trebaju dodatna sredstva, pravo re\u0161enje za vas je da aplicirate za proizvod dozvoljenog prekora\u010denja (overdraft). Dozvoljeno prekora\u010denje je fleksibilan kratkoro\u010dni kreditni proizvod koji omogu\u0107ava subjektu da ostvari negativan saldo na svom ra\u010dunu do unapred odre\u0111enog limita i vezano je za trenutni ili potencijalni promet preko teku\u0107eg ra\u010duna [&hellip;]<\/p>\n","protected":false},"author":1,"featured_media":6631,"parent":4211,"menu_order":4,"comment_status":"closed","ping_status":"closed","template":"grandchild-default-template-v2.php","meta":{"_acf_changed":false,"footnotes":""},"class_list":["post-4498","page","type-page","status-publish","has-post-thumbnail","hentry"],"acf":[],"_links":{"self":[{"href":"https:\/\/test.bekonomike.com\/sr\/wp-json\/wp\/v2\/pages\/4498","targetHints":{"allow":["GET"]}}],"collection":[{"href":"https:\/\/test.bekonomike.com\/sr\/wp-json\/wp\/v2\/pages"}],"about":[{"href":"https:\/\/test.bekonomike.com\/sr\/wp-json\/wp\/v2\/types\/page"}],"author":[{"embeddable":true,"href":"https:\/\/test.bekonomike.com\/sr\/wp-json\/wp\/v2\/users\/1"}],"replies":[{"embeddable":true,"href":"https:\/\/test.bekonomike.com\/sr\/wp-json\/wp\/v2\/comments?post=4498"}],"version-history":[{"count":3,"href":"https:\/\/test.bekonomike.com\/sr\/wp-json\/wp\/v2\/pages\/4498\/revisions"}],"predecessor-version":[{"id":6632,"href":"https:\/\/test.bekonomike.com\/sr\/wp-json\/wp\/v2\/pages\/4498\/revisions\/6632"}],"up":[{"embeddable":true,"href":"https:\/\/test.bekonomike.com\/sr\/wp-json\/wp\/v2\/pages\/4211"}],"wp:featuredmedia":[{"embeddable":true,"href":"https:\/\/test.bekonomike.com\/sr\/wp-json\/wp\/v2\/media\/6631"}],"wp:attachment":[{"href":"https:\/\/test.bekonomike.com\/sr\/wp-json\/wp\/v2\/media?parent=4498"}],"curies":[{"name":"wp","href":"https:\/\/api.w.org\/{rel}","templated":true}]}}