{"id":4534,"date":"2024-12-08T13:38:05","date_gmt":"2024-12-08T13:38:05","guid":{"rendered":"https:\/\/test.bekonomike.com\/biznisi\/usluge\/automatic-order\/"},"modified":"2025-05-02T15:38:45","modified_gmt":"2025-05-02T15:38:45","slug":"automatska-porudzbina","status":"publish","type":"page","link":"https:\/\/test.bekonomike.com\/sr\/biznisi\/usluge\/automatska-porudzbina\/","title":{"rendered":"Automatska porud\u017ebina"},"content":{"rendered":"<p>Automatski nalog za plac\u0301anje za preduzec\u0301a vam omoguc\u0301ava da izvr\u0161ite samo jedan nalog koji c\u0301e slu\u017eiti za vr\u0161enje transfera u odre\u0111enom vremenskom periodu, automatski prenos sredstava sa tekuc\u0301eg ra\u010duna na \u0161tedni ra\u010dun, plac\u0301anje zakupnine i druga redovna plac\u0301anja koja zahtevaju periodi\u010dne transfere novca. Automatski nalozi za plac\u0301anje mogu se potpisati na 1, 3, 6 i 12 meseci.<\/p>\n<p>&nbsp;<\/p>\n<p>Ova usluga je pru\u017eena za vas, kako bismo vam u\u0161tedeli vreme i omoguc\u0301ili da plac\u0301anja budu izvr\u0161ena na vreme. Automatski nalozi za plac\u0301anje unutar banke mogu se aktivirati u bilo kojoj filijali Banke Ekonomike ili putem servisa elektronskog bankarstva. Preko usluge elektronskog bankarstva mo\u017eete aktivirati i automatske naloge za plac\u0301anja koja \u017eelite da izvr\u0161ite korisniku koji ima otvoren ra\u010dun u bilo kojoj od banaka na Kosovu. U slu\u010dajevima kada nemate dovoljno sredstava na ra\u010dunu, a aktivan vam je proizvod prekora\u010denja, automatski nalog za plac\u0301anje c\u0301e biti izvr\u0161en iz prekora\u010denja.<\/p>\n","protected":false},"excerpt":{"rendered":"<p>Automatski nalog za plac\u0301anje za preduzec\u0301a vam omoguc\u0301ava da izvr\u0161ite samo jedan nalog koji c\u0301e slu\u017eiti za vr\u0161enje transfera u odre\u0111enom vremenskom periodu, automatski prenos sredstava sa tekuc\u0301eg ra\u010duna na \u0161tedni ra\u010dun, plac\u0301anje zakupnine i druga redovna plac\u0301anja koja zahtevaju periodi\u010dne transfere novca. Automatski nalozi za plac\u0301anje mogu se potpisati na 1, 3, 6 i [&hellip;]<\/p>\n","protected":false},"author":1,"featured_media":0,"parent":4118,"menu_order":0,"comment_status":"closed","ping_status":"closed","template":"grandchild-default-template-blog.php","meta":{"_acf_changed":false,"footnotes":""},"class_list":["post-4534","page","type-page","status-publish","hentry"],"acf":[],"_links":{"self":[{"href":"https:\/\/test.bekonomike.com\/sr\/wp-json\/wp\/v2\/pages\/4534","targetHints":{"allow":["GET"]}}],"collection":[{"href":"https:\/\/test.bekonomike.com\/sr\/wp-json\/wp\/v2\/pages"}],"about":[{"href":"https:\/\/test.bekonomike.com\/sr\/wp-json\/wp\/v2\/types\/page"}],"author":[{"embeddable":true,"href":"https:\/\/test.bekonomike.com\/sr\/wp-json\/wp\/v2\/users\/1"}],"replies":[{"embeddable":true,"href":"https:\/\/test.bekonomike.com\/sr\/wp-json\/wp\/v2\/comments?post=4534"}],"version-history":[{"count":2,"href":"https:\/\/test.bekonomike.com\/sr\/wp-json\/wp\/v2\/pages\/4534\/revisions"}],"predecessor-version":[{"id":5342,"href":"https:\/\/test.bekonomike.com\/sr\/wp-json\/wp\/v2\/pages\/4534\/revisions\/5342"}],"up":[{"embeddable":true,"href":"https:\/\/test.bekonomike.com\/sr\/wp-json\/wp\/v2\/pages\/4118"}],"wp:attachment":[{"href":"https:\/\/test.bekonomike.com\/sr\/wp-json\/wp\/v2\/media?parent=4534"}],"curies":[{"name":"wp","href":"https:\/\/api.w.org\/{rel}","templated":true}]}}