{"id":4551,"date":"2024-11-13T14:33:41","date_gmt":"2024-11-13T14:33:41","guid":{"rendered":"https:\/\/test.bekonomike.com\/%d1%99%d1%83%d0%b4%d1%81%d0%ba%d0%b8-%d1%80%d0%b5%d1%81%d1%83%d1%80%d1%81%d0%b8\/procesi-i-rekrutimit\/"},"modified":"2025-05-05T12:42:05","modified_gmt":"2025-05-05T12:42:05","slug":"proces-regrutacije","status":"publish","type":"page","link":"https:\/\/test.bekonomike.com\/sr\/ljudski-resursi\/proces-regrutacije\/","title":{"rendered":"Proces regrutacije"},"content":{"rendered":"<p>Banka Ekonomike podsti\u010de sve zainteresovane da se prijave i postanu deo na\u0161eg tima gde su moguc\u0301nosti zapo\u0161ljavanja jednake za sve.<\/p>\n<p>&nbsp;<\/p>\n<p>Motivisanje postojec\u0301eg osoblja kroz razli\u010dite orijentacije i unapre\u0111enja, pru\u017eajuc\u0301i izazovno i kreativno radno okru\u017eenje, daje zaposlenima samopouzdanje i stimuli\u0161e ih da preuzmu nove zadatke i odgovornosti. Banka Ekonomike posluje putem onlajn sistema za regrutaciju, koji omoguc\u0301ava svim zainteresovanima da se direktno prijave na osnovu znanja i iskustva potrebnog za ogla\u0161ene pozicije.<\/p>\n<p>&nbsp;<\/p>\n<p>Ako \u017eelite da se pridru\u017eite Banci Ekonomike, posetite link za otvorene poslove.<br \/>\nZa dodatne informacije, kontaktirajte <strong><a href=\"mailto:burimetnjerezore@bekonomike.com\">burimetnjerezore@bekonomike.com<\/a><\/strong> ili pozovite <strong><a href=\"tel:+383 (0) 500 500\">+383 (0) 500 500<\/a><\/strong> lok. 119<\/p>\n","protected":false},"excerpt":{"rendered":"<p>Banka Ekonomike podsti\u010de sve zainteresovane da se prijave i postanu deo na\u0161eg tima gde su moguc\u0301nosti zapo\u0161ljavanja jednake za sve. &nbsp; Motivisanje postojec\u0301eg osoblja kroz razli\u010dite orijentacije i unapre\u0111enja, pru\u017eajuc\u0301i izazovno i kreativno radno okru\u017eenje, daje zaposlenima samopouzdanje i stimuli\u0161e ih da preuzmu nove zadatke i odgovornosti. Banka Ekonomike posluje putem onlajn sistema za regrutaciju, [&hellip;]<\/p>\n","protected":false},"author":1,"featured_media":4552,"parent":4540,"menu_order":0,"comment_status":"closed","ping_status":"closed","template":"child-default-template-v2.php","meta":{"_acf_changed":false,"footnotes":""},"class_list":["post-4551","page","type-page","status-publish","has-post-thumbnail","hentry"],"acf":[],"_links":{"self":[{"href":"https:\/\/test.bekonomike.com\/sr\/wp-json\/wp\/v2\/pages\/4551","targetHints":{"allow":["GET"]}}],"collection":[{"href":"https:\/\/test.bekonomike.com\/sr\/wp-json\/wp\/v2\/pages"}],"about":[{"href":"https:\/\/test.bekonomike.com\/sr\/wp-json\/wp\/v2\/types\/page"}],"author":[{"embeddable":true,"href":"https:\/\/test.bekonomike.com\/sr\/wp-json\/wp\/v2\/users\/1"}],"replies":[{"embeddable":true,"href":"https:\/\/test.bekonomike.com\/sr\/wp-json\/wp\/v2\/comments?post=4551"}],"version-history":[{"count":3,"href":"https:\/\/test.bekonomike.com\/sr\/wp-json\/wp\/v2\/pages\/4551\/revisions"}],"predecessor-version":[{"id":5477,"href":"https:\/\/test.bekonomike.com\/sr\/wp-json\/wp\/v2\/pages\/4551\/revisions\/5477"}],"up":[{"embeddable":true,"href":"https:\/\/test.bekonomike.com\/sr\/wp-json\/wp\/v2\/pages\/4540"}],"wp:featuredmedia":[{"embeddable":true,"href":"https:\/\/test.bekonomike.com\/sr\/wp-json\/wp\/v2\/media\/4552"}],"wp:attachment":[{"href":"https:\/\/test.bekonomike.com\/sr\/wp-json\/wp\/v2\/media?parent=4551"}],"curies":[{"name":"wp","href":"https:\/\/api.w.org\/{rel}","templated":true}]}}