{"id":4555,"date":"2024-11-13T14:35:49","date_gmt":"2024-11-13T14:35:49","guid":{"rendered":"https:\/\/test.bekonomike.com\/%d1%99%d1%83%d0%b4%d1%81%d0%ba%d0%b8-%d1%80%d0%b5%d1%81%d1%83%d1%80%d1%81%d0%b8\/puna-praktike\/"},"modified":"2025-05-05T12:41:24","modified_gmt":"2025-05-05T12:41:24","slug":"prakticni-rad","status":"publish","type":"page","link":"https:\/\/test.bekonomike.com\/sr\/ljudski-resursi\/prakticni-rad\/","title":{"rendered":"Prakti\u010dni rad"},"content":{"rendered":"<p>Ako \u017eelite da se profesionalno razvijate kroz program prakse, karijernog vo\u0111enja i obuke, Banka Ekonomike je pravo mesto za vas!<\/p>\n<p>&nbsp;<\/p>\n<p>Pozivamo sve studente zavr\u0161nih godina ili nedavno diplomirane studente u svim gradovima na Kosovu da se prijave za praksu.<br \/>\nPrakti\u010dni rad c\u0301e biti obezbe\u0111en u odeljenjima ili filijalama Banke Ekonomike kroz tromese\u010dni ili \u0161estomese\u010dni program koji je usmeren na profesionalni razvoj va\u0161e karijere, gde su moguc\u0301nosti da se pridru\u017eite na\u0161em timu veoma velike!<\/p>\n","protected":false},"excerpt":{"rendered":"<p>Ako \u017eelite da se profesionalno razvijate kroz program prakse, karijernog vo\u0111enja i obuke, Banka Ekonomike je pravo mesto za vas! &nbsp; Pozivamo sve studente zavr\u0161nih godina ili nedavno diplomirane studente u svim gradovima na Kosovu da se prijave za praksu. Prakti\u010dni rad c\u0301e biti obezbe\u0111en u odeljenjima ili filijalama Banke Ekonomike kroz tromese\u010dni ili \u0161estomese\u010dni [&hellip;]<\/p>\n","protected":false},"author":1,"featured_media":4556,"parent":4540,"menu_order":0,"comment_status":"closed","ping_status":"closed","template":"child-default-template-v4.php","meta":{"_acf_changed":false,"footnotes":""},"class_list":["post-4555","page","type-page","status-publish","has-post-thumbnail","hentry"],"acf":[],"_links":{"self":[{"href":"https:\/\/test.bekonomike.com\/sr\/wp-json\/wp\/v2\/pages\/4555","targetHints":{"allow":["GET"]}}],"collection":[{"href":"https:\/\/test.bekonomike.com\/sr\/wp-json\/wp\/v2\/pages"}],"about":[{"href":"https:\/\/test.bekonomike.com\/sr\/wp-json\/wp\/v2\/types\/page"}],"author":[{"embeddable":true,"href":"https:\/\/test.bekonomike.com\/sr\/wp-json\/wp\/v2\/users\/1"}],"replies":[{"embeddable":true,"href":"https:\/\/test.bekonomike.com\/sr\/wp-json\/wp\/v2\/comments?post=4555"}],"version-history":[{"count":3,"href":"https:\/\/test.bekonomike.com\/sr\/wp-json\/wp\/v2\/pages\/4555\/revisions"}],"predecessor-version":[{"id":5474,"href":"https:\/\/test.bekonomike.com\/sr\/wp-json\/wp\/v2\/pages\/4555\/revisions\/5474"}],"up":[{"embeddable":true,"href":"https:\/\/test.bekonomike.com\/sr\/wp-json\/wp\/v2\/pages\/4540"}],"wp:featuredmedia":[{"embeddable":true,"href":"https:\/\/test.bekonomike.com\/sr\/wp-json\/wp\/v2\/media\/4556"}],"wp:attachment":[{"href":"https:\/\/test.bekonomike.com\/sr\/wp-json\/wp\/v2\/media?parent=4555"}],"curies":[{"name":"wp","href":"https:\/\/api.w.org\/{rel}","templated":true}]}}