{"id":4573,"date":"2024-11-07T13:19:52","date_gmt":"2024-11-07T13:19:52","guid":{"rendered":"https:\/\/test.bekonomike.com\/investicije\/%d0%b4%d0%b5%d0%b1%d0%b8%d1%82%d0%bd%d0%b5-%d0%ba%d0%b0%d1%80%d1%82%d0%b8%d1%86%d0%b5\/kartelat-mastercard-debit-dhe-visa-debit\/"},"modified":"2025-05-02T12:47:01","modified_gmt":"2025-05-02T12:47:01","slug":"mastercard-%d0%b4%d0%b5%d0%b1%d0%b8%d1%82%d0%bd%d0%b5-%d0%b8-visa-%d0%b4%d0%b5%d0%b1%d0%b8%d1%82%d0%bd%d0%b5-%d0%ba%d0%b0%d1%80%d1%82%d0%b8%d1%86%d0%b5","status":"publish","type":"page","link":"https:\/\/test.bekonomike.com\/sr\/investicije\/debitne-kartice\/mastercard-%d0%b4%d0%b5%d0%b1%d0%b8%d1%82%d0%bd%d0%b5-%d0%b8-visa-%d0%b4%d0%b5%d0%b1%d0%b8%d1%82%d0%bd%d0%b5-%d0%ba%d0%b0%d1%80%d1%82%d0%b8%d1%86%d0%b5\/","title":{"rendered":"MasterCard debitne i Visa debitne kartice"},"content":{"rendered":"<p><strong>MasterCard Debit je debit kartica koja se direktno povezuje sa va\u0161im teku\u0107im ra\u010dunom, pru\u017eaju\u0107i lak na\u010din pristupanja va\u0161em ra\u010dunu, u bilo koje vreme i kad god vam je potrebno.\u00a0<\/strong><\/p>\n<p>&nbsp;<\/p>\n<p>Ako vam je potrebna gotovina, vi mo\u017eete povla\u010diti novac u svakom bankomatu (ATM) Banka Ekonomike, ili u svakom drugom bankomatu (ATM) gde je prikazan logo MasterCard, na Kosovu i \u0161irom sveta.<\/p>\n<p>&nbsp;<\/p>\n<p>MasterCard Debit kartica tako\u0111e je pogodna za kupovinu u svakoj prodajnoj ta\u010dci (POS terminalu) na Kosovu i u milionima prodajnih ta\u010daka bilo gde u svetu, u prodavnicama, supermarketima, restoranima, turisti\u010dkim agencijama i benzinskim pumpama i bilo gde, gde je prikazan logo MasterCard. MasterCard Debit kartica mo\u017ee se koristiti i za kupovinu na internetu.<\/p>\n<p>&nbsp;<\/p>\n<p>MasterCard Debit vam pru\u017ea, vama kao nosiocu kartice potpunu kontrolu tro\u0161kova. Svaki postupak koji izvr\u0161ite karticom se odra\u017eava na stanje va\u0161eg ra\u010duna, omogu\u0107avaju\u0107i vam tako proveru svake transakcije.<\/p>\n","protected":false},"excerpt":{"rendered":"<p>MasterCard Debit je debit kartica koja se direktno povezuje sa va\u0161im teku\u0107im ra\u010dunom, pru\u017eaju\u0107i lak na\u010din pristupanja va\u0161em ra\u010dunu, u bilo koje vreme i kad god vam je potrebno.\u00a0 &nbsp; Ako vam je potrebna gotovina, vi mo\u017eete povla\u010diti novac u svakom bankomatu (ATM) Banka Ekonomike, ili u svakom drugom bankomatu (ATM) gde je prikazan logo [&hellip;]<\/p>\n","protected":false},"author":1,"featured_media":0,"parent":4568,"menu_order":0,"comment_status":"closed","ping_status":"closed","template":"grandchild-default-template-blog.php","meta":{"_acf_changed":false,"footnotes":""},"class_list":["post-4573","page","type-page","status-publish","hentry"],"acf":[],"_links":{"self":[{"href":"https:\/\/test.bekonomike.com\/sr\/wp-json\/wp\/v2\/pages\/4573","targetHints":{"allow":["GET"]}}],"collection":[{"href":"https:\/\/test.bekonomike.com\/sr\/wp-json\/wp\/v2\/pages"}],"about":[{"href":"https:\/\/test.bekonomike.com\/sr\/wp-json\/wp\/v2\/types\/page"}],"author":[{"embeddable":true,"href":"https:\/\/test.bekonomike.com\/sr\/wp-json\/wp\/v2\/users\/1"}],"replies":[{"embeddable":true,"href":"https:\/\/test.bekonomike.com\/sr\/wp-json\/wp\/v2\/comments?post=4573"}],"version-history":[{"count":6,"href":"https:\/\/test.bekonomike.com\/sr\/wp-json\/wp\/v2\/pages\/4573\/revisions"}],"predecessor-version":[{"id":5250,"href":"https:\/\/test.bekonomike.com\/sr\/wp-json\/wp\/v2\/pages\/4573\/revisions\/5250"}],"up":[{"embeddable":true,"href":"https:\/\/test.bekonomike.com\/sr\/wp-json\/wp\/v2\/pages\/4568"}],"wp:attachment":[{"href":"https:\/\/test.bekonomike.com\/sr\/wp-json\/wp\/v2\/media?parent=4573"}],"curies":[{"name":"wp","href":"https:\/\/api.w.org\/{rel}","templated":true}]}}