{"id":4583,"date":"2024-11-07T13:57:37","date_gmt":"2024-11-07T13:57:37","guid":{"rendered":"https:\/\/test.bekonomike.com\/investicije\/%d0%ba%d1%80%d0%b5%d0%b4%d0%b8%d1%82%d0%bd%d0%b5-%d0%ba%d0%b0%d1%80%d1%82%d0%b8%d1%86%d0%b5\/credit-card\/"},"modified":"2025-05-02T13:32:34","modified_gmt":"2025-05-02T13:32:34","slug":"kreditne-kartice","status":"publish","type":"page","link":"https:\/\/test.bekonomike.com\/sr\/investicije\/kreditna-kartica\/kreditne-kartice\/","title":{"rendered":"Kreditne kartice"},"content":{"rendered":"<p class=\"\" data-start=\"131\" data-end=\"373\">Ako vam je potreban dodatni novac na va\u0161em ra\u010dunu, onda su kreditne kartice pravo re\u0161enje za vas. Mastercard Flexi, VISA Classic i VISA Gold su kreditne kartice koje vam omogu\u0107avaju pristup va\u0161em ra\u010dunu na kojem je odobren va\u0161 kreditni limit.<\/p>\n<p class=\"\" data-start=\"375\" data-end=\"704\">Kartice Mastercard Flexi, VISA Classic i VISA Gold su tako\u0111e namenjene za kupovinu na svakom prodajnom mestu (POS terminalu) na Kosovu i na milionima prodajnih mesta \u0161irom sveta \u2013 u prodavnicama, supermarketima, restoranima, turisti\u010dkim agencijama, benzinskim stanicama i bilo gde drugde gde je prikazan logo VISA ili Mastercard.<\/p>\n<p class=\"\" data-start=\"706\" data-end=\"968\">Mo\u017eete podizati novac na bilo kom bankomatu (ATM) Banke Ekonomike ili na bilo kom drugom bankomatu (ATM) gde je prikazan logo VISA ili Mastercard, kako na Kosovu tako i \u0161irom sveta. Pomo\u0107u kreditnih kartica tako\u0111e mo\u017eete kupovati robu ili usluge putem interneta.<\/p>\n","protected":false},"excerpt":{"rendered":"<p>Ako vam je potreban dodatni novac na va\u0161em ra\u010dunu, onda su kreditne kartice pravo re\u0161enje za vas. Mastercard Flexi, VISA Classic i VISA Gold su kreditne kartice koje vam omogu\u0107avaju pristup va\u0161em ra\u010dunu na kojem je odobren va\u0161 kreditni limit. Kartice Mastercard Flexi, VISA Classic i VISA Gold su tako\u0111e namenjene za kupovinu na svakom [&hellip;]<\/p>\n","protected":false},"author":1,"featured_media":0,"parent":4576,"menu_order":0,"comment_status":"closed","ping_status":"closed","template":"grandchild-default-template-blog.php","meta":{"_acf_changed":false,"footnotes":""},"class_list":["post-4583","page","type-page","status-publish","hentry"],"acf":[],"_links":{"self":[{"href":"https:\/\/test.bekonomike.com\/sr\/wp-json\/wp\/v2\/pages\/4583","targetHints":{"allow":["GET"]}}],"collection":[{"href":"https:\/\/test.bekonomike.com\/sr\/wp-json\/wp\/v2\/pages"}],"about":[{"href":"https:\/\/test.bekonomike.com\/sr\/wp-json\/wp\/v2\/types\/page"}],"author":[{"embeddable":true,"href":"https:\/\/test.bekonomike.com\/sr\/wp-json\/wp\/v2\/users\/1"}],"replies":[{"embeddable":true,"href":"https:\/\/test.bekonomike.com\/sr\/wp-json\/wp\/v2\/comments?post=4583"}],"version-history":[{"count":3,"href":"https:\/\/test.bekonomike.com\/sr\/wp-json\/wp\/v2\/pages\/4583\/revisions"}],"predecessor-version":[{"id":5271,"href":"https:\/\/test.bekonomike.com\/sr\/wp-json\/wp\/v2\/pages\/4583\/revisions\/5271"}],"up":[{"embeddable":true,"href":"https:\/\/test.bekonomike.com\/sr\/wp-json\/wp\/v2\/pages\/4576"}],"wp:attachment":[{"href":"https:\/\/test.bekonomike.com\/sr\/wp-json\/wp\/v2\/media?parent=4583"}],"curies":[{"name":"wp","href":"https:\/\/api.w.org\/{rel}","templated":true}]}}