{"id":4595,"date":"2025-03-07T14:28:08","date_gmt":"2025-03-07T14:28:08","guid":{"rendered":"https:\/\/test.bekonomike.com\/investicije\/pozajmice\/loan-with-deposit\/"},"modified":"2025-05-05T10:03:30","modified_gmt":"2025-05-05T10:03:30","slug":"zajam-sa-depozitom","status":"publish","type":"page","link":"https:\/\/test.bekonomike.com\/sr\/investicije\/pozajmice\/zajam-sa-depozitom\/","title":{"rendered":"Zajam sa depozitom"},"content":{"rendered":"<p>To su krediti koji su namenjeni za razne potrebe.<\/p>\n<p>&nbsp;<\/p>\n<p>Kredit je dozvoljen do 100% iznosa oro\u010denog depozita u evrima ili 110% vrednosti ekspozicije u drugim valutama sa paritetom evra.<br \/>\nAtraktivne kamatne stope.<br \/>\nBanka zadr\u017eava pravo da zahteva dodatnu dokumentaciju.<\/p>\n<p>&nbsp;<\/p>\n<p>Za dodatne informacije, kontaktirajte na\u0161e filijale \u0161irom Kosova ili pozovite Kol centar na kontakt brojeve:<br \/>\n+383 (0) 38 500 500 i +383 49 733 322<\/p>\n","protected":false},"excerpt":{"rendered":"<p>To su krediti koji su namenjeni za razne potrebe. &nbsp; Kredit je dozvoljen do 100% iznosa oro\u010denog depozita u evrima ili 110% vrednosti ekspozicije u drugim valutama sa paritetom evra. Atraktivne kamatne stope. Banka zadr\u017eava pravo da zahteva dodatnu dokumentaciju. &nbsp; Za dodatne informacije, kontaktirajte na\u0161e filijale \u0161irom Kosova ili pozovite Kol centar na kontakt [&hellip;]<\/p>\n","protected":false},"author":1,"featured_media":6592,"parent":4206,"menu_order":0,"comment_status":"closed","ping_status":"closed","template":"grandchild-default-template-v2.php","meta":{"_acf_changed":false,"footnotes":""},"class_list":["post-4595","page","type-page","status-publish","has-post-thumbnail","hentry"],"acf":[],"_links":{"self":[{"href":"https:\/\/test.bekonomike.com\/sr\/wp-json\/wp\/v2\/pages\/4595","targetHints":{"allow":["GET"]}}],"collection":[{"href":"https:\/\/test.bekonomike.com\/sr\/wp-json\/wp\/v2\/pages"}],"about":[{"href":"https:\/\/test.bekonomike.com\/sr\/wp-json\/wp\/v2\/types\/page"}],"author":[{"embeddable":true,"href":"https:\/\/test.bekonomike.com\/sr\/wp-json\/wp\/v2\/users\/1"}],"replies":[{"embeddable":true,"href":"https:\/\/test.bekonomike.com\/sr\/wp-json\/wp\/v2\/comments?post=4595"}],"version-history":[{"count":2,"href":"https:\/\/test.bekonomike.com\/sr\/wp-json\/wp\/v2\/pages\/4595\/revisions"}],"predecessor-version":[{"id":5406,"href":"https:\/\/test.bekonomike.com\/sr\/wp-json\/wp\/v2\/pages\/4595\/revisions\/5406"}],"up":[{"embeddable":true,"href":"https:\/\/test.bekonomike.com\/sr\/wp-json\/wp\/v2\/pages\/4206"}],"wp:featuredmedia":[{"embeddable":true,"href":"https:\/\/test.bekonomike.com\/sr\/wp-json\/wp\/v2\/media\/6592"}],"wp:attachment":[{"href":"https:\/\/test.bekonomike.com\/sr\/wp-json\/wp\/v2\/media?parent=4595"}],"curies":[{"name":"wp","href":"https:\/\/api.w.org\/{rel}","templated":true}]}}