{"id":4602,"date":"2025-03-07T14:40:12","date_gmt":"2025-03-07T14:40:12","guid":{"rendered":"https:\/\/test.bekonomike.com\/investicije\/pozajmice\/car-loan\/"},"modified":"2025-05-05T13:13:36","modified_gmt":"2025-05-05T13:13:36","slug":"auto-kredit","status":"publish","type":"page","link":"https:\/\/test.bekonomike.com\/sr\/investicije\/pozajmice\/auto-kredit\/","title":{"rendered":"Auto kredit"},"content":{"rendered":"<p>Krediti za kupovinu vozila<\/p>\n<p>To su krediti namenjeni za kupovinu novih ili polovnih vozila.<\/p>\n<p>Rokovi i uslovi kreditiranja:<\/p>\n<p>Iznos kredita: od 5.000 \u2013 50.000 EUR<\/p>\n<p>Rok otplate kredita: do 72 meseca<\/p>\n<p>Kolateral: finansirano vozilo<\/p>\n<p>U\u010de\u0161\u0107e za nova vozila: 15%, za polovna vozila: 20%<\/p>\n<p>Dovoljno je da primate platu preko Banke Ekonomike ili da dostavite potvrdu od poslodavca da \u0107e va\u0161a plata biti procesuirana putem Banke Ekonomike i odmah mo\u017eete aplicirati za kredit za vozilo.<\/p>\n<p>Krediti su dostupni i za zakupce, samozaposlena lica.<br \/>\nJednostavna procedura apliciranja. Brzo odobravanje.<\/p>\n<p>Potrebna dokumentacija:<\/p>\n<p>Li\u010dni identifikacioni dokument<\/p>\n<p>Ugovor o radu<\/p>\n<p>Potvrda od poslodavca o obradi plate (ukoliko ne primate platu putem Banke Ekonomike)<\/p>\n<p>Banka zadr\u017eava pravo da zahteva dodatnu dokumentaciju.<\/p>\n<p>Za dodatne informacije, molimo kontaktirajte na\u0161e ekspoziture \u0161irom Kosova ili pozovite na\u0161 Kontakt centar na brojeve:<br \/>\n+383 (0) 38 500 500 i +383 49 733 322<\/p>\n","protected":false},"excerpt":{"rendered":"<p>Krediti za kupovinu vozila To su krediti namenjeni za kupovinu novih ili polovnih vozila. Rokovi i uslovi kreditiranja: Iznos kredita: od 5.000 \u2013 50.000 EUR Rok otplate kredita: do 72 meseca Kolateral: finansirano vozilo U\u010de\u0161\u0107e za nova vozila: 15%, za polovna vozila: 20% Dovoljno je da primate platu preko Banke Ekonomike ili da dostavite potvrdu [&hellip;]<\/p>\n","protected":false},"author":1,"featured_media":6596,"parent":4206,"menu_order":0,"comment_status":"closed","ping_status":"closed","template":"grandchild-default-template-v2.php","meta":{"_acf_changed":false,"footnotes":""},"class_list":["post-4602","page","type-page","status-publish","has-post-thumbnail","hentry"],"acf":[],"_links":{"self":[{"href":"https:\/\/test.bekonomike.com\/sr\/wp-json\/wp\/v2\/pages\/4602","targetHints":{"allow":["GET"]}}],"collection":[{"href":"https:\/\/test.bekonomike.com\/sr\/wp-json\/wp\/v2\/pages"}],"about":[{"href":"https:\/\/test.bekonomike.com\/sr\/wp-json\/wp\/v2\/types\/page"}],"author":[{"embeddable":true,"href":"https:\/\/test.bekonomike.com\/sr\/wp-json\/wp\/v2\/users\/1"}],"replies":[{"embeddable":true,"href":"https:\/\/test.bekonomike.com\/sr\/wp-json\/wp\/v2\/comments?post=4602"}],"version-history":[{"count":3,"href":"https:\/\/test.bekonomike.com\/sr\/wp-json\/wp\/v2\/pages\/4602\/revisions"}],"predecessor-version":[{"id":5545,"href":"https:\/\/test.bekonomike.com\/sr\/wp-json\/wp\/v2\/pages\/4602\/revisions\/5545"}],"up":[{"embeddable":true,"href":"https:\/\/test.bekonomike.com\/sr\/wp-json\/wp\/v2\/pages\/4206"}],"wp:featuredmedia":[{"embeddable":true,"href":"https:\/\/test.bekonomike.com\/sr\/wp-json\/wp\/v2\/media\/6596"}],"wp:attachment":[{"href":"https:\/\/test.bekonomike.com\/sr\/wp-json\/wp\/v2\/media?parent=4602"}],"curies":[{"name":"wp","href":"https:\/\/api.w.org\/{rel}","templated":true}]}}