{"id":4608,"date":"2024-11-07T14:55:20","date_gmt":"2024-11-07T14:55:20","guid":{"rendered":"https:\/\/test.bekonomike.com\/investicije\/pozajmice\/overdraft-for-individuals\/"},"modified":"2025-05-05T09:59:46","modified_gmt":"2025-05-05T09:59:46","slug":"dozvoljeno-prekoracenje-za-fizicka-lica","status":"publish","type":"page","link":"https:\/\/test.bekonomike.com\/sr\/investicije\/pozajmice\/dozvoljeno-prekoracenje-za-fizicka-lica\/","title":{"rendered":"Dozvoljeno prekora\u010denje za fizi\u010dka lica"},"content":{"rendered":"<p>Ukoliko vam je potreban dodatni iznos sredstava na va\u0161em ra\u010dunu, mo\u017eete iskoristiti do 200% iznosa va\u0161e plate u bilo kom trenutku.<\/p>\n<p>\u00a0<\/p>\n<p>Dovoljno je da posedujete Li\u010dnu kartu i Ugovor o radu.<\/p>\n<ul>\n<li>Nije potreban kolateral,<\/li>\n<li>Nisu potrebni jemci,<\/li>\n<\/ul>\n<p> &nbsp;<br \/>\nVeoma brza i jednostavna procedura!<br \/>\n(ne uzimajte zajam \u2013 povucite sredstva sa svoje plate)<\/p>\n<p>\u00a0<\/p>\n<p>Va\u017ei za sve klijente koji primaju platu putem Banke Ekonomike.<\/p>\n","protected":false},"excerpt":{"rendered":"<p>Ukoliko vam je potreban dodatni iznos sredstava na va\u0161em ra\u010dunu, mo\u017eete iskoristiti do 200% iznosa va\u0161e plate u bilo kom trenutku. \u00a0 Dovoljno je da posedujete Li\u010dnu kartu i Ugovor o radu. Nije potreban kolateral, Nisu potrebni jemci, &nbsp; Veoma brza i jednostavna procedura! (ne uzimajte zajam \u2013 povucite sredstva sa svoje plate) \u00a0 Va\u017ei [&hellip;]<\/p>\n","protected":false},"author":1,"featured_media":8651,"parent":4206,"menu_order":0,"comment_status":"closed","ping_status":"closed","template":"grandchild-default-template-v2.php","meta":{"_acf_changed":false,"footnotes":""},"class_list":["post-4608","page","type-page","status-publish","has-post-thumbnail","hentry"],"acf":[],"_links":{"self":[{"href":"https:\/\/test.bekonomike.com\/sr\/wp-json\/wp\/v2\/pages\/4608","targetHints":{"allow":["GET"]}}],"collection":[{"href":"https:\/\/test.bekonomike.com\/sr\/wp-json\/wp\/v2\/pages"}],"about":[{"href":"https:\/\/test.bekonomike.com\/sr\/wp-json\/wp\/v2\/types\/page"}],"author":[{"embeddable":true,"href":"https:\/\/test.bekonomike.com\/sr\/wp-json\/wp\/v2\/users\/1"}],"replies":[{"embeddable":true,"href":"https:\/\/test.bekonomike.com\/sr\/wp-json\/wp\/v2\/comments?post=4608"}],"version-history":[{"count":2,"href":"https:\/\/test.bekonomike.com\/sr\/wp-json\/wp\/v2\/pages\/4608\/revisions"}],"predecessor-version":[{"id":5405,"href":"https:\/\/test.bekonomike.com\/sr\/wp-json\/wp\/v2\/pages\/4608\/revisions\/5405"}],"up":[{"embeddable":true,"href":"https:\/\/test.bekonomike.com\/sr\/wp-json\/wp\/v2\/pages\/4206"}],"wp:featuredmedia":[{"embeddable":true,"href":"https:\/\/test.bekonomike.com\/sr\/wp-json\/wp\/v2\/media\/8651"}],"wp:attachment":[{"href":"https:\/\/test.bekonomike.com\/sr\/wp-json\/wp\/v2\/media?parent=4608"}],"curies":[{"name":"wp","href":"https:\/\/api.w.org\/{rel}","templated":true}]}}