{"id":4623,"date":"2025-03-06T16:39:32","date_gmt":"2025-03-06T16:39:32","guid":{"rendered":"https:\/\/test.bekonomike.com\/investicije\/%d0%bf%d1%80%d0%be%d1%80%d0%b0%d1%87%d1%83%d0%bd\/basic-account\/"},"modified":"2025-05-02T13:15:50","modified_gmt":"2025-05-02T13:15:50","slug":"osnovni-nalog","status":"publish","type":"page","link":"https:\/\/test.bekonomike.com\/sr\/investicije\/nalog\/osnovni-nalog\/","title":{"rendered":"Osnovni nalog"},"content":{"rendered":"<p>Banka Ekonomike obave\u0161tava sve svoje klijente da po\u010dev\u0161i od 01. januara 2024. godine (na osnovu Uredbe CBK o Pristupu Ra\u010dunu Pla\u0107anja sa Osnovnim Uslugama), stupa na snagu ponuda ra\u010duna pla\u0107anja sa osnovnim uslugama za ugro\u017eene kategorije, sa osnovnim uslugama za upravljanje va\u0161im finansijama bez naknade.<\/p>\n<p>&nbsp;<\/p>\n<p>Usluge uklju\u010dene sa 0% provizije u Osnovnom Paketu teku\u0107eg ra\u010duna:<\/p>\n<ul>\n<li>Uplata u ekspozituri<\/li>\n<li>Uplata na bankomatu unutar banke \/ van banke<\/li>\n<li>Isplata u ekspozituri<\/li>\n<li>Isplata na bankomatu unutar banke \/ van banke<\/li>\n<li>Direktno zadu\u017eenje<\/li>\n<li>Pla\u0107anja putem debitne kartice \u2013 na POS terminalima<\/li>\n<li>Pla\u0107anja putem debitne kartice \u2013 Online\/E-Commerce<\/li>\n<li>Transferi unutar banke \u2013 u ekspozituri<\/li>\n<li>Transferi unutar banke \u2013 E-banking<\/li>\n<li>Transferi izme\u0111u ra\u010duna istog klijenta \u2013 u ekspozituri<\/li>\n<li>Transferi izme\u0111u ra\u010duna istog klijenta \u2013 E-banking<\/li>\n<li>Otvaranje ra\u010duna<\/li>\n<li>Odr\u017eavanje ra\u010duna<\/li>\n<li>Omogu\u0107avanje E-banking usluge<\/li>\n<li>Nalog za pla\u0107anje unutar banke<\/li>\n<\/ul>\n<p>&nbsp;<\/p>\n<p>Osnovni ra\u010dun se nudi isklju\u010divo u valuti EUR samo za nove i postoje\u0107e individualne klijente (fizi\u010dka lica).<\/p>\n<p>Za vi\u0161e informacija o osnovnom ra\u010dunu bez naknade za ugro\u017eene kategorije, molimo vas da posetite najbli\u017eu ekspozituru ili kontaktirate na\u0161 Kontakt Centar na brojeve telefona 038 500 500 i 049 733 322.<\/p>\n","protected":false},"excerpt":{"rendered":"<p>Banka Ekonomike obave\u0161tava sve svoje klijente da po\u010dev\u0161i od 01. januara 2024. godine (na osnovu Uredbe CBK o Pristupu Ra\u010dunu Pla\u0107anja sa Osnovnim Uslugama), stupa na snagu ponuda ra\u010duna pla\u0107anja sa osnovnim uslugama za ugro\u017eene kategorije, sa osnovnim uslugama za upravljanje va\u0161im finansijama bez naknade. &nbsp; Usluge uklju\u010dene sa 0% provizije u Osnovnom Paketu teku\u0107eg [&hellip;]<\/p>\n","protected":false},"author":1,"featured_media":6599,"parent":4611,"menu_order":0,"comment_status":"closed","ping_status":"closed","template":"grandchild-default-template-v1.php","meta":{"_acf_changed":false,"footnotes":""},"class_list":["post-4623","page","type-page","status-publish","has-post-thumbnail","hentry"],"acf":[],"_links":{"self":[{"href":"https:\/\/test.bekonomike.com\/sr\/wp-json\/wp\/v2\/pages\/4623","targetHints":{"allow":["GET"]}}],"collection":[{"href":"https:\/\/test.bekonomike.com\/sr\/wp-json\/wp\/v2\/pages"}],"about":[{"href":"https:\/\/test.bekonomike.com\/sr\/wp-json\/wp\/v2\/types\/page"}],"author":[{"embeddable":true,"href":"https:\/\/test.bekonomike.com\/sr\/wp-json\/wp\/v2\/users\/1"}],"replies":[{"embeddable":true,"href":"https:\/\/test.bekonomike.com\/sr\/wp-json\/wp\/v2\/comments?post=4623"}],"version-history":[{"count":2,"href":"https:\/\/test.bekonomike.com\/sr\/wp-json\/wp\/v2\/pages\/4623\/revisions"}],"predecessor-version":[{"id":5255,"href":"https:\/\/test.bekonomike.com\/sr\/wp-json\/wp\/v2\/pages\/4623\/revisions\/5255"}],"up":[{"embeddable":true,"href":"https:\/\/test.bekonomike.com\/sr\/wp-json\/wp\/v2\/pages\/4611"}],"wp:featuredmedia":[{"embeddable":true,"href":"https:\/\/test.bekonomike.com\/sr\/wp-json\/wp\/v2\/media\/6599"}],"wp:attachment":[{"href":"https:\/\/test.bekonomike.com\/sr\/wp-json\/wp\/v2\/media?parent=4623"}],"curies":[{"name":"wp","href":"https:\/\/api.w.org\/{rel}","templated":true}]}}