{"id":4629,"date":"2025-03-06T16:05:27","date_gmt":"2025-03-06T16:05:27","guid":{"rendered":"https:\/\/test.bekonomike.com\/investicije\/%d0%bf%d1%80%d0%be%d1%80%d0%b0%d1%87%d1%83%d0%bd\/student-account\/"},"modified":"2025-05-02T13:11:51","modified_gmt":"2025-05-02T13:11:51","slug":"studentski-nalog","status":"publish","type":"page","link":"https:\/\/test.bekonomike.com\/sr\/investicije\/nalog\/studentski-nalog\/","title":{"rendered":"Studentski nalog"},"content":{"rendered":"<p>Sa zadovoljstvom vas obave\u0161tavamo da smo lansirali novi proizvod za studente! Studentski paket je dizajniran da ponudi teku\u0107i ra\u010dun, debitnu karticu kao i \u0161tedni ra\u010dun \u2013 sve bez mese\u010dne naknade.<\/p>\n<p>Ovaj proizvod je dostupan za studente od 16 godina starosti.<\/p>\n<p>&nbsp;<\/p>\n<p>Sa studentskim ra\u010dunom, studenti mogu da iskoriste pogodnosti:<\/p>\n<ul>\n<li>Teku\u0107i ra\u010dun bez mese\u010dne naknade, koji im omogu\u0107ava da upravljaju svojim finansijama bez nepotrebnih briga.<\/li>\n<li>Debitna kartica za sigurne i jednostavne kupovine, pru\u017eaju\u0107i im prakti\u010dan na\u010din kori\u0161\u0107enja svog novca.<\/li>\n<li>\u0160tedni ra\u010dun, koji im omogu\u0107ava da izgrade siguran fond za budu\u0107nost i ostvare kamatu.<\/li>\n<li>Pored toga, nudimo posebnu knji\u017eicu\/bro\u0161uru za finansijsko obrazovanje studenata, gde mogu nau\u010diti kako da upravljaju finansijama, zna\u010daj \u0161tednje i kako da planiraju svoju budu\u0107nost.<\/li>\n<\/ul>\n<p>&nbsp;<\/p>\n<p>Pridru\u017eite nam se danas da saznate vi\u0161e i zapo\u010dnete svoje putovanje ka uspe\u0161nom upravljanju finansijama!<\/p>\n","protected":false},"excerpt":{"rendered":"<p>Sa zadovoljstvom vas obave\u0161tavamo da smo lansirali novi proizvod za studente! Studentski paket je dizajniran da ponudi teku\u0107i ra\u010dun, debitnu karticu kao i \u0161tedni ra\u010dun \u2013 sve bez mese\u010dne naknade. Ovaj proizvod je dostupan za studente od 16 godina starosti. &nbsp; Sa studentskim ra\u010dunom, studenti mogu da iskoriste pogodnosti: Teku\u0107i ra\u010dun bez mese\u010dne naknade, koji [&hellip;]<\/p>\n","protected":false},"author":1,"featured_media":0,"parent":4611,"menu_order":0,"comment_status":"closed","ping_status":"closed","template":"grandchild-default-template-v1.php","meta":{"_acf_changed":false,"footnotes":""},"class_list":["post-4629","page","type-page","status-publish","hentry"],"acf":[],"_links":{"self":[{"href":"https:\/\/test.bekonomike.com\/sr\/wp-json\/wp\/v2\/pages\/4629","targetHints":{"allow":["GET"]}}],"collection":[{"href":"https:\/\/test.bekonomike.com\/sr\/wp-json\/wp\/v2\/pages"}],"about":[{"href":"https:\/\/test.bekonomike.com\/sr\/wp-json\/wp\/v2\/types\/page"}],"author":[{"embeddable":true,"href":"https:\/\/test.bekonomike.com\/sr\/wp-json\/wp\/v2\/users\/1"}],"replies":[{"embeddable":true,"href":"https:\/\/test.bekonomike.com\/sr\/wp-json\/wp\/v2\/comments?post=4629"}],"version-history":[{"count":3,"href":"https:\/\/test.bekonomike.com\/sr\/wp-json\/wp\/v2\/pages\/4629\/revisions"}],"predecessor-version":[{"id":5253,"href":"https:\/\/test.bekonomike.com\/sr\/wp-json\/wp\/v2\/pages\/4629\/revisions\/5253"}],"up":[{"embeddable":true,"href":"https:\/\/test.bekonomike.com\/sr\/wp-json\/wp\/v2\/pages\/4611"}],"wp:attachment":[{"href":"https:\/\/test.bekonomike.com\/sr\/wp-json\/wp\/v2\/media?parent=4629"}],"curies":[{"name":"wp","href":"https:\/\/api.w.org\/{rel}","templated":true}]}}