{"id":4635,"date":"2024-11-07T15:12:17","date_gmt":"2024-11-07T15:12:17","guid":{"rendered":"https:\/\/test.bekonomike.com\/investicije\/usluge\/bek-mobile\/"},"modified":"2025-05-02T15:36:55","modified_gmt":"2025-05-02T15:36:55","slug":"bek-mobile","status":"publish","type":"page","link":"https:\/\/test.bekonomike.com\/sr\/investicije\/usluge\/bek-mobile\/","title":{"rendered":"BEK-Mobile"},"content":{"rendered":"<h3 class=\"\" data-start=\"75\" data-end=\"254\"><strong data-start=\"79\" data-end=\"93\">BEK-Mobile<\/strong> je elektronska usluga \u2013 sigurna, brza, jednostavna i efikasna \u2013 koja vam omogu\u0107ava pristup va\u0161em ra\u010dunu i izvr\u0161avanje bankarskih usluga putem mobilnog telefona.<\/h3>\n<hr class=\"\" data-start=\"256\" data-end=\"259\" \/>\n<h3 class=\"\" data-start=\"261\" data-end=\"294\"><strong data-start=\"265\" data-end=\"294\">BEK-Mobile vam omogu\u0107ava:<\/strong><\/h3>\n<ul>\n<li data-start=\"298\" data-end=\"368\">Pregled teku\u0107eg ra\u010duna, kredita, dozvoljenog minusa i va\u0161ih depozita<\/li>\n<li data-start=\"371\" data-end=\"435\">Ta\u010dan pregled svih sredstava kojima raspola\u017eete na svom ra\u010dunu<\/li>\n<li data-start=\"438\" data-end=\"510\">Izvr\u0161avanje nacionalnih i me\u0111unarodnih transfera u razli\u010ditim valutama<\/li>\n<li data-start=\"513\" data-end=\"579\">Elektronsku potvrdu za sve transakcije izvr\u0161ene putem E-bankinga<\/li>\n<li data-start=\"582\" data-end=\"619\">Upravljanje va\u0161im kreditnim karticama<\/li>\n<\/ul>\n<hr class=\"\" data-start=\"621\" data-end=\"624\" \/>\n<h3 class=\"\" data-start=\"626\" data-end=\"728\"><strong data-start=\"630\" data-end=\"728\">Sa BEK-Mobile aplikacijom Banke Ekonomike, putem inovativne opcije Scan Pay, omogu\u0107eno vam je:<\/strong><\/h3>\n<ul>\n<li data-start=\"732\" data-end=\"831\">Brzo i jednostavno pla\u0107anje svih KOS GYRO obaveza (Carina, KESCO, KRU Prishtina, TPL, TPL+ i dr.)<\/li>\n<li data-start=\"834\" data-end=\"948\">Brzo i jednostavno pla\u0107anje obaveza prema bud\u017eetskim organizacijama (Op\u0161tine, Poreska administracija, TRUST i dr.)<\/li>\n<\/ul>\n<hr class=\"\" data-start=\"950\" data-end=\"953\" \/>\n<h3 class=\"\" data-start=\"955\" data-end=\"1078\"><strong data-start=\"959\" data-end=\"972\">M-banking<\/strong> je idealno re\u0161enje za pra\u0107enje i upravljanje va\u0161im bankovnim ra\u010dunom na udoban, siguran i efikasan na\u010din.<\/h3>\n<p class=\"\" data-start=\"1080\" data-end=\"1165\">Sa aplikacijom <strong data-start=\"1095\" data-end=\"1109\">BEK-Mobile<\/strong> mo\u017eete brzo i lako izvr\u0161iti sve svoje bankarske usluge.<\/p>\n<p class=\"\" data-start=\"1167\" data-end=\"1259\">Sve \u0161to vam je potrebno jeste da preuzmete aplikaciju <strong data-start=\"1221\" data-end=\"1235\">BEK-Mobile<\/strong> na va\u0161 pametni telefon.<\/p>\n<p class=\"\" data-start=\"1261\" data-end=\"1324\">Ova bankarska usluga vam nudi <strong data-start=\"1291\" data-end=\"1323\">siguran pristup va\u0161em ra\u010dunu<\/strong>.<\/p>\n","protected":false},"excerpt":{"rendered":"<p>BEK-Mobile je elektronska usluga \u2013 sigurna, brza, jednostavna i efikasna \u2013 koja vam omogu\u0107ava pristup va\u0161em ra\u010dunu i izvr\u0161avanje bankarskih usluga putem mobilnog telefona. BEK-Mobile vam omogu\u0107ava: Pregled teku\u0107eg ra\u010duna, kredita, dozvoljenog minusa i va\u0161ih depozita Ta\u010dan pregled svih sredstava kojima raspola\u017eete na svom ra\u010dunu Izvr\u0161avanje nacionalnih i me\u0111unarodnih transfera u razli\u010ditim valutama Elektronsku potvrdu [&hellip;]<\/p>\n","protected":false},"author":1,"featured_media":6599,"parent":4113,"menu_order":0,"comment_status":"closed","ping_status":"closed","template":"grandchild-default-template-blog.php","meta":{"_acf_changed":false,"footnotes":""},"class_list":["post-4635","page","type-page","status-publish","has-post-thumbnail","hentry"],"acf":[],"_links":{"self":[{"href":"https:\/\/test.bekonomike.com\/sr\/wp-json\/wp\/v2\/pages\/4635","targetHints":{"allow":["GET"]}}],"collection":[{"href":"https:\/\/test.bekonomike.com\/sr\/wp-json\/wp\/v2\/pages"}],"about":[{"href":"https:\/\/test.bekonomike.com\/sr\/wp-json\/wp\/v2\/types\/page"}],"author":[{"embeddable":true,"href":"https:\/\/test.bekonomike.com\/sr\/wp-json\/wp\/v2\/users\/1"}],"replies":[{"embeddable":true,"href":"https:\/\/test.bekonomike.com\/sr\/wp-json\/wp\/v2\/comments?post=4635"}],"version-history":[{"count":3,"href":"https:\/\/test.bekonomike.com\/sr\/wp-json\/wp\/v2\/pages\/4635\/revisions"}],"predecessor-version":[{"id":6602,"href":"https:\/\/test.bekonomike.com\/sr\/wp-json\/wp\/v2\/pages\/4635\/revisions\/6602"}],"up":[{"embeddable":true,"href":"https:\/\/test.bekonomike.com\/sr\/wp-json\/wp\/v2\/pages\/4113"}],"wp:featuredmedia":[{"embeddable":true,"href":"https:\/\/test.bekonomike.com\/sr\/wp-json\/wp\/v2\/media\/6599"}],"wp:attachment":[{"href":"https:\/\/test.bekonomike.com\/sr\/wp-json\/wp\/v2\/media?parent=4635"}],"curies":[{"name":"wp","href":"https:\/\/api.w.org\/{rel}","templated":true}]}}