{"id":4686,"date":"2024-11-12T16:31:19","date_gmt":"2024-11-12T16:31:19","guid":{"rendered":"https:\/\/test.bekonomike.com\/briga-o-korisnicima\/kujdesi-ndaj-klienteve\/"},"modified":"2025-05-05T09:54:15","modified_gmt":"2025-05-05T09:54:15","slug":"korisnicka-podrska","status":"publish","type":"page","link":"https:\/\/test.bekonomike.com\/sr\/briga-o-korisnicima\/korisnicka-podrska\/","title":{"rendered":"Korisni\u010dka podr\u0161ka"},"content":{"rendered":"<p><strong>Banka Ekonomike je posve\u0107ena pru\u017eanju kvalitetnih, brzih i uvek ljubaznih usluga svim svojim klijentima, te je osnovala Jedinicu za brigu o klijentima kako bi osigurala efikasno procesuiranje va\u0161ih sugestija.<\/strong><\/p>\n<p>\u00a0<\/p>\n<p>Brzo re\u0161avanje sugestija i unapre\u0111enje procesa su klju\u010dni za odr\u017eavanje konkurentnog poslovanja i zadovoljnih klijenata.<\/p>\n","protected":false},"excerpt":{"rendered":"<p>Banka Ekonomike je posve\u0107ena pru\u017eanju kvalitetnih, brzih i uvek ljubaznih usluga svim svojim klijentima, te je osnovala Jedinicu za brigu o klijentima kako bi osigurala efikasno procesuiranje va\u0161ih sugestija. \u00a0 Brzo re\u0161avanje sugestija i unapre\u0111enje procesa su klju\u010dni za odr\u017eavanje konkurentnog poslovanja i zadovoljnih klijenata.<\/p>\n","protected":false},"author":1,"featured_media":6678,"parent":4232,"menu_order":0,"comment_status":"closed","ping_status":"closed","template":"content-template-v2.php","meta":{"_acf_changed":false,"footnotes":""},"class_list":["post-4686","page","type-page","status-publish","has-post-thumbnail","hentry"],"acf":[],"_links":{"self":[{"href":"https:\/\/test.bekonomike.com\/sr\/wp-json\/wp\/v2\/pages\/4686","targetHints":{"allow":["GET"]}}],"collection":[{"href":"https:\/\/test.bekonomike.com\/sr\/wp-json\/wp\/v2\/pages"}],"about":[{"href":"https:\/\/test.bekonomike.com\/sr\/wp-json\/wp\/v2\/types\/page"}],"author":[{"embeddable":true,"href":"https:\/\/test.bekonomike.com\/sr\/wp-json\/wp\/v2\/users\/1"}],"replies":[{"embeddable":true,"href":"https:\/\/test.bekonomike.com\/sr\/wp-json\/wp\/v2\/comments?post=4686"}],"version-history":[{"count":3,"href":"https:\/\/test.bekonomike.com\/sr\/wp-json\/wp\/v2\/pages\/4686\/revisions"}],"predecessor-version":[{"id":5388,"href":"https:\/\/test.bekonomike.com\/sr\/wp-json\/wp\/v2\/pages\/4686\/revisions\/5388"}],"up":[{"embeddable":true,"href":"https:\/\/test.bekonomike.com\/sr\/wp-json\/wp\/v2\/pages\/4232"}],"wp:featuredmedia":[{"embeddable":true,"href":"https:\/\/test.bekonomike.com\/sr\/wp-json\/wp\/v2\/media\/6678"}],"wp:attachment":[{"href":"https:\/\/test.bekonomike.com\/sr\/wp-json\/wp\/v2\/media?parent=4686"}],"curies":[{"name":"wp","href":"https:\/\/api.w.org\/{rel}","templated":true}]}}