{"id":4710,"date":"2024-11-12T09:00:17","date_gmt":"2024-11-12T09:00:17","guid":{"rendered":"https:\/\/test.bekonomike.com\/legal-information\/"},"modified":"2025-05-27T12:54:48","modified_gmt":"2025-05-27T12:54:48","slug":"pravne-informacije","status":"publish","type":"page","link":"https:\/\/test.bekonomike.com\/sr\/pravne-informacije\/","title":{"rendered":"Pravne informacije"},"content":{"rendered":"<p><strong>Vlasni\u0161tvo i Odgovornosti<\/strong><\/p>\n<p>&nbsp;<\/p>\n<p>Ova veb stranica, njen domen i sav sadr\u017eaj koji je na njoj prikazan (uklju\u010duju\u0107i, ali ne ograni\u010davaju\u0107i se na vizuelni, audiovizuelni i\/ili pisani sadr\u017eaj) su vlasni\u0161tvo Banke Ekonomike, osim ako nije druga\u010dije nazna\u010deno. Ceo ovaj sadr\u017eaj podle\u017ee autorskim pravima i pravima intelektualne svojine, ili drugim primenjivim pravima. Banka Ekonomike mo\u017ee preduzeti odgovaraju\u0107e pravne mere za bilo kakvu zloupotrebu, kopiranje, izmenu, reprodukciju, prenos, distribuciju, u celini ili delimi\u010dno, u bilo koju svrhu (uklju\u010duju\u0107i, ali ne ograni\u010davaju\u0107i se na komercijalne svrhe), ili bilo koju drugu eksploataciju u obliku koji nije ovla\u0161\u0107en od strane vas kao korisnika ove veb stranice. Radi izbegavanja sumnje, nijedna od ovih radnji nije dozvoljena bez prethodnog pisanog odobrenja Banke Ekonomike. Nastavkom kori\u0161\u0107enja ove veb stranice, razumete i saglasni ste da ste u potpunosti odgovorni za nadoknadu \u0161tete Banci Ekonomike u vezi sa bilo kakvim potra\u017eivanjem, odgovorno\u0161\u0107u, \u0161tetom, gubitkom, tro\u0161kovima, uklju\u010duju\u0107i pravne tro\u0161kove, koje snosi Banka Ekonomike usled bilo kakve zloupotrebe iz ovog pasusa od strane vas, ili kao rezultat va\u0161eg neregularnog ili nezakonitog kori\u0161\u0107enja ove veb stranice sa relevantnog ure\u0111aja ili internet konekcije.<\/p>\n<p>&nbsp;<\/p>\n<p><strong>Informacije i Izmene Informacija<\/strong><\/p>\n<p>&nbsp;<\/p>\n<p>Ova veb stranica ima za cilj da informi\u0161e svoje korisnike o svim proizvodima i uslugama koje Banka Ekonomike nudi fizi\u010dkim i pravnim licima, u skladu sa <a style=\"text-decoration: underline;\" href=\"https:\/\/test.bekonomike.com\/kujdesi-ndaj-klienteve\/kushtet-e-pergjithshme-te-afarizmit-te-bankes\/\">Op\u0161tim uslovima poslovanja Banke Ekonomike<\/a> i <a style=\"text-decoration: underline;\" href=\"\/?page_id=4560\">Va\u017ee\u0107im Cenovnikom<\/a>. Banka Ekonomike mo\u017ee izmeniti sadr\u017eaj ove veb stranice u bilo kom trenutku, prema sopstvenoj diskreciji, bez obaveze da unapred obavesti korisnike, osim ako nije izri\u010dito druga\u010dije predvi\u0111eno, u kom slu\u010daju \u0107e Banka Ekonomike objaviti izmene na ovoj veb stranici. U svakom slu\u010daju, nastavkom kori\u0161\u0107enja ove veb stranice smatra\u0107e se da ste razumeli i prihvatili te izmene. Banka Ekonomike \u0107e ulo\u017eiti najbolje napore da obezbedi stabilnost ove veb stranice u slu\u010daju prekida pristupa, ali to ne garantuje u potpunosti i u svakom trenutku, uklju\u010duju\u0107i ali ne ograni\u010davaju\u0107i se na faktore van kontrole i\/ili predvi\u0111anja Banke Ekonomike.<\/p>\n<p>&nbsp;<\/p>\n<p><strong>Kori\u0161\u0107enje Veb Stranice<\/strong><\/p>\n<p>Iako Banka Ekonomike ula\u017ee najbolje napore da obezbedi ta\u010dnost sadr\u017eaja i sigurnost ove veb stranice, nije odgovorna za bilo kakve posledice i\/ili eventualnu \u0161tetu, direktnu ili indirektnu, koja mo\u017ee nastati kao rezultat va\u0161eg kori\u0161\u0107enja ove veb stranice i\/ili njenog sadr\u017eaja. Va\u0161e kori\u0161\u0107enje ove veb stranice namenjeno je isklju\u010divo za li\u010dnu upotrebu i informativne svrhe. Banka Ekonomike nije odgovorna za va\u0161e ispravno ili pogre\u0161no razumevanje informacija prikazanih na ovoj veb stranici. Sadr\u017eaj\/informacije objavljene na ovoj veb stranici ni u kom slu\u010daju ne predstavljaju savet bilo koje vrste, finansijski, kreditni ili drugi, na osnovu kojeg se mo\u017ee doneti odluka. Banka Ekonomike ne odgovara za i ne garantuje sadr\u017eaj eksternih veb stranica koje mogu biti prikazane kao linkovi na ovoj veb stranici.<\/p>\n<p>&nbsp;<\/p>\n<p><strong>Va\u017eenje Uslova Kori\u0161\u0107enja i Primenjivi Zakoni<\/strong><\/p>\n<p>&nbsp;<\/p>\n<p>Ne mo\u017eete preneti ove Uslove kori\u0161\u0107enja, uklju\u010duju\u0107i bilo koje va\u0161e pravo i\/ili obavezu prema ovim Uslovima kori\u0161\u0107enja. Razumete i saglasni ste da Banka Ekonomike nema dodatnu obavezu da obezbedi ove Uslove kori\u0161\u0107enja u bilo kom drugom obliku ili komunikacionom kanalu osim na\u010dina na koji su dostupni, odnosno u ovom digitalnom formatu. Ukoliko bilo koji deo ovih Uslova kori\u0161\u0107enja bude progla\u0161en neva\u017ee\u0107im od strane nadle\u017enog suda u skladu sa zakonodavstvom Republike Kosovo, neva\u017eenje tog dela ne\u0107e uticati na va\u017eenje preostalih delova ovih Uslova kori\u0161\u0107enja, koji \u0107e ostati u punoj pravnoj snazi. Nastavkom kori\u0161\u0107enja ove veb stranice, saglasni ste da se ovi Uslovi kori\u0161\u0107enja ure\u0111uju prema ovom zakonodavstvu i da \u0107e se eventualni sporovi re\u0161avati pred nadle\u017enim sudom u Republici Kosovo.<\/p>\n<p>&nbsp;<\/p>\n<p><strong>Obave\u0161tenje o Privatnosti, Za\u0161tita Li\u010dnih Podataka i Kola\u010di\u0107i<\/strong><\/p>\n<p>&nbsp;<\/p>\n<p>Banka Ekonomike ostaje u potpunosti posve\u0107ena za\u0161titi va\u0161ih li\u010dnih podataka koji se prikupljaju kao rezultat kori\u0161\u0107enja ove veb stranice. Za vi\u0161e detalja, molimo vas da pogledate odeljak o <a style=\"text-decoration: underline;\" href=\"https:\/\/test.bekonomike.com\/mbrojtja-e-te-dhenave-personale\/\">Za\u0161titi li\u010dnih podataka i upotrebi kola\u010di\u0107a<\/a>.<\/p>\n","protected":false},"excerpt":{"rendered":"<p>Vlasni\u0161tvo i Odgovornosti &nbsp; Ova veb stranica, njen domen i sav sadr\u017eaj koji je na njoj prikazan (uklju\u010duju\u0107i, ali ne ograni\u010davaju\u0107i se na vizuelni, audiovizuelni i\/ili pisani sadr\u017eaj) su vlasni\u0161tvo Banke Ekonomike, osim ako nije druga\u010dije nazna\u010deno. Ceo ovaj sadr\u017eaj podle\u017ee autorskim pravima i pravima intelektualne svojine, ili drugim primenjivim pravima. Banka Ekonomike mo\u017ee preduzeti [&hellip;]<\/p>\n","protected":false},"author":1,"featured_media":6700,"parent":0,"menu_order":0,"comment_status":"closed","ping_status":"closed","template":"content-template.php","meta":{"_acf_changed":false,"footnotes":""},"class_list":["post-4710","page","type-page","status-publish","has-post-thumbnail","hentry"],"acf":[],"_links":{"self":[{"href":"https:\/\/test.bekonomike.com\/sr\/wp-json\/wp\/v2\/pages\/4710","targetHints":{"allow":["GET"]}}],"collection":[{"href":"https:\/\/test.bekonomike.com\/sr\/wp-json\/wp\/v2\/pages"}],"about":[{"href":"https:\/\/test.bekonomike.com\/sr\/wp-json\/wp\/v2\/types\/page"}],"author":[{"embeddable":true,"href":"https:\/\/test.bekonomike.com\/sr\/wp-json\/wp\/v2\/users\/1"}],"replies":[{"embeddable":true,"href":"https:\/\/test.bekonomike.com\/sr\/wp-json\/wp\/v2\/comments?post=4710"}],"version-history":[{"count":4,"href":"https:\/\/test.bekonomike.com\/sr\/wp-json\/wp\/v2\/pages\/4710\/revisions"}],"predecessor-version":[{"id":5480,"href":"https:\/\/test.bekonomike.com\/sr\/wp-json\/wp\/v2\/pages\/4710\/revisions\/5480"}],"wp:featuredmedia":[{"embeddable":true,"href":"https:\/\/test.bekonomike.com\/sr\/wp-json\/wp\/v2\/media\/6700"}],"wp:attachment":[{"href":"https:\/\/test.bekonomike.com\/sr\/wp-json\/wp\/v2\/media?parent=4710"}],"curies":[{"name":"wp","href":"https:\/\/api.w.org\/{rel}","templated":true}]}}