{"id":4744,"date":"2024-11-08T16:19:36","date_gmt":"2024-11-08T16:19:36","guid":{"rendered":"https:\/\/test.bekonomike.com\/leasing\/apartments-and-houses\/"},"modified":"2025-05-02T13:46:33","modified_gmt":"2025-05-02T13:46:33","slug":"stanovi-i-kuce","status":"publish","type":"page","link":"https:\/\/test.bekonomike.com\/sr\/zakup\/stanovi-i-kuce\/","title":{"rendered":"Stanovi i kuc\u0301e"},"content":{"rendered":"<p><strong>Razmi\u0161ljate o boljem standardu \u017eivota? Onda smo mi izbor koji vam treba, nude\u0107i vam finansiranje za nekretnine za domove i stanove.<\/strong><\/p>\n<h3>Uslovi:<\/h3>\n<ul>\n<li>U\u010de\u0161\u0107e klijenta po\u010dinje od 10%<\/li>\n<li>Maksimalni period finansiranja do 360 meseci<\/li>\n<\/ul>\n<h3>Segmenti koji se finansiraju:<\/h3>\n<ul>\n<li>Fizi\u010dka lica<\/li>\n<li>Ne-rezidenti<\/li>\n<li>Preduze\u0107a (MSP)<\/li>\n<li>Korporacije (velika preduze\u0107a)<\/li>\n<\/ul>\n<h3>Potrebna dokumentacija za apliciranje<\/h3>\n<h4>Segment fizi\u010dkih lica:<\/h4>\n<ul>\n<li>Profaktura izdata od strane prodavca na ime Banka Ekonomike \u2013 koja uklju\u010duje ponu\u0111enu cenu i podatke o izabranom domu ili stanu<\/li>\n<li>Identifikaciona dokumenta<\/li>\n<li>Ugovor o radu izdat od strane poslodavca<\/li>\n<li>Izvod sa ra\u010duna za poslednjih 6 meseci<\/li>\n<li>Bankarska aplikacija za finansiranje putem lizinga<\/li>\n<\/ul>\n<h4>Segment preduze\u0107a i korporacija (pravna lica):<\/h4>\n<ul>\n<li>Profaktura izdata od strane prodavca na ime Banka Ekonomike \u2013 koja uklju\u010duje ponu\u0111enu cenu i podatke o izabranom domu ili stanu<\/li>\n<li>Pravna dokumentacija<\/li>\n<li>Bankarska aplikacija za finansiranje putem lizinga<\/li>\n<li>Finansijska dokumentacija<\/li>\n<\/ul>\n","protected":false},"excerpt":{"rendered":"<p>Razmi\u0161ljate o boljem standardu \u017eivota? Onda smo mi izbor koji vam treba, nude\u0107i vam finansiranje za nekretnine za domove i stanove. Uslovi: U\u010de\u0161\u0107e klijenta po\u010dinje od 10% Maksimalni period finansiranja do 360 meseci Segmenti koji se finansiraju: Fizi\u010dka lica Ne-rezidenti Preduze\u0107a (MSP) Korporacije (velika preduze\u0107a) Potrebna dokumentacija za apliciranje Segment fizi\u010dkih lica: Profaktura izdata od [&hellip;]<\/p>\n","protected":false},"author":1,"featured_media":6709,"parent":3633,"menu_order":0,"comment_status":"closed","ping_status":"closed","template":"grandchild-default-template-v3.php","meta":{"_acf_changed":false,"footnotes":""},"class_list":["post-4744","page","type-page","status-publish","has-post-thumbnail","hentry"],"acf":[],"_links":{"self":[{"href":"https:\/\/test.bekonomike.com\/sr\/wp-json\/wp\/v2\/pages\/4744","targetHints":{"allow":["GET"]}}],"collection":[{"href":"https:\/\/test.bekonomike.com\/sr\/wp-json\/wp\/v2\/pages"}],"about":[{"href":"https:\/\/test.bekonomike.com\/sr\/wp-json\/wp\/v2\/types\/page"}],"author":[{"embeddable":true,"href":"https:\/\/test.bekonomike.com\/sr\/wp-json\/wp\/v2\/users\/1"}],"replies":[{"embeddable":true,"href":"https:\/\/test.bekonomike.com\/sr\/wp-json\/wp\/v2\/comments?post=4744"}],"version-history":[{"count":2,"href":"https:\/\/test.bekonomike.com\/sr\/wp-json\/wp\/v2\/pages\/4744\/revisions"}],"predecessor-version":[{"id":5283,"href":"https:\/\/test.bekonomike.com\/sr\/wp-json\/wp\/v2\/pages\/4744\/revisions\/5283"}],"up":[{"embeddable":true,"href":"https:\/\/test.bekonomike.com\/sr\/wp-json\/wp\/v2\/pages\/3633"}],"wp:featuredmedia":[{"embeddable":true,"href":"https:\/\/test.bekonomike.com\/sr\/wp-json\/wp\/v2\/media\/6709"}],"wp:attachment":[{"href":"https:\/\/test.bekonomike.com\/sr\/wp-json\/wp\/v2\/media?parent=4744"}],"curies":[{"name":"wp","href":"https:\/\/api.w.org\/{rel}","templated":true}]}}