{"id":4752,"date":"2024-11-08T16:39:55","date_gmt":"2024-11-08T16:39:55","guid":{"rendered":"https:\/\/test.bekonomike.com\/%d0%bb%d0%b8%d0%b7%d0%b8%d0%bd%d0%b3\/stock-financing\/"},"modified":"2025-05-02T14:11:55","modified_gmt":"2025-05-02T14:11:55","slug":"finansiranje-akcija","status":"publish","type":"page","link":"https:\/\/test.bekonomike.com\/sr\/zakup\/finansiranje-akcija\/","title":{"rendered":"Finansiranje akcija"},"content":{"rendered":"<p><strong>Potra\u017enja u autoindustriji nastavlja da raste, autosaloni \u017eele da pove\u0107aju svoj stok i rezervi\u0161u proizvodnju novih vozila, mi smo pravi partneri koji omogu\u0107avaju finansiranje proizvoda Stock Finance kao prvi na bankarskom tr\u017ei\u0161tu.<\/strong><\/p>\n<p>Olak\u0161avanje poslovanja na\u0161ih partnera je na\u0161 prioritet.<\/p>\n<h3>Uslovi:<\/h3>\n<ul>\n<li>U\u010de\u0161\u0107e klijenta po\u010dinje od 20%<\/li>\n<li>Maksimalni period finansiranja do 12 meseci<\/li>\n<\/ul>\n<h3>Finansira se:<\/h3>\n<ul>\n<li>Autosaloni<\/li>\n<\/ul>\n<h3>Potrebna dokumentacija za apliciranje:<\/h3>\n<h4>Segment preduze\u0107a i korporacija (pravna lica):<\/h4>\n<ul>\n<li>Pravna dokumentacija<\/li>\n<li>Bankarska aplikacija za finansiranje putem lizinga<\/li>\n<li>Finansijska dokumentacija<\/li>\n<\/ul>\n<h3>Za vi\u0161e informacija, kontaktirajte nas:<\/h3>\n<p>Email: <a href=\"mailto:lizing@bekonomike.com\">lizing@bekonomike.com<\/a><\/p>\n<p>Telefon: +383 (0) 38 500 500 ext 321<\/p>\n","protected":false},"excerpt":{"rendered":"<p>Potra\u017enja u autoindustriji nastavlja da raste, autosaloni \u017eele da pove\u0107aju svoj stok i rezervi\u0161u proizvodnju novih vozila, mi smo pravi partneri koji omogu\u0107avaju finansiranje proizvoda Stock Finance kao prvi na bankarskom tr\u017ei\u0161tu. Olak\u0161avanje poslovanja na\u0161ih partnera je na\u0161 prioritet. Uslovi: U\u010de\u0161\u0107e klijenta po\u010dinje od 20% Maksimalni period finansiranja do 12 meseci Finansira se: Autosaloni Potrebna [&hellip;]<\/p>\n","protected":false},"author":1,"featured_media":6723,"parent":3633,"menu_order":0,"comment_status":"closed","ping_status":"closed","template":"grandchild-default-template-v3.php","meta":{"_acf_changed":false,"footnotes":""},"class_list":["post-4752","page","type-page","status-publish","has-post-thumbnail","hentry"],"acf":[],"_links":{"self":[{"href":"https:\/\/test.bekonomike.com\/sr\/wp-json\/wp\/v2\/pages\/4752","targetHints":{"allow":["GET"]}}],"collection":[{"href":"https:\/\/test.bekonomike.com\/sr\/wp-json\/wp\/v2\/pages"}],"about":[{"href":"https:\/\/test.bekonomike.com\/sr\/wp-json\/wp\/v2\/types\/page"}],"author":[{"embeddable":true,"href":"https:\/\/test.bekonomike.com\/sr\/wp-json\/wp\/v2\/users\/1"}],"replies":[{"embeddable":true,"href":"https:\/\/test.bekonomike.com\/sr\/wp-json\/wp\/v2\/comments?post=4752"}],"version-history":[{"count":2,"href":"https:\/\/test.bekonomike.com\/sr\/wp-json\/wp\/v2\/pages\/4752\/revisions"}],"predecessor-version":[{"id":5302,"href":"https:\/\/test.bekonomike.com\/sr\/wp-json\/wp\/v2\/pages\/4752\/revisions\/5302"}],"up":[{"embeddable":true,"href":"https:\/\/test.bekonomike.com\/sr\/wp-json\/wp\/v2\/pages\/3633"}],"wp:featuredmedia":[{"embeddable":true,"href":"https:\/\/test.bekonomike.com\/sr\/wp-json\/wp\/v2\/media\/6723"}],"wp:attachment":[{"href":"https:\/\/test.bekonomike.com\/sr\/wp-json\/wp\/v2\/media?parent=4752"}],"curies":[{"name":"wp","href":"https:\/\/api.w.org\/{rel}","templated":true}]}}